{"id":861,"date":"2019-05-15T13:17:36","date_gmt":"2019-05-15T20:17:36","guid":{"rendered":"https:\/\/www.blairramirezlaw.com\/los-angeles-truck-accident-attorney"},"modified":"2026-03-30T12:49:29","modified_gmt":"2026-03-30T19:49:29","slug":"los-angeles-abogados-accidente-de-camiones","status":"publish","type":"page","link":"https:\/\/www.blairramirezlaw.com\/es\/los-angeles-abogados-accidente-de-camiones","title":{"rendered":"Abogado de Accidentes de Camiones en Los \u00c1ngeles"},"content":{"rendered":"<div id=\"cs-content\" class=\"cs-content\"><\/div>\n","protected":false},"excerpt":{"rendered":"<p>Abogado de accidente de cami&oacute;n en Los &Aacute;ngeles En esta p\u00e1gina 5 pasos cruciales a seguir despu&eacute;s de un accidente de cami&oacute;n en CaliforniaProcedimiento de reclamaciones de seguro de accidentes de camionesEstimaci&oacute;n de la compensaci&oacute;n despu&eacute;s de un accidente de cami&oacute;nAl comprender su casoTipos de impacto de accidentes de camiones aqu&iacute; en Los &Aacute;ngelesHablar con un abogado Solicite una consulta ... <a href=\"https:\/\/www.blairramirezlaw.com\/es\/los-angeles-abogados-accidente-de-camiones\" class=\"more-link\">Read More<\/a><\/p>\n","protected":false},"author":11,"featured_media":7045,"parent":0,"menu_order":0,"comment_status":"closed","ping_status":"closed","template":"template-blank-4.php","meta":{"_acf_changed":false,"inline_featured_image":false,"footnotes":""},"class_list":["post-861","page","type-page","status-publish","has-post-thumbnail","hentry"],"acf":[],"yoast_head":"<!-- This site is optimized with the Yoast SEO plugin v27.4 - https:\/\/yoast.com\/product\/yoast-seo-wordpress\/ -->\n<title>Abogado de Accidentes de Camiones en Los Angeles | 17 millones recuperados<\/title>\n<meta name=\"description\" content=\"Blair &amp; Ramirez LLP es un abogado de accidentes de camiones en Los \u00c1ngeles. Si usted o un ser querido ha resultado herido o asesinado, ll\u00e1menos hoy para una consulta gratuita.\" \/>\n<meta name=\"robots\" content=\"index, follow, max-snippet:-1, max-image-preview:large, max-video-preview:-1\" \/>\n<link rel=\"canonical\" href=\"https:\/\/www.blairramirezlaw.com\/es\/los-angeles-abogados-accidente-de-camiones\" \/>\n<meta property=\"og:locale\" content=\"es_ES\" \/>\n<meta property=\"og:type\" content=\"article\" \/>\n<meta property=\"og:title\" content=\"Abogado de Accidentes de Camiones en Los Angeles | 17 millones recuperados\" \/>\n<meta property=\"og:description\" content=\"\u00bfLesionado en un accidente de cami\u00f3n en Los \u00c1ngeles? Blair &amp; Ramirez lucha por la m\u00e1xima compensaci\u00f3n. 15 a\u00f1os de experiencia y resultados comprobados de 7 cifras.\" \/>\n<meta property=\"og:url\" content=\"https:\/\/www.blairramirezlaw.com\/es\/los-angeles-abogados-accidente-de-camiones\" \/>\n<meta property=\"og:site_name\" content=\"Blair &amp; Ramirez LLP\" \/>\n<meta property=\"article:publisher\" content=\"https:\/\/www.facebook.com\/blairramirezlaw\/\" \/>\n<meta property=\"article:modified_time\" content=\"2026-03-30T19:49:29+00:00\" \/>\n<meta property=\"og:image\" content=\"https:\/\/www.blairramirezlaw.com\/wp-content\/uploads\/2025\/05\/Abogado-de-accidente-de-camion-en-Los-Angeles.webp\" \/>\n\t<meta property=\"og:image:width\" content=\"1640\" \/>\n\t<meta property=\"og:image:height\" content=\"840\" \/>\n\t<meta property=\"og:image:type\" content=\"image\/webp\" \/>\n<meta name=\"twitter:card\" content=\"summary_large_image\" \/>\n<meta name=\"twitter:title\" content=\"Abogado de Accidentes de Camiones en Los Angeles | 17 millones recuperados\" \/>\n<meta name=\"twitter:description\" content=\"\u00bfLesionado en un accidente de cami\u00f3n en Los \u00c1ngeles? Blair &amp; Ramirez lucha por la m\u00e1xima compensaci\u00f3n. 15 a\u00f1os de experiencia y resultados comprobados de 7 cifras.\" \/>\n<meta name=\"twitter:image\" content=\"https:\/\/www.blairramirezlaw.com\/wp-content\/uploads\/2025\/05\/Abogado-de-accidente-de-camion-en-Los-Angeles.webp\" \/>\n<meta name=\"twitter:site\" content=\"@blairramirezllp\" \/>\n<meta name=\"twitter:label1\" content=\"Est. reading time\" \/>\n\t<meta name=\"twitter:data1\" content=\"46 minutos\" \/>\n<script type=\"application\/ld+json\" class=\"yoast-schema-graph\">{\"@context\":\"https:\\\/\\\/schema.org\",\"@graph\":[{\"@type\":\"WebPage\",\"@id\":\"https:\\\/\\\/www.blairramirezlaw.com\\\/es\\\/los-angeles-abogados-accidente-de-camiones\",\"url\":\"https:\\\/\\\/www.blairramirezlaw.com\\\/es\\\/los-angeles-abogados-accidente-de-camiones\",\"name\":\"Abogado de Accidentes de Camiones en Los Angeles | 17 millones recuperados\",\"isPartOf\":{\"@id\":\"https:\\\/\\\/www.blairramirezlaw.com\\\/es#website\"},\"primaryImageOfPage\":{\"@id\":\"https:\\\/\\\/www.blairramirezlaw.com\\\/es\\\/los-angeles-abogados-accidente-de-camiones#primaryimage\"},\"image\":{\"@id\":\"https:\\\/\\\/www.blairramirezlaw.com\\\/es\\\/los-angeles-abogados-accidente-de-camiones#primaryimage\"},\"thumbnailUrl\":\"https:\\\/\\\/www.blairramirezlaw.com\\\/wp-content\\\/uploads\\\/2025\\\/05\\\/Abogado-de-accidente-de-camion-en-Los-Angeles.webp\",\"datePublished\":\"2019-05-15T20:17:36+00:00\",\"dateModified\":\"2026-03-30T19:49:29+00:00\",\"description\":\"Blair & Ramirez LLP es un abogado de accidentes de camiones en Los \u00c1ngeles. Si usted o un ser querido ha resultado herido o asesinado, ll\u00e1menos hoy para una consulta gratuita.\",\"breadcrumb\":{\"@id\":\"https:\\\/\\\/www.blairramirezlaw.com\\\/es\\\/los-angeles-abogados-accidente-de-camiones#breadcrumb\"},\"inLanguage\":\"es\",\"potentialAction\":[{\"@type\":\"ReadAction\",\"target\":[\"https:\\\/\\\/www.blairramirezlaw.com\\\/es\\\/los-angeles-abogados-accidente-de-camiones\"]}]},{\"@type\":\"ImageObject\",\"inLanguage\":\"es\",\"@id\":\"https:\\\/\\\/www.blairramirezlaw.com\\\/es\\\/los-angeles-abogados-accidente-de-camiones#primaryimage\",\"url\":\"https:\\\/\\\/www.blairramirezlaw.com\\\/wp-content\\\/uploads\\\/2025\\\/05\\\/Abogado-de-accidente-de-camion-en-Los-Angeles.webp\",\"contentUrl\":\"https:\\\/\\\/www.blairramirezlaw.com\\\/wp-content\\\/uploads\\\/2025\\\/05\\\/Abogado-de-accidente-de-camion-en-Los-Angeles.webp\",\"width\":1640,\"height\":840,\"caption\":\"Abogado de accidente de cami\u00f3n en Los \u00c1ngeles\"},{\"@type\":\"BreadcrumbList\",\"@id\":\"https:\\\/\\\/www.blairramirezlaw.com\\\/es\\\/los-angeles-abogados-accidente-de-camiones#breadcrumb\",\"itemListElement\":[{\"@type\":\"ListItem\",\"position\":1,\"name\":\"Home\",\"item\":\"https:\\\/\\\/www.blairramirezlaw.com\\\/es\"},{\"@type\":\"ListItem\",\"position\":2,\"name\":\"Abogado de Accidentes de Camiones en Los \u00c1ngeles\"}]},{\"@type\":\"WebSite\",\"@id\":\"https:\\\/\\\/www.blairramirezlaw.com\\\/es#website\",\"url\":\"https:\\\/\\\/www.blairramirezlaw.com\\\/es\",\"name\":\"Blair & Ramirez LLP\",\"description\":\"\",\"publisher\":{\"@id\":\"https:\\\/\\\/www.blairramirezlaw.com\\\/es#organization\"},\"potentialAction\":[{\"@type\":\"SearchAction\",\"target\":{\"@type\":\"EntryPoint\",\"urlTemplate\":\"https:\\\/\\\/www.blairramirezlaw.com\\\/es?s={search_term_string}\"},\"query-input\":{\"@type\":\"PropertyValueSpecification\",\"valueRequired\":true,\"valueName\":\"search_term_string\"}}],\"inLanguage\":\"es\"},{\"@type\":\"Organization\",\"@id\":\"https:\\\/\\\/www.blairramirezlaw.com\\\/es#organization\",\"name\":\"Blair & Ramirez LLP\",\"url\":\"https:\\\/\\\/www.blairramirezlaw.com\\\/es\",\"logo\":{\"@type\":\"ImageObject\",\"inLanguage\":\"es\",\"@id\":\"https:\\\/\\\/www.blairramirezlaw.com\\\/es#\\\/schema\\\/logo\\\/image\\\/\",\"url\":\"https:\\\/\\\/www.blairramirezlaw.com\\\/wp-content\\\/uploads\\\/2024\\\/08\\\/BR-logo.jpg\",\"contentUrl\":\"https:\\\/\\\/www.blairramirezlaw.com\\\/wp-content\\\/uploads\\\/2024\\\/08\\\/BR-logo.jpg\",\"width\":2000,\"height\":1045,\"caption\":\"Blair & Ramirez LLP\"},\"image\":{\"@id\":\"https:\\\/\\\/www.blairramirezlaw.com\\\/es#\\\/schema\\\/logo\\\/image\\\/\"},\"sameAs\":[\"https:\\\/\\\/www.facebook.com\\\/blairramirezlaw\\\/\",\"https:\\\/\\\/x.com\\\/blairramirezllp\"]}]}<\/script>\n<!-- \/ Yoast SEO plugin. -->","yoast_head_json":{"title":"Abogado de Accidentes de Camiones en Los Angeles | 17 millones recuperados","description":"Blair & Ramirez LLP es un abogado de accidentes de camiones en Los \u00c1ngeles. Si usted o un ser querido ha resultado herido o asesinado, ll\u00e1menos hoy para una consulta gratuita.","robots":{"index":"index","follow":"follow","max-snippet":"max-snippet:-1","max-image-preview":"max-image-preview:large","max-video-preview":"max-video-preview:-1"},"canonical":"https:\/\/www.blairramirezlaw.com\/es\/los-angeles-abogados-accidente-de-camiones","og_locale":"es_ES","og_type":"article","og_title":"Abogado de Accidentes de Camiones en Los Angeles | 17 millones recuperados","og_description":"\u00bfLesionado en un accidente de cami\u00f3n en Los \u00c1ngeles? Blair & Ramirez lucha por la m\u00e1xima compensaci\u00f3n. 15 a\u00f1os de experiencia y resultados comprobados de 7 cifras.","og_url":"https:\/\/www.blairramirezlaw.com\/es\/los-angeles-abogados-accidente-de-camiones","og_site_name":"Blair &amp; Ramirez LLP","article_publisher":"https:\/\/www.facebook.com\/blairramirezlaw\/","article_modified_time":"2026-03-30T19:49:29+00:00","og_image":[{"width":1640,"height":840,"url":"https:\/\/www.blairramirezlaw.com\/wp-content\/uploads\/2025\/05\/Abogado-de-accidente-de-camion-en-Los-Angeles.webp","type":"image\/webp"}],"twitter_card":"summary_large_image","twitter_title":"Abogado de Accidentes de Camiones en Los Angeles | 17 millones recuperados","twitter_description":"\u00bfLesionado en un accidente de cami\u00f3n en Los \u00c1ngeles? Blair & Ramirez lucha por la m\u00e1xima compensaci\u00f3n. 15 a\u00f1os de experiencia y resultados comprobados de 7 cifras.","twitter_image":"https:\/\/www.blairramirezlaw.com\/wp-content\/uploads\/2025\/05\/Abogado-de-accidente-de-camion-en-Los-Angeles.webp","twitter_site":"@blairramirezllp","twitter_misc":{"Est. reading time":"46 minutos"},"schema":{"@context":"https:\/\/schema.org","@graph":[{"@type":"WebPage","@id":"https:\/\/www.blairramirezlaw.com\/es\/los-angeles-abogados-accidente-de-camiones","url":"https:\/\/www.blairramirezlaw.com\/es\/los-angeles-abogados-accidente-de-camiones","name":"Abogado de Accidentes de Camiones en Los Angeles | 17 millones recuperados","isPartOf":{"@id":"https:\/\/www.blairramirezlaw.com\/es#website"},"primaryImageOfPage":{"@id":"https:\/\/www.blairramirezlaw.com\/es\/los-angeles-abogados-accidente-de-camiones#primaryimage"},"image":{"@id":"https:\/\/www.blairramirezlaw.com\/es\/los-angeles-abogados-accidente-de-camiones#primaryimage"},"thumbnailUrl":"https:\/\/www.blairramirezlaw.com\/wp-content\/uploads\/2025\/05\/Abogado-de-accidente-de-camion-en-Los-Angeles.webp","datePublished":"2019-05-15T20:17:36+00:00","dateModified":"2026-03-30T19:49:29+00:00","description":"Blair & Ramirez LLP es un abogado de accidentes de camiones en Los \u00c1ngeles. Si usted o un ser querido ha resultado herido o asesinado, ll\u00e1menos hoy para una consulta gratuita.","breadcrumb":{"@id":"https:\/\/www.blairramirezlaw.com\/es\/los-angeles-abogados-accidente-de-camiones#breadcrumb"},"inLanguage":"es","potentialAction":[{"@type":"ReadAction","target":["https:\/\/www.blairramirezlaw.com\/es\/los-angeles-abogados-accidente-de-camiones"]}]},{"@type":"ImageObject","inLanguage":"es","@id":"https:\/\/www.blairramirezlaw.com\/es\/los-angeles-abogados-accidente-de-camiones#primaryimage","url":"https:\/\/www.blairramirezlaw.com\/wp-content\/uploads\/2025\/05\/Abogado-de-accidente-de-camion-en-Los-Angeles.webp","contentUrl":"https:\/\/www.blairramirezlaw.com\/wp-content\/uploads\/2025\/05\/Abogado-de-accidente-de-camion-en-Los-Angeles.webp","width":1640,"height":840,"caption":"Abogado de accidente de cami\u00f3n en Los \u00c1ngeles"},{"@type":"BreadcrumbList","@id":"https:\/\/www.blairramirezlaw.com\/es\/los-angeles-abogados-accidente-de-camiones#breadcrumb","itemListElement":[{"@type":"ListItem","position":1,"name":"Home","item":"https:\/\/www.blairramirezlaw.com\/es"},{"@type":"ListItem","position":2,"name":"Abogado de Accidentes de Camiones en Los \u00c1ngeles"}]},{"@type":"WebSite","@id":"https:\/\/www.blairramirezlaw.com\/es#website","url":"https:\/\/www.blairramirezlaw.com\/es","name":"Blair & Ramirez LLP","description":"","publisher":{"@id":"https:\/\/www.blairramirezlaw.com\/es#organization"},"potentialAction":[{"@type":"SearchAction","target":{"@type":"EntryPoint","urlTemplate":"https:\/\/www.blairramirezlaw.com\/es?s={search_term_string}"},"query-input":{"@type":"PropertyValueSpecification","valueRequired":true,"valueName":"search_term_string"}}],"inLanguage":"es"},{"@type":"Organization","@id":"https:\/\/www.blairramirezlaw.com\/es#organization","name":"Blair & Ramirez LLP","url":"https:\/\/www.blairramirezlaw.com\/es","logo":{"@type":"ImageObject","inLanguage":"es","@id":"https:\/\/www.blairramirezlaw.com\/es#\/schema\/logo\/image\/","url":"https:\/\/www.blairramirezlaw.com\/wp-content\/uploads\/2024\/08\/BR-logo.jpg","contentUrl":"https:\/\/www.blairramirezlaw.com\/wp-content\/uploads\/2024\/08\/BR-logo.jpg","width":2000,"height":1045,"caption":"Blair & Ramirez LLP"},"image":{"@id":"https:\/\/www.blairramirezlaw.com\/es#\/schema\/logo\/image\/"},"sameAs":["https:\/\/www.facebook.com\/blairramirezlaw\/","https:\/\/x.com\/blairramirezllp"]}]}},"_links":{"self":[{"href":"https:\/\/www.blairramirezlaw.com\/es\/wp-json\/wp\/v2\/pages\/861","targetHints":{"allow":["GET"]}}],"collection":[{"href":"https:\/\/www.blairramirezlaw.com\/es\/wp-json\/wp\/v2\/pages"}],"about":[{"href":"https:\/\/www.blairramirezlaw.com\/es\/wp-json\/wp\/v2\/types\/page"}],"author":[{"embeddable":true,"href":"https:\/\/www.blairramirezlaw.com\/es\/wp-json\/wp\/v2\/users\/11"}],"replies":[{"embeddable":true,"href":"https:\/\/www.blairramirezlaw.com\/es\/wp-json\/wp\/v2\/comments?post=861"}],"version-history":[{"count":0,"href":"https:\/\/www.blairramirezlaw.com\/es\/wp-json\/wp\/v2\/pages\/861\/revisions"}],"wp:featuredmedia":[{"embeddable":true,"href":"https:\/\/www.blairramirezlaw.com\/es\/wp-json\/wp\/v2\/media\/7045"}],"wp:attachment":[{"href":"https:\/\/www.blairramirezlaw.com\/es\/wp-json\/wp\/v2\/media?parent=861"}],"curies":[{"name":"wp","href":"https:\/\/api.w.org\/{rel}","templated":true}]}}