{"id":830,"date":"2019-05-15T13:17:36","date_gmt":"2019-05-15T20:17:36","guid":{"rendered":"https:\/\/www.blairramirezlaw.com\/los-angeles-slip-and-fall-lawyer"},"modified":"2026-02-23T22:43:40","modified_gmt":"2026-02-24T06:43:40","slug":"los-angeles-abogados-accidente-de-resbalones-y-caidas","status":"publish","type":"page","link":"https:\/\/www.blairramirezlaw.com\/es\/los-angeles-abogados-accidente-de-resbalones-y-caidas","title":{"rendered":"Abogado Experimentado En Resbalones Y Ca\u00eddas En Los \u00c1ngeles"},"content":{"rendered":"<div id=\"cs-content\" class=\"cs-content\"><\/div>\n","protected":false},"excerpt":{"rendered":"<p>Abogado de resbalones y ca&iacute;das en Los &Aacute;ngeles experto y experimentado En esta p\u00e1gina Cinco pasos a seguir si ha experimentado un incidente de resbal&oacute;n y ca&iacute;daProcedimiento de reclamaciones de seguro por resbalones y ca&iacute;dasEstimaci&oacute;n de la compensaci&oacute;n despu&eacute;s de un accidente por resbal&oacute;n y ca&iacute;daAl comprender su caso individualLugares comunes para lesiones por resbalones y ca&iacute;dasHablar con un abogado ... <a href=\"https:\/\/www.blairramirezlaw.com\/es\/los-angeles-abogados-accidente-de-resbalones-y-caidas\" class=\"more-link\">Read More<\/a><\/p>\n","protected":false},"author":11,"featured_media":7053,"parent":0,"menu_order":0,"comment_status":"closed","ping_status":"closed","template":"template-blank-4.php","meta":{"_acf_changed":false,"inline_featured_image":false,"footnotes":""},"class_list":["post-830","page","type-page","status-publish","has-post-thumbnail","hentry"],"acf":[],"yoast_head":"<!-- This site is optimized with the Yoast SEO plugin v27.3 - https:\/\/yoast.com\/product\/yoast-seo-wordpress\/ -->\n<title>Lo mejor abogado de resbalones y ca\u00eddas en Los \u00c1ngeles<\/title>\n<meta name=\"description\" content=\"\u00bfLesionado por una ca\u00edda? Aprenda qu\u00e9 hacer y c\u00f3mo obtenerindemnizaci\u00f3n completa con ayuda de un abogado de resbalones y ca\u00eddas de primera nivel en Los \u00c1ngeles\" \/>\n<meta name=\"robots\" content=\"index, follow, max-snippet:-1, max-image-preview:large, max-video-preview:-1\" \/>\n<link rel=\"canonical\" href=\"https:\/\/www.blairramirezlaw.com\/es\/los-angeles-abogados-accidente-de-resbalones-y-caidas\" \/>\n<meta property=\"og:locale\" content=\"es_ES\" \/>\n<meta property=\"og:type\" content=\"article\" \/>\n<meta property=\"og:title\" content=\"Lo mejor abogado de resbalones y ca\u00eddas en Los \u00c1ngeles\" \/>\n<meta property=\"og:description\" content=\"\u00bfLesionado por una ca\u00edda? Aprenda qu\u00e9 hacer y c\u00f3mo obtenerindemnizaci\u00f3n completa con ayuda de un abogado de resbalones y ca\u00eddas de primera nivel en Los \u00c1ngeles\" \/>\n<meta property=\"og:url\" content=\"https:\/\/www.blairramirezlaw.com\/es\/los-angeles-abogados-accidente-de-resbalones-y-caidas\" \/>\n<meta property=\"og:site_name\" content=\"Blair &amp; Ramirez LLP\" \/>\n<meta property=\"article:publisher\" content=\"https:\/\/www.facebook.com\/blairramirezlaw\/\" \/>\n<meta property=\"article:modified_time\" content=\"2026-02-24T06:43:40+00:00\" \/>\n<meta property=\"og:image\" content=\"https:\/\/www.blairramirezlaw.com\/wp-content\/uploads\/2025\/05\/Accidentes-por-resbalones-y-caidas-en-Los-Angeles.webp\" \/>\n\t<meta property=\"og:image:width\" content=\"1640\" \/>\n\t<meta property=\"og:image:height\" content=\"840\" \/>\n\t<meta property=\"og:image:type\" content=\"image\/webp\" \/>\n<meta name=\"twitter:card\" content=\"summary_large_image\" \/>\n<meta name=\"twitter:title\" content=\"Lo mejor abogado de resbalones y ca\u00eddas en Los \u00c1ngeles\" \/>\n<meta name=\"twitter:description\" content=\"\u00bfLesionado por una ca\u00edda? Aprenda qu\u00e9 hacer y c\u00f3mo obtenerindemnizaci\u00f3n completa con ayuda de un abogado de resbalones y ca\u00eddas de primera nivel en Los \u00c1ngeles\" \/>\n<meta name=\"twitter:image\" content=\"https:\/\/www.blairramirezlaw.com\/wp-content\/uploads\/2025\/05\/Accidentes-por-resbalones-y-caidas-en-Los-Angeles.webp\" \/>\n<meta name=\"twitter:site\" content=\"@blairramirezllp\" \/>\n<meta name=\"twitter:label1\" content=\"Est. reading time\" \/>\n\t<meta name=\"twitter:data1\" content=\"35 minutos\" \/>\n<script type=\"application\/ld+json\" class=\"yoast-schema-graph\">{\"@context\":\"https:\\\/\\\/schema.org\",\"@graph\":[{\"@type\":\"WebPage\",\"@id\":\"https:\\\/\\\/www.blairramirezlaw.com\\\/es\\\/los-angeles-abogados-accidente-de-resbalones-y-caidas\",\"url\":\"https:\\\/\\\/www.blairramirezlaw.com\\\/es\\\/los-angeles-abogados-accidente-de-resbalones-y-caidas\",\"name\":\"Lo mejor abogado de resbalones y ca\u00eddas en Los \u00c1ngeles\",\"isPartOf\":{\"@id\":\"https:\\\/\\\/www.blairramirezlaw.com\\\/es#website\"},\"primaryImageOfPage\":{\"@id\":\"https:\\\/\\\/www.blairramirezlaw.com\\\/es\\\/los-angeles-abogados-accidente-de-resbalones-y-caidas#primaryimage\"},\"image\":{\"@id\":\"https:\\\/\\\/www.blairramirezlaw.com\\\/es\\\/los-angeles-abogados-accidente-de-resbalones-y-caidas#primaryimage\"},\"thumbnailUrl\":\"https:\\\/\\\/www.blairramirezlaw.com\\\/wp-content\\\/uploads\\\/2025\\\/05\\\/Accidentes-por-resbalones-y-caidas-en-Los-Angeles.webp\",\"datePublished\":\"2019-05-15T20:17:36+00:00\",\"dateModified\":\"2026-02-24T06:43:40+00:00\",\"description\":\"\u00bfLesionado por una ca\u00edda? Aprenda qu\u00e9 hacer y c\u00f3mo obtenerindemnizaci\u00f3n completa con ayuda de un abogado de resbalones y ca\u00eddas de primera nivel en Los \u00c1ngeles\",\"breadcrumb\":{\"@id\":\"https:\\\/\\\/www.blairramirezlaw.com\\\/es\\\/los-angeles-abogados-accidente-de-resbalones-y-caidas#breadcrumb\"},\"inLanguage\":\"es\",\"potentialAction\":[{\"@type\":\"ReadAction\",\"target\":[\"https:\\\/\\\/www.blairramirezlaw.com\\\/es\\\/los-angeles-abogados-accidente-de-resbalones-y-caidas\"]}]},{\"@type\":\"ImageObject\",\"inLanguage\":\"es\",\"@id\":\"https:\\\/\\\/www.blairramirezlaw.com\\\/es\\\/los-angeles-abogados-accidente-de-resbalones-y-caidas#primaryimage\",\"url\":\"https:\\\/\\\/www.blairramirezlaw.com\\\/wp-content\\\/uploads\\\/2025\\\/05\\\/Accidentes-por-resbalones-y-caidas-en-Los-Angeles.webp\",\"contentUrl\":\"https:\\\/\\\/www.blairramirezlaw.com\\\/wp-content\\\/uploads\\\/2025\\\/05\\\/Accidentes-por-resbalones-y-caidas-en-Los-Angeles.webp\",\"width\":1640,\"height\":840,\"caption\":\"Accidentes por resbalones y ca\u00eddas en Los \u00c1ngeles\"},{\"@type\":\"BreadcrumbList\",\"@id\":\"https:\\\/\\\/www.blairramirezlaw.com\\\/es\\\/los-angeles-abogados-accidente-de-resbalones-y-caidas#breadcrumb\",\"itemListElement\":[{\"@type\":\"ListItem\",\"position\":1,\"name\":\"Home\",\"item\":\"https:\\\/\\\/www.blairramirezlaw.com\\\/es\"},{\"@type\":\"ListItem\",\"position\":2,\"name\":\"Abogado Experimentado En Resbalones Y Ca\u00eddas En Los \u00c1ngeles\"}]},{\"@type\":\"WebSite\",\"@id\":\"https:\\\/\\\/www.blairramirezlaw.com\\\/es#website\",\"url\":\"https:\\\/\\\/www.blairramirezlaw.com\\\/es\",\"name\":\"Blair & Ramirez LLP\",\"description\":\"\",\"publisher\":{\"@id\":\"https:\\\/\\\/www.blairramirezlaw.com\\\/es#organization\"},\"potentialAction\":[{\"@type\":\"SearchAction\",\"target\":{\"@type\":\"EntryPoint\",\"urlTemplate\":\"https:\\\/\\\/www.blairramirezlaw.com\\\/es?s={search_term_string}\"},\"query-input\":{\"@type\":\"PropertyValueSpecification\",\"valueRequired\":true,\"valueName\":\"search_term_string\"}}],\"inLanguage\":\"es\"},{\"@type\":\"Organization\",\"@id\":\"https:\\\/\\\/www.blairramirezlaw.com\\\/es#organization\",\"name\":\"Blair & Ramirez LLP\",\"url\":\"https:\\\/\\\/www.blairramirezlaw.com\\\/es\",\"logo\":{\"@type\":\"ImageObject\",\"inLanguage\":\"es\",\"@id\":\"https:\\\/\\\/www.blairramirezlaw.com\\\/es#\\\/schema\\\/logo\\\/image\\\/\",\"url\":\"https:\\\/\\\/www.blairramirezlaw.com\\\/wp-content\\\/uploads\\\/2024\\\/08\\\/BR-logo.jpg\",\"contentUrl\":\"https:\\\/\\\/www.blairramirezlaw.com\\\/wp-content\\\/uploads\\\/2024\\\/08\\\/BR-logo.jpg\",\"width\":2000,\"height\":1045,\"caption\":\"Blair & Ramirez LLP\"},\"image\":{\"@id\":\"https:\\\/\\\/www.blairramirezlaw.com\\\/es#\\\/schema\\\/logo\\\/image\\\/\"},\"sameAs\":[\"https:\\\/\\\/www.facebook.com\\\/blairramirezlaw\\\/\",\"https:\\\/\\\/x.com\\\/blairramirezllp\"]}]}<\/script>\n<!-- \/ Yoast SEO plugin. -->","yoast_head_json":{"title":"Lo mejor abogado de resbalones y ca\u00eddas en Los \u00c1ngeles","description":"\u00bfLesionado por una ca\u00edda? Aprenda qu\u00e9 hacer y c\u00f3mo obtenerindemnizaci\u00f3n completa con ayuda de un abogado de resbalones y ca\u00eddas de primera nivel en Los \u00c1ngeles","robots":{"index":"index","follow":"follow","max-snippet":"max-snippet:-1","max-image-preview":"max-image-preview:large","max-video-preview":"max-video-preview:-1"},"canonical":"https:\/\/www.blairramirezlaw.com\/es\/los-angeles-abogados-accidente-de-resbalones-y-caidas","og_locale":"es_ES","og_type":"article","og_title":"Lo mejor abogado de resbalones y ca\u00eddas en Los \u00c1ngeles","og_description":"\u00bfLesionado por una ca\u00edda? Aprenda qu\u00e9 hacer y c\u00f3mo obtenerindemnizaci\u00f3n completa con ayuda de un abogado de resbalones y ca\u00eddas de primera nivel en Los \u00c1ngeles","og_url":"https:\/\/www.blairramirezlaw.com\/es\/los-angeles-abogados-accidente-de-resbalones-y-caidas","og_site_name":"Blair &amp; Ramirez LLP","article_publisher":"https:\/\/www.facebook.com\/blairramirezlaw\/","article_modified_time":"2026-02-24T06:43:40+00:00","og_image":[{"width":1640,"height":840,"url":"https:\/\/www.blairramirezlaw.com\/wp-content\/uploads\/2025\/05\/Accidentes-por-resbalones-y-caidas-en-Los-Angeles.webp","type":"image\/webp"}],"twitter_card":"summary_large_image","twitter_title":"Lo mejor abogado de resbalones y ca\u00eddas en Los \u00c1ngeles","twitter_description":"\u00bfLesionado por una ca\u00edda? Aprenda qu\u00e9 hacer y c\u00f3mo obtenerindemnizaci\u00f3n completa con ayuda de un abogado de resbalones y ca\u00eddas de primera nivel en Los \u00c1ngeles","twitter_image":"https:\/\/www.blairramirezlaw.com\/wp-content\/uploads\/2025\/05\/Accidentes-por-resbalones-y-caidas-en-Los-Angeles.webp","twitter_site":"@blairramirezllp","twitter_misc":{"Est. reading time":"35 minutos"},"schema":{"@context":"https:\/\/schema.org","@graph":[{"@type":"WebPage","@id":"https:\/\/www.blairramirezlaw.com\/es\/los-angeles-abogados-accidente-de-resbalones-y-caidas","url":"https:\/\/www.blairramirezlaw.com\/es\/los-angeles-abogados-accidente-de-resbalones-y-caidas","name":"Lo mejor abogado de resbalones y ca\u00eddas en Los \u00c1ngeles","isPartOf":{"@id":"https:\/\/www.blairramirezlaw.com\/es#website"},"primaryImageOfPage":{"@id":"https:\/\/www.blairramirezlaw.com\/es\/los-angeles-abogados-accidente-de-resbalones-y-caidas#primaryimage"},"image":{"@id":"https:\/\/www.blairramirezlaw.com\/es\/los-angeles-abogados-accidente-de-resbalones-y-caidas#primaryimage"},"thumbnailUrl":"https:\/\/www.blairramirezlaw.com\/wp-content\/uploads\/2025\/05\/Accidentes-por-resbalones-y-caidas-en-Los-Angeles.webp","datePublished":"2019-05-15T20:17:36+00:00","dateModified":"2026-02-24T06:43:40+00:00","description":"\u00bfLesionado por una ca\u00edda? Aprenda qu\u00e9 hacer y c\u00f3mo obtenerindemnizaci\u00f3n completa con ayuda de un abogado de resbalones y ca\u00eddas de primera nivel en Los \u00c1ngeles","breadcrumb":{"@id":"https:\/\/www.blairramirezlaw.com\/es\/los-angeles-abogados-accidente-de-resbalones-y-caidas#breadcrumb"},"inLanguage":"es","potentialAction":[{"@type":"ReadAction","target":["https:\/\/www.blairramirezlaw.com\/es\/los-angeles-abogados-accidente-de-resbalones-y-caidas"]}]},{"@type":"ImageObject","inLanguage":"es","@id":"https:\/\/www.blairramirezlaw.com\/es\/los-angeles-abogados-accidente-de-resbalones-y-caidas#primaryimage","url":"https:\/\/www.blairramirezlaw.com\/wp-content\/uploads\/2025\/05\/Accidentes-por-resbalones-y-caidas-en-Los-Angeles.webp","contentUrl":"https:\/\/www.blairramirezlaw.com\/wp-content\/uploads\/2025\/05\/Accidentes-por-resbalones-y-caidas-en-Los-Angeles.webp","width":1640,"height":840,"caption":"Accidentes por resbalones y ca\u00eddas en Los \u00c1ngeles"},{"@type":"BreadcrumbList","@id":"https:\/\/www.blairramirezlaw.com\/es\/los-angeles-abogados-accidente-de-resbalones-y-caidas#breadcrumb","itemListElement":[{"@type":"ListItem","position":1,"name":"Home","item":"https:\/\/www.blairramirezlaw.com\/es"},{"@type":"ListItem","position":2,"name":"Abogado Experimentado En Resbalones Y Ca\u00eddas En Los \u00c1ngeles"}]},{"@type":"WebSite","@id":"https:\/\/www.blairramirezlaw.com\/es#website","url":"https:\/\/www.blairramirezlaw.com\/es","name":"Blair & Ramirez LLP","description":"","publisher":{"@id":"https:\/\/www.blairramirezlaw.com\/es#organization"},"potentialAction":[{"@type":"SearchAction","target":{"@type":"EntryPoint","urlTemplate":"https:\/\/www.blairramirezlaw.com\/es?s={search_term_string}"},"query-input":{"@type":"PropertyValueSpecification","valueRequired":true,"valueName":"search_term_string"}}],"inLanguage":"es"},{"@type":"Organization","@id":"https:\/\/www.blairramirezlaw.com\/es#organization","name":"Blair & Ramirez LLP","url":"https:\/\/www.blairramirezlaw.com\/es","logo":{"@type":"ImageObject","inLanguage":"es","@id":"https:\/\/www.blairramirezlaw.com\/es#\/schema\/logo\/image\/","url":"https:\/\/www.blairramirezlaw.com\/wp-content\/uploads\/2024\/08\/BR-logo.jpg","contentUrl":"https:\/\/www.blairramirezlaw.com\/wp-content\/uploads\/2024\/08\/BR-logo.jpg","width":2000,"height":1045,"caption":"Blair & Ramirez LLP"},"image":{"@id":"https:\/\/www.blairramirezlaw.com\/es#\/schema\/logo\/image\/"},"sameAs":["https:\/\/www.facebook.com\/blairramirezlaw\/","https:\/\/x.com\/blairramirezllp"]}]}},"_links":{"self":[{"href":"https:\/\/www.blairramirezlaw.com\/es\/wp-json\/wp\/v2\/pages\/830","targetHints":{"allow":["GET"]}}],"collection":[{"href":"https:\/\/www.blairramirezlaw.com\/es\/wp-json\/wp\/v2\/pages"}],"about":[{"href":"https:\/\/www.blairramirezlaw.com\/es\/wp-json\/wp\/v2\/types\/page"}],"author":[{"embeddable":true,"href":"https:\/\/www.blairramirezlaw.com\/es\/wp-json\/wp\/v2\/users\/11"}],"replies":[{"embeddable":true,"href":"https:\/\/www.blairramirezlaw.com\/es\/wp-json\/wp\/v2\/comments?post=830"}],"version-history":[{"count":0,"href":"https:\/\/www.blairramirezlaw.com\/es\/wp-json\/wp\/v2\/pages\/830\/revisions"}],"wp:featuredmedia":[{"embeddable":true,"href":"https:\/\/www.blairramirezlaw.com\/es\/wp-json\/wp\/v2\/media\/7053"}],"wp:attachment":[{"href":"https:\/\/www.blairramirezlaw.com\/es\/wp-json\/wp\/v2\/media?parent=830"}],"curies":[{"name":"wp","href":"https:\/\/api.w.org\/{rel}","templated":true}]}}