{"id":7438,"date":"2025-10-24T00:35:45","date_gmt":"2025-10-24T07:35:45","guid":{"rendered":"https:\/\/www.blairramirezlaw.com\/?page_id=7438"},"modified":"2026-03-05T13:35:01","modified_gmt":"2026-03-05T21:35:01","slug":"abogado-de-discriminacion-por-genero-en-los-angeles","status":"publish","type":"page","link":"https:\/\/www.blairramirezlaw.com\/es\/abogado-de-empleo-de-los-angeles\/discriminacion-de-genero","title":{"rendered":"Abogado de Discriminaci\u00f3n por G\u00e9nero en Los \u00c1ngeles"},"content":{"rendered":"<div id=\"cs-content\" class=\"cs-content\"><\/div>\n","protected":false},"excerpt":{"rendered":"<p>Abogado de Discriminaci&oacute;n por G&eacute;nero en Los &Aacute;ngeles | Blair &amp; Ramirez LLP On This Page Lo Que Esperar de un Abogado de Discriminaci&oacute;n por G&eacute;nero en Los &Aacute;ngelesC&oacute;mo los Abogados de Discriminaci&oacute;n por G&eacute;nero Protegen los Derechos de los Empleados en CaliforniaCredenciales Que Importan en un Abogado de Discriminaci&oacute;n de G&eacute;neroC&oacute;mo un Abogado de Discriminaci&oacute;n de G&eacute;nero en Los ... <a href=\"https:\/\/www.blairramirezlaw.com\/es\/abogado-de-empleo-de-los-angeles\/discriminacion-de-genero\" class=\"more-link\">Read More<\/a><\/p>\n","protected":false},"author":11,"featured_media":7815,"parent":709,"menu_order":0,"comment_status":"closed","ping_status":"closed","template":"template-blank-4.php","meta":{"_acf_changed":false,"inline_featured_image":false,"footnotes":""},"class_list":["post-7438","page","type-page","status-publish","has-post-thumbnail","hentry"],"acf":[],"yoast_head":"<!-- This site is optimized with the Yoast SEO plugin v27.4 - https:\/\/yoast.com\/product\/yoast-seo-wordpress\/ -->\n<title>Abogado de Discriminaci\u00f3n por G\u00e9nero en Los \u00c1ngeles | Derechos Laborales<\/title>\n<meta name=\"description\" content=\"\u00bfSe enfrenta a discriminaci\u00f3n de g\u00e9nero en el trabajo? Nuestros abogados protegen sus derechos y luchan por su compensaci\u00f3n. Asistencia confidencial y compasiva\" \/>\n<meta name=\"robots\" content=\"index, follow, max-snippet:-1, max-image-preview:large, max-video-preview:-1\" \/>\n<link rel=\"canonical\" href=\"https:\/\/www.blairramirezlaw.com\/es\/abogado-de-empleo-de-los-angeles\/discriminacion-de-genero\" \/>\n<meta property=\"og:locale\" content=\"es_ES\" \/>\n<meta property=\"og:type\" content=\"article\" \/>\n<meta property=\"og:title\" content=\"Abogado de Discriminaci\u00f3n por G\u00e9nero en Los \u00c1ngeles | Blair &amp; Ramirez LLP\" \/>\n<meta property=\"og:description\" content=\"\u00bfSe enfrenta a discriminaci\u00f3n de g\u00e9nero en el trabajo? Nuestros abogados protegen sus derechos y luchan por su compensaci\u00f3n. Asistencia confidencial y compasiva\" \/>\n<meta property=\"og:url\" content=\"https:\/\/www.blairramirezlaw.com\/es\/abogado-de-empleo-de-los-angeles\/discriminacion-de-genero\" \/>\n<meta property=\"og:site_name\" content=\"Blair &amp; Ramirez LLP\" \/>\n<meta property=\"article:publisher\" content=\"https:\/\/www.facebook.com\/blairramirezlaw\/\" \/>\n<meta property=\"article:modified_time\" content=\"2026-03-05T21:35:01+00:00\" \/>\n<meta property=\"og:image\" content=\"https:\/\/www.blairramirezlaw.com\/wp-content\/uploads\/2025\/10\/Abogado-de-Discriminacion-por-Genero-en-Los-Angeles.webp\" \/>\n\t<meta property=\"og:image:width\" content=\"2050\" \/>\n\t<meta property=\"og:image:height\" content=\"1050\" \/>\n\t<meta property=\"og:image:type\" content=\"image\/webp\" \/>\n<meta name=\"twitter:card\" content=\"summary_large_image\" \/>\n<meta name=\"twitter:title\" content=\"Abogado de Discriminaci\u00f3n por G\u00e9nero en Los \u00c1ngeles | Blair &amp; Ramirez LLP\" \/>\n<meta name=\"twitter:description\" content=\"\u00bfSe enfrenta a discriminaci\u00f3n de g\u00e9nero en el trabajo? Nuestros abogados protegen sus derechos y luchan por su compensaci\u00f3n. Asistencia confidencial y compasiva\" \/>\n<meta name=\"twitter:image\" content=\"https:\/\/www.blairramirezlaw.com\/wp-content\/uploads\/2025\/10\/Abogado-de-Discriminacion-por-Genero-en-Los-Angeles.webp\" \/>\n<meta name=\"twitter:site\" content=\"@blairramirezllp\" \/>\n<meta name=\"twitter:label1\" content=\"Est. reading time\" \/>\n\t<meta name=\"twitter:data1\" content=\"44 minutos\" \/>\n<script type=\"application\/ld+json\" class=\"yoast-schema-graph\">{\"@context\":\"https:\\\/\\\/schema.org\",\"@graph\":[{\"@type\":\"WebPage\",\"@id\":\"https:\\\/\\\/www.blairramirezlaw.com\\\/es\\\/abogado-de-empleo-de-los-angeles\\\/discriminacion-de-genero\",\"url\":\"https:\\\/\\\/www.blairramirezlaw.com\\\/es\\\/abogado-de-empleo-de-los-angeles\\\/discriminacion-de-genero\",\"name\":\"Abogado de Discriminaci\u00f3n por G\u00e9nero en Los \u00c1ngeles | Derechos Laborales\",\"isPartOf\":{\"@id\":\"https:\\\/\\\/www.blairramirezlaw.com\\\/es#website\"},\"primaryImageOfPage\":{\"@id\":\"https:\\\/\\\/www.blairramirezlaw.com\\\/es\\\/abogado-de-empleo-de-los-angeles\\\/discriminacion-de-genero#primaryimage\"},\"image\":{\"@id\":\"https:\\\/\\\/www.blairramirezlaw.com\\\/es\\\/abogado-de-empleo-de-los-angeles\\\/discriminacion-de-genero#primaryimage\"},\"thumbnailUrl\":\"https:\\\/\\\/www.blairramirezlaw.com\\\/wp-content\\\/uploads\\\/2025\\\/10\\\/Abogado-de-Discriminacion-por-Genero-en-Los-Angeles.webp\",\"datePublished\":\"2025-10-24T07:35:45+00:00\",\"dateModified\":\"2026-03-05T21:35:01+00:00\",\"description\":\"\u00bfSe enfrenta a discriminaci\u00f3n de g\u00e9nero en el trabajo? Nuestros abogados protegen sus derechos y luchan por su compensaci\u00f3n. Asistencia confidencial y compasiva\",\"breadcrumb\":{\"@id\":\"https:\\\/\\\/www.blairramirezlaw.com\\\/es\\\/abogado-de-empleo-de-los-angeles\\\/discriminacion-de-genero#breadcrumb\"},\"inLanguage\":\"es\",\"potentialAction\":[{\"@type\":\"ReadAction\",\"target\":[\"https:\\\/\\\/www.blairramirezlaw.com\\\/es\\\/abogado-de-empleo-de-los-angeles\\\/discriminacion-de-genero\"]}]},{\"@type\":\"ImageObject\",\"inLanguage\":\"es\",\"@id\":\"https:\\\/\\\/www.blairramirezlaw.com\\\/es\\\/abogado-de-empleo-de-los-angeles\\\/discriminacion-de-genero#primaryimage\",\"url\":\"https:\\\/\\\/www.blairramirezlaw.com\\\/wp-content\\\/uploads\\\/2025\\\/10\\\/Abogado-de-Discriminacion-por-Genero-en-Los-Angeles.webp\",\"contentUrl\":\"https:\\\/\\\/www.blairramirezlaw.com\\\/wp-content\\\/uploads\\\/2025\\\/10\\\/Abogado-de-Discriminacion-por-Genero-en-Los-Angeles.webp\",\"width\":2050,\"height\":1050,\"caption\":\"Abogado de Discriminaci\u00f3n por G\u00e9nero en Los \u00c1ngeles\"},{\"@type\":\"BreadcrumbList\",\"@id\":\"https:\\\/\\\/www.blairramirezlaw.com\\\/es\\\/abogado-de-empleo-de-los-angeles\\\/discriminacion-de-genero#breadcrumb\",\"itemListElement\":[{\"@type\":\"ListItem\",\"position\":1,\"name\":\"Home\",\"item\":\"https:\\\/\\\/www.blairramirezlaw.com\\\/es\"},{\"@type\":\"ListItem\",\"position\":2,\"name\":\"Abogado Laboral en Los \u00c1ngeles\",\"item\":\"https:\\\/\\\/www.blairramirezlaw.com\\\/es\\\/abogado-de-empleo-de-los-angeles\"},{\"@type\":\"ListItem\",\"position\":3,\"name\":\"Abogado de Discriminaci\u00f3n por G\u00e9nero en Los \u00c1ngeles\"}]},{\"@type\":\"WebSite\",\"@id\":\"https:\\\/\\\/www.blairramirezlaw.com\\\/es#website\",\"url\":\"https:\\\/\\\/www.blairramirezlaw.com\\\/es\",\"name\":\"Blair & Ramirez LLP\",\"description\":\"\",\"publisher\":{\"@id\":\"https:\\\/\\\/www.blairramirezlaw.com\\\/es#organization\"},\"potentialAction\":[{\"@type\":\"SearchAction\",\"target\":{\"@type\":\"EntryPoint\",\"urlTemplate\":\"https:\\\/\\\/www.blairramirezlaw.com\\\/es?s={search_term_string}\"},\"query-input\":{\"@type\":\"PropertyValueSpecification\",\"valueRequired\":true,\"valueName\":\"search_term_string\"}}],\"inLanguage\":\"es\"},{\"@type\":\"Organization\",\"@id\":\"https:\\\/\\\/www.blairramirezlaw.com\\\/es#organization\",\"name\":\"Blair & Ramirez LLP\",\"url\":\"https:\\\/\\\/www.blairramirezlaw.com\\\/es\",\"logo\":{\"@type\":\"ImageObject\",\"inLanguage\":\"es\",\"@id\":\"https:\\\/\\\/www.blairramirezlaw.com\\\/es#\\\/schema\\\/logo\\\/image\\\/\",\"url\":\"https:\\\/\\\/www.blairramirezlaw.com\\\/wp-content\\\/uploads\\\/2024\\\/08\\\/BR-logo.jpg\",\"contentUrl\":\"https:\\\/\\\/www.blairramirezlaw.com\\\/wp-content\\\/uploads\\\/2024\\\/08\\\/BR-logo.jpg\",\"width\":2000,\"height\":1045,\"caption\":\"Blair & Ramirez LLP\"},\"image\":{\"@id\":\"https:\\\/\\\/www.blairramirezlaw.com\\\/es#\\\/schema\\\/logo\\\/image\\\/\"},\"sameAs\":[\"https:\\\/\\\/www.facebook.com\\\/blairramirezlaw\\\/\",\"https:\\\/\\\/x.com\\\/blairramirezllp\"]}]}<\/script>\n<!-- \/ Yoast SEO plugin. -->","yoast_head_json":{"title":"Abogado de Discriminaci\u00f3n por G\u00e9nero en Los \u00c1ngeles | Derechos Laborales","description":"\u00bfSe enfrenta a discriminaci\u00f3n de g\u00e9nero en el trabajo? Nuestros abogados protegen sus derechos y luchan por su compensaci\u00f3n. Asistencia confidencial y compasiva","robots":{"index":"index","follow":"follow","max-snippet":"max-snippet:-1","max-image-preview":"max-image-preview:large","max-video-preview":"max-video-preview:-1"},"canonical":"https:\/\/www.blairramirezlaw.com\/es\/abogado-de-empleo-de-los-angeles\/discriminacion-de-genero","og_locale":"es_ES","og_type":"article","og_title":"Abogado de Discriminaci\u00f3n por G\u00e9nero en Los \u00c1ngeles | Blair & Ramirez LLP","og_description":"\u00bfSe enfrenta a discriminaci\u00f3n de g\u00e9nero en el trabajo? Nuestros abogados protegen sus derechos y luchan por su compensaci\u00f3n. Asistencia confidencial y compasiva","og_url":"https:\/\/www.blairramirezlaw.com\/es\/abogado-de-empleo-de-los-angeles\/discriminacion-de-genero","og_site_name":"Blair &amp; Ramirez LLP","article_publisher":"https:\/\/www.facebook.com\/blairramirezlaw\/","article_modified_time":"2026-03-05T21:35:01+00:00","og_image":[{"width":2050,"height":1050,"url":"https:\/\/www.blairramirezlaw.com\/wp-content\/uploads\/2025\/10\/Abogado-de-Discriminacion-por-Genero-en-Los-Angeles.webp","type":"image\/webp"}],"twitter_card":"summary_large_image","twitter_title":"Abogado de Discriminaci\u00f3n por G\u00e9nero en Los \u00c1ngeles | Blair & Ramirez LLP","twitter_description":"\u00bfSe enfrenta a discriminaci\u00f3n de g\u00e9nero en el trabajo? Nuestros abogados protegen sus derechos y luchan por su compensaci\u00f3n. Asistencia confidencial y compasiva","twitter_image":"https:\/\/www.blairramirezlaw.com\/wp-content\/uploads\/2025\/10\/Abogado-de-Discriminacion-por-Genero-en-Los-Angeles.webp","twitter_site":"@blairramirezllp","twitter_misc":{"Est. reading time":"44 minutos"},"schema":{"@context":"https:\/\/schema.org","@graph":[{"@type":"WebPage","@id":"https:\/\/www.blairramirezlaw.com\/es\/abogado-de-empleo-de-los-angeles\/discriminacion-de-genero","url":"https:\/\/www.blairramirezlaw.com\/es\/abogado-de-empleo-de-los-angeles\/discriminacion-de-genero","name":"Abogado de Discriminaci\u00f3n por G\u00e9nero en Los \u00c1ngeles | Derechos Laborales","isPartOf":{"@id":"https:\/\/www.blairramirezlaw.com\/es#website"},"primaryImageOfPage":{"@id":"https:\/\/www.blairramirezlaw.com\/es\/abogado-de-empleo-de-los-angeles\/discriminacion-de-genero#primaryimage"},"image":{"@id":"https:\/\/www.blairramirezlaw.com\/es\/abogado-de-empleo-de-los-angeles\/discriminacion-de-genero#primaryimage"},"thumbnailUrl":"https:\/\/www.blairramirezlaw.com\/wp-content\/uploads\/2025\/10\/Abogado-de-Discriminacion-por-Genero-en-Los-Angeles.webp","datePublished":"2025-10-24T07:35:45+00:00","dateModified":"2026-03-05T21:35:01+00:00","description":"\u00bfSe enfrenta a discriminaci\u00f3n de g\u00e9nero en el trabajo? Nuestros abogados protegen sus derechos y luchan por su compensaci\u00f3n. Asistencia confidencial y compasiva","breadcrumb":{"@id":"https:\/\/www.blairramirezlaw.com\/es\/abogado-de-empleo-de-los-angeles\/discriminacion-de-genero#breadcrumb"},"inLanguage":"es","potentialAction":[{"@type":"ReadAction","target":["https:\/\/www.blairramirezlaw.com\/es\/abogado-de-empleo-de-los-angeles\/discriminacion-de-genero"]}]},{"@type":"ImageObject","inLanguage":"es","@id":"https:\/\/www.blairramirezlaw.com\/es\/abogado-de-empleo-de-los-angeles\/discriminacion-de-genero#primaryimage","url":"https:\/\/www.blairramirezlaw.com\/wp-content\/uploads\/2025\/10\/Abogado-de-Discriminacion-por-Genero-en-Los-Angeles.webp","contentUrl":"https:\/\/www.blairramirezlaw.com\/wp-content\/uploads\/2025\/10\/Abogado-de-Discriminacion-por-Genero-en-Los-Angeles.webp","width":2050,"height":1050,"caption":"Abogado de Discriminaci\u00f3n por G\u00e9nero en Los \u00c1ngeles"},{"@type":"BreadcrumbList","@id":"https:\/\/www.blairramirezlaw.com\/es\/abogado-de-empleo-de-los-angeles\/discriminacion-de-genero#breadcrumb","itemListElement":[{"@type":"ListItem","position":1,"name":"Home","item":"https:\/\/www.blairramirezlaw.com\/es"},{"@type":"ListItem","position":2,"name":"Abogado Laboral en Los \u00c1ngeles","item":"https:\/\/www.blairramirezlaw.com\/es\/abogado-de-empleo-de-los-angeles"},{"@type":"ListItem","position":3,"name":"Abogado de Discriminaci\u00f3n por G\u00e9nero en Los \u00c1ngeles"}]},{"@type":"WebSite","@id":"https:\/\/www.blairramirezlaw.com\/es#website","url":"https:\/\/www.blairramirezlaw.com\/es","name":"Blair & Ramirez LLP","description":"","publisher":{"@id":"https:\/\/www.blairramirezlaw.com\/es#organization"},"potentialAction":[{"@type":"SearchAction","target":{"@type":"EntryPoint","urlTemplate":"https:\/\/www.blairramirezlaw.com\/es?s={search_term_string}"},"query-input":{"@type":"PropertyValueSpecification","valueRequired":true,"valueName":"search_term_string"}}],"inLanguage":"es"},{"@type":"Organization","@id":"https:\/\/www.blairramirezlaw.com\/es#organization","name":"Blair & Ramirez LLP","url":"https:\/\/www.blairramirezlaw.com\/es","logo":{"@type":"ImageObject","inLanguage":"es","@id":"https:\/\/www.blairramirezlaw.com\/es#\/schema\/logo\/image\/","url":"https:\/\/www.blairramirezlaw.com\/wp-content\/uploads\/2024\/08\/BR-logo.jpg","contentUrl":"https:\/\/www.blairramirezlaw.com\/wp-content\/uploads\/2024\/08\/BR-logo.jpg","width":2000,"height":1045,"caption":"Blair & Ramirez LLP"},"image":{"@id":"https:\/\/www.blairramirezlaw.com\/es#\/schema\/logo\/image\/"},"sameAs":["https:\/\/www.facebook.com\/blairramirezlaw\/","https:\/\/x.com\/blairramirezllp"]}]}},"_links":{"self":[{"href":"https:\/\/www.blairramirezlaw.com\/es\/wp-json\/wp\/v2\/pages\/7438","targetHints":{"allow":["GET"]}}],"collection":[{"href":"https:\/\/www.blairramirezlaw.com\/es\/wp-json\/wp\/v2\/pages"}],"about":[{"href":"https:\/\/www.blairramirezlaw.com\/es\/wp-json\/wp\/v2\/types\/page"}],"author":[{"embeddable":true,"href":"https:\/\/www.blairramirezlaw.com\/es\/wp-json\/wp\/v2\/users\/11"}],"replies":[{"embeddable":true,"href":"https:\/\/www.blairramirezlaw.com\/es\/wp-json\/wp\/v2\/comments?post=7438"}],"version-history":[{"count":0,"href":"https:\/\/www.blairramirezlaw.com\/es\/wp-json\/wp\/v2\/pages\/7438\/revisions"}],"up":[{"embeddable":true,"href":"https:\/\/www.blairramirezlaw.com\/es\/wp-json\/wp\/v2\/pages\/709"}],"wp:featuredmedia":[{"embeddable":true,"href":"https:\/\/www.blairramirezlaw.com\/es\/wp-json\/wp\/v2\/media\/7815"}],"wp:attachment":[{"href":"https:\/\/www.blairramirezlaw.com\/es\/wp-json\/wp\/v2\/media?parent=7438"}],"curies":[{"name":"wp","href":"https:\/\/api.w.org\/{rel}","templated":true}]}}