{"id":7427,"date":"2025-09-25T03:44:12","date_gmt":"2025-09-25T10:44:12","guid":{"rendered":"https:\/\/www.blairramirezlaw.com\/?page_id=7427"},"modified":"2026-02-23T22:55:38","modified_gmt":"2026-02-24T06:55:38","slug":"abogado-de-despido-injustificado-en-los-angeles","status":"publish","type":"page","link":"https:\/\/www.blairramirezlaw.com\/es\/abogado-de-empleo-de-los-angeles\/despido-injustificado","title":{"rendered":"Abogado de Despido Injustificado en Los \u00c1ngeles"},"content":{"rendered":"<div id=\"cs-content\" class=\"cs-content\"><\/div>\n","protected":false},"excerpt":{"rendered":"<p>Abogado de Despido Injustificado en Los &Aacute;ngeles: Ayuda Legal Tras un Despido Ilegal En esta p&aacute;gina Por Qu&eacute; Debes Contratar a un Abogado de Despido Injustificado en Los &Aacute;ngeles&iquest;Qu&eacute; Servicios Ofrecen los Abogados de Despido Injustificado en Los &Aacute;ngeles?C&oacute;mo un Abogado de Despido Injustificado en Los &Aacute;ngeles Aplica la Ley Laboral de CaliforniaTipos de Casos de Despido Injustificado que Maneja ... <a href=\"https:\/\/www.blairramirezlaw.com\/es\/abogado-de-empleo-de-los-angeles\/despido-injustificado\" class=\"more-link\">Read More<\/a><\/p>\n","protected":false},"author":11,"featured_media":7747,"parent":709,"menu_order":0,"comment_status":"closed","ping_status":"closed","template":"template-blank-4.php","meta":{"_acf_changed":false,"inline_featured_image":false,"footnotes":""},"class_list":["post-7427","page","type-page","status-publish","has-post-thumbnail","hentry"],"acf":[],"yoast_head":"<!-- This site is optimized with the Yoast SEO plugin v27.4 - https:\/\/yoast.com\/product\/yoast-seo-wordpress\/ -->\n<title>Abogado de despido injustificado en Los \u00c1ngeles | Blair &amp; Ramirez LLP<\/title>\n<meta name=\"description\" content=\"\u00bfLe parece injusto su despido? Hable con nuestros abogados de despido injustificado en Los \u00c1ngeles. Conozca sus derechos, presente una reclamaci\u00f3n, y luche por una indemnizaci\u00f3n completa.\" \/>\n<meta name=\"robots\" content=\"index, follow, max-snippet:-1, max-image-preview:large, max-video-preview:-1\" \/>\n<link rel=\"canonical\" href=\"https:\/\/www.blairramirezlaw.com\/es\/abogado-de-empleo-de-los-angeles\/despido-injustificado\" \/>\n<meta property=\"og:locale\" content=\"es_ES\" \/>\n<meta property=\"og:type\" content=\"article\" \/>\n<meta property=\"og:title\" content=\"Abogado de despido injustificado en Los \u00c1ngeles | Blair &amp; Ramirez LLP\" \/>\n<meta property=\"og:description\" content=\"\u00bfLe parece injusto su despido? Hable con nuestros abogados de despido injustificado en Los \u00c1ngeles. Conozca sus derechos, presente una reclamaci\u00f3n, y luche por una indemnizaci\u00f3n completa.\" \/>\n<meta property=\"og:url\" content=\"https:\/\/www.blairramirezlaw.com\/es\/abogado-de-empleo-de-los-angeles\/despido-injustificado\" \/>\n<meta property=\"og:site_name\" content=\"Blair &amp; Ramirez LLP\" \/>\n<meta property=\"article:publisher\" content=\"https:\/\/www.facebook.com\/blairramirezlaw\/\" \/>\n<meta property=\"article:modified_time\" content=\"2026-02-24T06:55:38+00:00\" \/>\n<meta property=\"og:image\" content=\"https:\/\/www.blairramirezlaw.com\/wp-content\/uploads\/2025\/09\/Abogado-de-Despido-Injustificado-en-Los-Angeles.webp\" \/>\n\t<meta property=\"og:image:width\" content=\"1640\" \/>\n\t<meta property=\"og:image:height\" content=\"840\" \/>\n\t<meta property=\"og:image:type\" content=\"image\/webp\" \/>\n<meta name=\"twitter:card\" content=\"summary_large_image\" \/>\n<meta name=\"twitter:title\" content=\"Abogado de despido injustificado en Los \u00c1ngeles | Blair &amp; Ramirez LLPLos Angeles Wrongful Termination Lawyer | Blair &amp; Ramirez LLP\" \/>\n<meta name=\"twitter:description\" content=\"\u00bfLe parece injusto su despido? Hable con nuestros abogados de despido injustificado en Los \u00c1ngeles. Conozca sus derechos, presente una reclamaci\u00f3n, y luche por una indemnizaci\u00f3n completa.\" \/>\n<meta name=\"twitter:image\" content=\"https:\/\/www.blairramirezlaw.com\/wp-content\/uploads\/2025\/09\/Abogado-de-Despido-Injustificado-en-Los-Angeles.webp\" \/>\n<meta name=\"twitter:site\" content=\"@blairramirezllp\" \/>\n<meta name=\"twitter:label1\" content=\"Est. reading time\" \/>\n\t<meta name=\"twitter:data1\" content=\"26 minutos\" \/>\n<script type=\"application\/ld+json\" class=\"yoast-schema-graph\">{\"@context\":\"https:\\\/\\\/schema.org\",\"@graph\":[{\"@type\":\"WebPage\",\"@id\":\"https:\\\/\\\/www.blairramirezlaw.com\\\/es\\\/abogado-de-empleo-de-los-angeles\\\/despido-injustificado\",\"url\":\"https:\\\/\\\/www.blairramirezlaw.com\\\/es\\\/abogado-de-empleo-de-los-angeles\\\/despido-injustificado\",\"name\":\"Abogado de despido injustificado en Los \u00c1ngeles | Blair & Ramirez LLP\",\"isPartOf\":{\"@id\":\"https:\\\/\\\/www.blairramirezlaw.com\\\/es#website\"},\"primaryImageOfPage\":{\"@id\":\"https:\\\/\\\/www.blairramirezlaw.com\\\/es\\\/abogado-de-empleo-de-los-angeles\\\/despido-injustificado#primaryimage\"},\"image\":{\"@id\":\"https:\\\/\\\/www.blairramirezlaw.com\\\/es\\\/abogado-de-empleo-de-los-angeles\\\/despido-injustificado#primaryimage\"},\"thumbnailUrl\":\"https:\\\/\\\/www.blairramirezlaw.com\\\/wp-content\\\/uploads\\\/2025\\\/09\\\/Abogado-de-Despido-Injustificado-en-Los-Angeles.webp\",\"datePublished\":\"2025-09-25T10:44:12+00:00\",\"dateModified\":\"2026-02-24T06:55:38+00:00\",\"description\":\"\u00bfLe parece injusto su despido? Hable con nuestros abogados de despido injustificado en Los \u00c1ngeles. Conozca sus derechos, presente una reclamaci\u00f3n, y luche por una indemnizaci\u00f3n completa.\",\"breadcrumb\":{\"@id\":\"https:\\\/\\\/www.blairramirezlaw.com\\\/es\\\/abogado-de-empleo-de-los-angeles\\\/despido-injustificado#breadcrumb\"},\"inLanguage\":\"es\",\"potentialAction\":[{\"@type\":\"ReadAction\",\"target\":[\"https:\\\/\\\/www.blairramirezlaw.com\\\/es\\\/abogado-de-empleo-de-los-angeles\\\/despido-injustificado\"]}]},{\"@type\":\"ImageObject\",\"inLanguage\":\"es\",\"@id\":\"https:\\\/\\\/www.blairramirezlaw.com\\\/es\\\/abogado-de-empleo-de-los-angeles\\\/despido-injustificado#primaryimage\",\"url\":\"https:\\\/\\\/www.blairramirezlaw.com\\\/wp-content\\\/uploads\\\/2025\\\/09\\\/Abogado-de-Despido-Injustificado-en-Los-Angeles.webp\",\"contentUrl\":\"https:\\\/\\\/www.blairramirezlaw.com\\\/wp-content\\\/uploads\\\/2025\\\/09\\\/Abogado-de-Despido-Injustificado-en-Los-Angeles.webp\",\"width\":1640,\"height\":840,\"caption\":\"Abogado de Despido Injustificado en Los \u00c1ngeles\"},{\"@type\":\"BreadcrumbList\",\"@id\":\"https:\\\/\\\/www.blairramirezlaw.com\\\/es\\\/abogado-de-empleo-de-los-angeles\\\/despido-injustificado#breadcrumb\",\"itemListElement\":[{\"@type\":\"ListItem\",\"position\":1,\"name\":\"Home\",\"item\":\"https:\\\/\\\/www.blairramirezlaw.com\\\/es\"},{\"@type\":\"ListItem\",\"position\":2,\"name\":\"Abogado Laboral en Los \u00c1ngeles\",\"item\":\"https:\\\/\\\/www.blairramirezlaw.com\\\/es\\\/abogado-de-empleo-de-los-angeles\"},{\"@type\":\"ListItem\",\"position\":3,\"name\":\"Abogado de Despido Injustificado en Los \u00c1ngeles\"}]},{\"@type\":\"WebSite\",\"@id\":\"https:\\\/\\\/www.blairramirezlaw.com\\\/es#website\",\"url\":\"https:\\\/\\\/www.blairramirezlaw.com\\\/es\",\"name\":\"Blair & Ramirez LLP\",\"description\":\"\",\"publisher\":{\"@id\":\"https:\\\/\\\/www.blairramirezlaw.com\\\/es#organization\"},\"potentialAction\":[{\"@type\":\"SearchAction\",\"target\":{\"@type\":\"EntryPoint\",\"urlTemplate\":\"https:\\\/\\\/www.blairramirezlaw.com\\\/es?s={search_term_string}\"},\"query-input\":{\"@type\":\"PropertyValueSpecification\",\"valueRequired\":true,\"valueName\":\"search_term_string\"}}],\"inLanguage\":\"es\"},{\"@type\":\"Organization\",\"@id\":\"https:\\\/\\\/www.blairramirezlaw.com\\\/es#organization\",\"name\":\"Blair & Ramirez LLP\",\"url\":\"https:\\\/\\\/www.blairramirezlaw.com\\\/es\",\"logo\":{\"@type\":\"ImageObject\",\"inLanguage\":\"es\",\"@id\":\"https:\\\/\\\/www.blairramirezlaw.com\\\/es#\\\/schema\\\/logo\\\/image\\\/\",\"url\":\"https:\\\/\\\/www.blairramirezlaw.com\\\/wp-content\\\/uploads\\\/2024\\\/08\\\/BR-logo.jpg\",\"contentUrl\":\"https:\\\/\\\/www.blairramirezlaw.com\\\/wp-content\\\/uploads\\\/2024\\\/08\\\/BR-logo.jpg\",\"width\":2000,\"height\":1045,\"caption\":\"Blair & Ramirez LLP\"},\"image\":{\"@id\":\"https:\\\/\\\/www.blairramirezlaw.com\\\/es#\\\/schema\\\/logo\\\/image\\\/\"},\"sameAs\":[\"https:\\\/\\\/www.facebook.com\\\/blairramirezlaw\\\/\",\"https:\\\/\\\/x.com\\\/blairramirezllp\"]}]}<\/script>\n<!-- \/ Yoast SEO plugin. -->","yoast_head_json":{"title":"Abogado de despido injustificado en Los \u00c1ngeles | Blair & Ramirez LLP","description":"\u00bfLe parece injusto su despido? Hable con nuestros abogados de despido injustificado en Los \u00c1ngeles. Conozca sus derechos, presente una reclamaci\u00f3n, y luche por una indemnizaci\u00f3n completa.","robots":{"index":"index","follow":"follow","max-snippet":"max-snippet:-1","max-image-preview":"max-image-preview:large","max-video-preview":"max-video-preview:-1"},"canonical":"https:\/\/www.blairramirezlaw.com\/es\/abogado-de-empleo-de-los-angeles\/despido-injustificado","og_locale":"es_ES","og_type":"article","og_title":"Abogado de despido injustificado en Los \u00c1ngeles | Blair & Ramirez LLP","og_description":"\u00bfLe parece injusto su despido? Hable con nuestros abogados de despido injustificado en Los \u00c1ngeles. Conozca sus derechos, presente una reclamaci\u00f3n, y luche por una indemnizaci\u00f3n completa.","og_url":"https:\/\/www.blairramirezlaw.com\/es\/abogado-de-empleo-de-los-angeles\/despido-injustificado","og_site_name":"Blair &amp; Ramirez LLP","article_publisher":"https:\/\/www.facebook.com\/blairramirezlaw\/","article_modified_time":"2026-02-24T06:55:38+00:00","og_image":[{"width":1640,"height":840,"url":"https:\/\/www.blairramirezlaw.com\/wp-content\/uploads\/2025\/09\/Abogado-de-Despido-Injustificado-en-Los-Angeles.webp","type":"image\/webp"}],"twitter_card":"summary_large_image","twitter_title":"Abogado de despido injustificado en Los \u00c1ngeles | Blair & Ramirez LLPLos Angeles Wrongful Termination Lawyer | Blair & Ramirez LLP","twitter_description":"\u00bfLe parece injusto su despido? Hable con nuestros abogados de despido injustificado en Los \u00c1ngeles. Conozca sus derechos, presente una reclamaci\u00f3n, y luche por una indemnizaci\u00f3n completa.","twitter_image":"https:\/\/www.blairramirezlaw.com\/wp-content\/uploads\/2025\/09\/Abogado-de-Despido-Injustificado-en-Los-Angeles.webp","twitter_site":"@blairramirezllp","twitter_misc":{"Est. reading time":"26 minutos"},"schema":{"@context":"https:\/\/schema.org","@graph":[{"@type":"WebPage","@id":"https:\/\/www.blairramirezlaw.com\/es\/abogado-de-empleo-de-los-angeles\/despido-injustificado","url":"https:\/\/www.blairramirezlaw.com\/es\/abogado-de-empleo-de-los-angeles\/despido-injustificado","name":"Abogado de despido injustificado en Los \u00c1ngeles | Blair & Ramirez LLP","isPartOf":{"@id":"https:\/\/www.blairramirezlaw.com\/es#website"},"primaryImageOfPage":{"@id":"https:\/\/www.blairramirezlaw.com\/es\/abogado-de-empleo-de-los-angeles\/despido-injustificado#primaryimage"},"image":{"@id":"https:\/\/www.blairramirezlaw.com\/es\/abogado-de-empleo-de-los-angeles\/despido-injustificado#primaryimage"},"thumbnailUrl":"https:\/\/www.blairramirezlaw.com\/wp-content\/uploads\/2025\/09\/Abogado-de-Despido-Injustificado-en-Los-Angeles.webp","datePublished":"2025-09-25T10:44:12+00:00","dateModified":"2026-02-24T06:55:38+00:00","description":"\u00bfLe parece injusto su despido? Hable con nuestros abogados de despido injustificado en Los \u00c1ngeles. Conozca sus derechos, presente una reclamaci\u00f3n, y luche por una indemnizaci\u00f3n completa.","breadcrumb":{"@id":"https:\/\/www.blairramirezlaw.com\/es\/abogado-de-empleo-de-los-angeles\/despido-injustificado#breadcrumb"},"inLanguage":"es","potentialAction":[{"@type":"ReadAction","target":["https:\/\/www.blairramirezlaw.com\/es\/abogado-de-empleo-de-los-angeles\/despido-injustificado"]}]},{"@type":"ImageObject","inLanguage":"es","@id":"https:\/\/www.blairramirezlaw.com\/es\/abogado-de-empleo-de-los-angeles\/despido-injustificado#primaryimage","url":"https:\/\/www.blairramirezlaw.com\/wp-content\/uploads\/2025\/09\/Abogado-de-Despido-Injustificado-en-Los-Angeles.webp","contentUrl":"https:\/\/www.blairramirezlaw.com\/wp-content\/uploads\/2025\/09\/Abogado-de-Despido-Injustificado-en-Los-Angeles.webp","width":1640,"height":840,"caption":"Abogado de Despido Injustificado en Los \u00c1ngeles"},{"@type":"BreadcrumbList","@id":"https:\/\/www.blairramirezlaw.com\/es\/abogado-de-empleo-de-los-angeles\/despido-injustificado#breadcrumb","itemListElement":[{"@type":"ListItem","position":1,"name":"Home","item":"https:\/\/www.blairramirezlaw.com\/es"},{"@type":"ListItem","position":2,"name":"Abogado Laboral en Los \u00c1ngeles","item":"https:\/\/www.blairramirezlaw.com\/es\/abogado-de-empleo-de-los-angeles"},{"@type":"ListItem","position":3,"name":"Abogado de Despido Injustificado en Los \u00c1ngeles"}]},{"@type":"WebSite","@id":"https:\/\/www.blairramirezlaw.com\/es#website","url":"https:\/\/www.blairramirezlaw.com\/es","name":"Blair & Ramirez LLP","description":"","publisher":{"@id":"https:\/\/www.blairramirezlaw.com\/es#organization"},"potentialAction":[{"@type":"SearchAction","target":{"@type":"EntryPoint","urlTemplate":"https:\/\/www.blairramirezlaw.com\/es?s={search_term_string}"},"query-input":{"@type":"PropertyValueSpecification","valueRequired":true,"valueName":"search_term_string"}}],"inLanguage":"es"},{"@type":"Organization","@id":"https:\/\/www.blairramirezlaw.com\/es#organization","name":"Blair & Ramirez LLP","url":"https:\/\/www.blairramirezlaw.com\/es","logo":{"@type":"ImageObject","inLanguage":"es","@id":"https:\/\/www.blairramirezlaw.com\/es#\/schema\/logo\/image\/","url":"https:\/\/www.blairramirezlaw.com\/wp-content\/uploads\/2024\/08\/BR-logo.jpg","contentUrl":"https:\/\/www.blairramirezlaw.com\/wp-content\/uploads\/2024\/08\/BR-logo.jpg","width":2000,"height":1045,"caption":"Blair & Ramirez LLP"},"image":{"@id":"https:\/\/www.blairramirezlaw.com\/es#\/schema\/logo\/image\/"},"sameAs":["https:\/\/www.facebook.com\/blairramirezlaw\/","https:\/\/x.com\/blairramirezllp"]}]}},"_links":{"self":[{"href":"https:\/\/www.blairramirezlaw.com\/es\/wp-json\/wp\/v2\/pages\/7427","targetHints":{"allow":["GET"]}}],"collection":[{"href":"https:\/\/www.blairramirezlaw.com\/es\/wp-json\/wp\/v2\/pages"}],"about":[{"href":"https:\/\/www.blairramirezlaw.com\/es\/wp-json\/wp\/v2\/types\/page"}],"author":[{"embeddable":true,"href":"https:\/\/www.blairramirezlaw.com\/es\/wp-json\/wp\/v2\/users\/11"}],"replies":[{"embeddable":true,"href":"https:\/\/www.blairramirezlaw.com\/es\/wp-json\/wp\/v2\/comments?post=7427"}],"version-history":[{"count":0,"href":"https:\/\/www.blairramirezlaw.com\/es\/wp-json\/wp\/v2\/pages\/7427\/revisions"}],"up":[{"embeddable":true,"href":"https:\/\/www.blairramirezlaw.com\/es\/wp-json\/wp\/v2\/pages\/709"}],"wp:featuredmedia":[{"embeddable":true,"href":"https:\/\/www.blairramirezlaw.com\/es\/wp-json\/wp\/v2\/media\/7747"}],"wp:attachment":[{"href":"https:\/\/www.blairramirezlaw.com\/es\/wp-json\/wp\/v2\/media?parent=7427"}],"curies":[{"name":"wp","href":"https:\/\/api.w.org\/{rel}","templated":true}]}}