{"id":7420,"date":"2025-09-25T02:39:32","date_gmt":"2025-09-25T09:39:32","guid":{"rendered":"https:\/\/www.blairramirezlaw.com\/?page_id=7420"},"modified":"2026-02-23T23:00:40","modified_gmt":"2026-02-24T07:00:40","slug":"abogado-de-denunciantes-en-los-angeles","status":"publish","type":"page","link":"https:\/\/www.blairramirezlaw.com\/es\/abogado-de-empleo-de-los-angeles\/denunciantes","title":{"rendered":"Abogado de Denunciantes en Los \u00c1ngeles"},"content":{"rendered":"<div id=\"cs-content\" class=\"cs-content\"><\/div>\n","protected":false},"excerpt":{"rendered":"<p>Abogado de Denunciantes en Los \u00c1ngeles On This Page Why You Should Hire a Whistleblower Lawyer in Los AngelesHow Los Angeles Whistleblower Lawyers Protect You (Step-by-Step Process)How California and Federal Whistleblower Laws Strengthen Your CaseHow a Whistleblower Lawyer Helps Maximize Your CompensationWhat Compensation Can a Los Angeles Whistleblower Lawyer Help You Recover?What Deadlines and Procedures Must Whistleblowers Follow?How Do You ... <a href=\"https:\/\/www.blairramirezlaw.com\/es\/abogado-de-empleo-de-los-angeles\/denunciantes\" class=\"more-link\">Read More<\/a><\/p>\n","protected":false},"author":11,"featured_media":7744,"parent":709,"menu_order":0,"comment_status":"closed","ping_status":"closed","template":"template-blank-4.php","meta":{"_acf_changed":false,"inline_featured_image":false,"footnotes":""},"class_list":["post-7420","page","type-page","status-publish","has-post-thumbnail","hentry"],"acf":[],"yoast_head":"<!-- This site is optimized with the Yoast SEO plugin v27.6 - https:\/\/yoast.com\/product\/yoast-seo-wordpress\/ -->\n<title>Abogado de denuncias en Los \u00c1ngeles, CA | Blair &amp; Ramirez LLP<\/title>\n<meta name=\"description\" content=\"\u00a1Denuncie el fraude laboral sin miedo! Conf\u00ede en nuestros abogados de denuncias de Los \u00c1ngeles para ayudarle con el proceso legal y obtener justicia. Revisi\u00f3n gratuita de su caso.\" \/>\n<meta name=\"robots\" content=\"index, follow, max-snippet:-1, max-image-preview:large, max-video-preview:-1\" \/>\n<link rel=\"canonical\" href=\"https:\/\/www.blairramirezlaw.com\/es\/abogado-de-empleo-de-los-angeles\/denunciantes\" \/>\n<meta property=\"og:locale\" content=\"es_ES\" \/>\n<meta property=\"og:type\" content=\"article\" \/>\n<meta property=\"og:title\" content=\"Abogado de denuncias en Los \u00c1ngeles, CA | Blair &amp; Ramirez LLP\" \/>\n<meta property=\"og:description\" content=\"\u00a1Denuncie el fraude laboral sin miedo! Conf\u00ede en nuestros abogados de denuncias de Los \u00c1ngeles para ayudarle con el proceso legal y obtener justicia. Revisi\u00f3n gratuita de su caso.\" \/>\n<meta property=\"og:url\" content=\"https:\/\/www.blairramirezlaw.com\/es\/abogado-de-empleo-de-los-angeles\/denunciantes\" \/>\n<meta property=\"og:site_name\" content=\"Blair &amp; Ramirez LLP\" \/>\n<meta property=\"article:publisher\" content=\"https:\/\/www.facebook.com\/blairramirezlaw\/\" \/>\n<meta property=\"article:modified_time\" content=\"2026-02-24T07:00:40+00:00\" \/>\n<meta property=\"og:image\" content=\"https:\/\/www.blairramirezlaw.com\/wp-content\/uploads\/2025\/09\/Abogado-de-denuncias-en-Los-Angeles.webp\" \/>\n\t<meta property=\"og:image:width\" content=\"1640\" \/>\n\t<meta property=\"og:image:height\" content=\"840\" \/>\n\t<meta property=\"og:image:type\" content=\"image\/webp\" \/>\n<meta name=\"twitter:card\" content=\"summary_large_image\" \/>\n<meta name=\"twitter:title\" content=\"Abogado de denuncias en Los \u00c1ngeles, CA | Blair &amp; Ramirez LLP\" \/>\n<meta name=\"twitter:description\" content=\"\u00a1Denuncie el fraude laboral sin miedo! Conf\u00ede en nuestros abogados de denuncias de Los \u00c1ngeles para ayudarle con el proceso legal y obtener justicia. Revisi\u00f3n gratuita de su caso.\" \/>\n<meta name=\"twitter:image\" content=\"https:\/\/www.blairramirezlaw.com\/wp-content\/uploads\/2025\/09\/Abogado-de-denuncias-en-Los-Angeles.webp\" \/>\n<meta name=\"twitter:site\" content=\"@blairramirezllp\" \/>\n<meta name=\"twitter:label1\" content=\"Est. reading time\" \/>\n\t<meta name=\"twitter:data1\" content=\"44 minutos\" \/>\n<script type=\"application\/ld+json\" class=\"yoast-schema-graph\">{\"@context\":\"https:\\\/\\\/schema.org\",\"@graph\":[{\"@type\":\"WebPage\",\"@id\":\"https:\\\/\\\/www.blairramirezlaw.com\\\/es\\\/abogado-de-empleo-de-los-angeles\\\/denunciantes\",\"url\":\"https:\\\/\\\/www.blairramirezlaw.com\\\/es\\\/abogado-de-empleo-de-los-angeles\\\/denunciantes\",\"name\":\"Abogado de denuncias en Los \u00c1ngeles, CA | Blair & Ramirez LLP\",\"isPartOf\":{\"@id\":\"https:\\\/\\\/www.blairramirezlaw.com\\\/#website\"},\"primaryImageOfPage\":{\"@id\":\"https:\\\/\\\/www.blairramirezlaw.com\\\/es\\\/abogado-de-empleo-de-los-angeles\\\/denunciantes#primaryimage\"},\"image\":{\"@id\":\"https:\\\/\\\/www.blairramirezlaw.com\\\/es\\\/abogado-de-empleo-de-los-angeles\\\/denunciantes#primaryimage\"},\"thumbnailUrl\":\"https:\\\/\\\/www.blairramirezlaw.com\\\/wp-content\\\/uploads\\\/2025\\\/09\\\/Abogado-de-denuncias-en-Los-Angeles.webp\",\"datePublished\":\"2025-09-25T09:39:32+00:00\",\"dateModified\":\"2026-02-24T07:00:40+00:00\",\"description\":\"\u00a1Denuncie el fraude laboral sin miedo! Conf\u00ede en nuestros abogados de denuncias de Los \u00c1ngeles para ayudarle con el proceso legal y obtener justicia. Revisi\u00f3n gratuita de su caso.\",\"breadcrumb\":{\"@id\":\"https:\\\/\\\/www.blairramirezlaw.com\\\/es\\\/abogado-de-empleo-de-los-angeles\\\/denunciantes#breadcrumb\"},\"inLanguage\":\"es\",\"potentialAction\":[{\"@type\":\"ReadAction\",\"target\":[\"https:\\\/\\\/www.blairramirezlaw.com\\\/es\\\/abogado-de-empleo-de-los-angeles\\\/denunciantes\"]}]},{\"@type\":\"ImageObject\",\"inLanguage\":\"es\",\"@id\":\"https:\\\/\\\/www.blairramirezlaw.com\\\/es\\\/abogado-de-empleo-de-los-angeles\\\/denunciantes#primaryimage\",\"url\":\"https:\\\/\\\/www.blairramirezlaw.com\\\/wp-content\\\/uploads\\\/2025\\\/09\\\/Abogado-de-denuncias-en-Los-Angeles.webp\",\"contentUrl\":\"https:\\\/\\\/www.blairramirezlaw.com\\\/wp-content\\\/uploads\\\/2025\\\/09\\\/Abogado-de-denuncias-en-Los-Angeles.webp\",\"width\":1640,\"height\":840,\"caption\":\"Abogado de denuncias en Los \u00c1ngeles\"},{\"@type\":\"BreadcrumbList\",\"@id\":\"https:\\\/\\\/www.blairramirezlaw.com\\\/es\\\/abogado-de-empleo-de-los-angeles\\\/denunciantes#breadcrumb\",\"itemListElement\":[{\"@type\":\"ListItem\",\"position\":1,\"name\":\"Home\",\"item\":\"https:\\\/\\\/www.blairramirezlaw.com\\\/es\"},{\"@type\":\"ListItem\",\"position\":2,\"name\":\"Abogado Laboral en Los \u00c1ngeles\",\"item\":\"https:\\\/\\\/www.blairramirezlaw.com\\\/es\\\/abogado-de-empleo-de-los-angeles\"},{\"@type\":\"ListItem\",\"position\":3,\"name\":\"Abogado de Denunciantes en Los \u00c1ngeles\"}]},{\"@type\":\"WebSite\",\"@id\":\"https:\\\/\\\/www.blairramirezlaw.com\\\/#website\",\"url\":\"https:\\\/\\\/www.blairramirezlaw.com\\\/\",\"name\":\"Blair & Ramirez LLP\",\"description\":\"\",\"publisher\":{\"@id\":\"https:\\\/\\\/www.blairramirezlaw.com\\\/#organization\"},\"potentialAction\":[{\"@type\":\"SearchAction\",\"target\":{\"@type\":\"EntryPoint\",\"urlTemplate\":\"https:\\\/\\\/www.blairramirezlaw.com\\\/?s={search_term_string}\"},\"query-input\":{\"@type\":\"PropertyValueSpecification\",\"valueRequired\":true,\"valueName\":\"search_term_string\"}}],\"inLanguage\":\"es\"},{\"@type\":\"Organization\",\"@id\":\"https:\\\/\\\/www.blairramirezlaw.com\\\/#organization\",\"name\":\"Blair & Ramirez LLP\",\"url\":\"https:\\\/\\\/www.blairramirezlaw.com\\\/\",\"logo\":{\"@type\":\"ImageObject\",\"inLanguage\":\"es\",\"@id\":\"https:\\\/\\\/www.blairramirezlaw.com\\\/#\\\/schema\\\/logo\\\/image\\\/\",\"url\":\"https:\\\/\\\/www.blairramirezlaw.com\\\/wp-content\\\/uploads\\\/2024\\\/08\\\/BR-logo.jpg\",\"contentUrl\":\"https:\\\/\\\/www.blairramirezlaw.com\\\/wp-content\\\/uploads\\\/2024\\\/08\\\/BR-logo.jpg\",\"width\":2000,\"height\":1045,\"caption\":\"Blair & Ramirez LLP\"},\"image\":{\"@id\":\"https:\\\/\\\/www.blairramirezlaw.com\\\/#\\\/schema\\\/logo\\\/image\\\/\"},\"sameAs\":[\"https:\\\/\\\/www.facebook.com\\\/blairramirezlaw\\\/\",\"https:\\\/\\\/x.com\\\/blairramirezllp\"]}]}<\/script>\n<!-- \/ Yoast SEO plugin. -->","yoast_head_json":{"title":"Abogado de denuncias en Los \u00c1ngeles, CA | Blair & Ramirez LLP","description":"\u00a1Denuncie el fraude laboral sin miedo! Conf\u00ede en nuestros abogados de denuncias de Los \u00c1ngeles para ayudarle con el proceso legal y obtener justicia. Revisi\u00f3n gratuita de su caso.","robots":{"index":"index","follow":"follow","max-snippet":"max-snippet:-1","max-image-preview":"max-image-preview:large","max-video-preview":"max-video-preview:-1"},"canonical":"https:\/\/www.blairramirezlaw.com\/es\/abogado-de-empleo-de-los-angeles\/denunciantes","og_locale":"es_ES","og_type":"article","og_title":"Abogado de denuncias en Los \u00c1ngeles, CA | Blair & Ramirez LLP","og_description":"\u00a1Denuncie el fraude laboral sin miedo! Conf\u00ede en nuestros abogados de denuncias de Los \u00c1ngeles para ayudarle con el proceso legal y obtener justicia. Revisi\u00f3n gratuita de su caso.","og_url":"https:\/\/www.blairramirezlaw.com\/es\/abogado-de-empleo-de-los-angeles\/denunciantes","og_site_name":"Blair &amp; Ramirez LLP","article_publisher":"https:\/\/www.facebook.com\/blairramirezlaw\/","article_modified_time":"2026-02-24T07:00:40+00:00","og_image":[{"width":1640,"height":840,"url":"https:\/\/www.blairramirezlaw.com\/wp-content\/uploads\/2025\/09\/Abogado-de-denuncias-en-Los-Angeles.webp","type":"image\/webp"}],"twitter_card":"summary_large_image","twitter_title":"Abogado de denuncias en Los \u00c1ngeles, CA | Blair & Ramirez LLP","twitter_description":"\u00a1Denuncie el fraude laboral sin miedo! Conf\u00ede en nuestros abogados de denuncias de Los \u00c1ngeles para ayudarle con el proceso legal y obtener justicia. Revisi\u00f3n gratuita de su caso.","twitter_image":"https:\/\/www.blairramirezlaw.com\/wp-content\/uploads\/2025\/09\/Abogado-de-denuncias-en-Los-Angeles.webp","twitter_site":"@blairramirezllp","twitter_misc":{"Est. reading time":"44 minutos"},"schema":{"@context":"https:\/\/schema.org","@graph":[{"@type":"WebPage","@id":"https:\/\/www.blairramirezlaw.com\/es\/abogado-de-empleo-de-los-angeles\/denunciantes","url":"https:\/\/www.blairramirezlaw.com\/es\/abogado-de-empleo-de-los-angeles\/denunciantes","name":"Abogado de denuncias en Los \u00c1ngeles, CA | Blair & Ramirez LLP","isPartOf":{"@id":"https:\/\/www.blairramirezlaw.com\/#website"},"primaryImageOfPage":{"@id":"https:\/\/www.blairramirezlaw.com\/es\/abogado-de-empleo-de-los-angeles\/denunciantes#primaryimage"},"image":{"@id":"https:\/\/www.blairramirezlaw.com\/es\/abogado-de-empleo-de-los-angeles\/denunciantes#primaryimage"},"thumbnailUrl":"https:\/\/www.blairramirezlaw.com\/wp-content\/uploads\/2025\/09\/Abogado-de-denuncias-en-Los-Angeles.webp","datePublished":"2025-09-25T09:39:32+00:00","dateModified":"2026-02-24T07:00:40+00:00","description":"\u00a1Denuncie el fraude laboral sin miedo! Conf\u00ede en nuestros abogados de denuncias de Los \u00c1ngeles para ayudarle con el proceso legal y obtener justicia. Revisi\u00f3n gratuita de su caso.","breadcrumb":{"@id":"https:\/\/www.blairramirezlaw.com\/es\/abogado-de-empleo-de-los-angeles\/denunciantes#breadcrumb"},"inLanguage":"es","potentialAction":[{"@type":"ReadAction","target":["https:\/\/www.blairramirezlaw.com\/es\/abogado-de-empleo-de-los-angeles\/denunciantes"]}]},{"@type":"ImageObject","inLanguage":"es","@id":"https:\/\/www.blairramirezlaw.com\/es\/abogado-de-empleo-de-los-angeles\/denunciantes#primaryimage","url":"https:\/\/www.blairramirezlaw.com\/wp-content\/uploads\/2025\/09\/Abogado-de-denuncias-en-Los-Angeles.webp","contentUrl":"https:\/\/www.blairramirezlaw.com\/wp-content\/uploads\/2025\/09\/Abogado-de-denuncias-en-Los-Angeles.webp","width":1640,"height":840,"caption":"Abogado de denuncias en Los \u00c1ngeles"},{"@type":"BreadcrumbList","@id":"https:\/\/www.blairramirezlaw.com\/es\/abogado-de-empleo-de-los-angeles\/denunciantes#breadcrumb","itemListElement":[{"@type":"ListItem","position":1,"name":"Home","item":"https:\/\/www.blairramirezlaw.com\/es"},{"@type":"ListItem","position":2,"name":"Abogado Laboral en Los \u00c1ngeles","item":"https:\/\/www.blairramirezlaw.com\/es\/abogado-de-empleo-de-los-angeles"},{"@type":"ListItem","position":3,"name":"Abogado de Denunciantes en Los \u00c1ngeles"}]},{"@type":"WebSite","@id":"https:\/\/www.blairramirezlaw.com\/#website","url":"https:\/\/www.blairramirezlaw.com\/","name":"Blair & Ramirez LLP","description":"","publisher":{"@id":"https:\/\/www.blairramirezlaw.com\/#organization"},"potentialAction":[{"@type":"SearchAction","target":{"@type":"EntryPoint","urlTemplate":"https:\/\/www.blairramirezlaw.com\/?s={search_term_string}"},"query-input":{"@type":"PropertyValueSpecification","valueRequired":true,"valueName":"search_term_string"}}],"inLanguage":"es"},{"@type":"Organization","@id":"https:\/\/www.blairramirezlaw.com\/#organization","name":"Blair & Ramirez LLP","url":"https:\/\/www.blairramirezlaw.com\/","logo":{"@type":"ImageObject","inLanguage":"es","@id":"https:\/\/www.blairramirezlaw.com\/#\/schema\/logo\/image\/","url":"https:\/\/www.blairramirezlaw.com\/wp-content\/uploads\/2024\/08\/BR-logo.jpg","contentUrl":"https:\/\/www.blairramirezlaw.com\/wp-content\/uploads\/2024\/08\/BR-logo.jpg","width":2000,"height":1045,"caption":"Blair & Ramirez LLP"},"image":{"@id":"https:\/\/www.blairramirezlaw.com\/#\/schema\/logo\/image\/"},"sameAs":["https:\/\/www.facebook.com\/blairramirezlaw\/","https:\/\/x.com\/blairramirezllp"]}]}},"_links":{"self":[{"href":"https:\/\/www.blairramirezlaw.com\/es\/wp-json\/wp\/v2\/pages\/7420","targetHints":{"allow":["GET"]}}],"collection":[{"href":"https:\/\/www.blairramirezlaw.com\/es\/wp-json\/wp\/v2\/pages"}],"about":[{"href":"https:\/\/www.blairramirezlaw.com\/es\/wp-json\/wp\/v2\/types\/page"}],"author":[{"embeddable":true,"href":"https:\/\/www.blairramirezlaw.com\/es\/wp-json\/wp\/v2\/users\/11"}],"replies":[{"embeddable":true,"href":"https:\/\/www.blairramirezlaw.com\/es\/wp-json\/wp\/v2\/comments?post=7420"}],"version-history":[{"count":0,"href":"https:\/\/www.blairramirezlaw.com\/es\/wp-json\/wp\/v2\/pages\/7420\/revisions"}],"up":[{"embeddable":true,"href":"https:\/\/www.blairramirezlaw.com\/es\/wp-json\/wp\/v2\/pages\/709"}],"wp:featuredmedia":[{"embeddable":true,"href":"https:\/\/www.blairramirezlaw.com\/es\/wp-json\/wp\/v2\/media\/7744"}],"wp:attachment":[{"href":"https:\/\/www.blairramirezlaw.com\/es\/wp-json\/wp\/v2\/media?parent=7420"}],"curies":[{"name":"wp","href":"https:\/\/api.w.org\/{rel}","templated":true}]}}