{"id":692,"date":"2019-05-15T13:17:36","date_gmt":"2019-05-15T20:17:36","guid":{"rendered":"https:\/\/www.blairramirezlaw.com\/los-angeles-brain-spinal-injury-lawyer"},"modified":"2026-02-23T22:32:32","modified_gmt":"2026-02-24T06:32:32","slug":"abogado-de-lesiones-cerebrales-y-de-la-medula-espinal-de-los-angeles","status":"publish","type":"page","link":"https:\/\/www.blairramirezlaw.com\/es\/abogado-de-lesiones-cerebrales-en-los-angeles","title":{"rendered":"Brain Injuries &#8211; Abogado de lesiones cerebrales en Los \u00c1ngeles"},"content":{"rendered":"<div id=\"cs-content\" class=\"cs-content\"><\/div>\n","protected":false},"excerpt":{"rendered":"<p>Abogado de lesiones cerebrales en Los &Aacute;ngeles | Asistencia legal para v&iacute;ctimas de traumatismos craneoencef&aacute;licos En esta p&aacute;gina Por qu&eacute; necesita un abogado de lesiones cerebrales despu&eacute;s de sufrir una lesi&oacute;n cerebral traum&aacute;tica en Los &Aacute;ngeles&iquest;Qu&eacute; Puede Hacer por Ud. un Abogado de Lesiones Cerebrales de Los &Aacute;ngeles?&iquest;Se Puede Demandar por una Lesi&oacute;n Cerebral en California?Lo Que Hacer Despu&eacute;s de ... <a href=\"https:\/\/www.blairramirezlaw.com\/es\/abogado-de-lesiones-cerebrales-en-los-angeles\" class=\"more-link\">Read More<\/a><\/p>\n","protected":false},"author":11,"featured_media":8246,"parent":0,"menu_order":0,"comment_status":"closed","ping_status":"closed","template":"template-blank-4.php","meta":{"_acf_changed":false,"inline_featured_image":false,"footnotes":""},"class_list":["post-692","page","type-page","status-publish","has-post-thumbnail","hentry"],"acf":[],"yoast_head":"<!-- This site is optimized with the Yoast SEO plugin v27.4 - https:\/\/yoast.com\/product\/yoast-seo-wordpress\/ -->\n<title>Abogado de lesiones cerebrales en Los \u00c1ngeles | Lucha legal<\/title>\n<meta name=\"description\" content=\"Obtenga el apoyo de confianza de un abogado de lesiones cerebrales de Los \u00c1ngeles que luchar\u00e1 por su recuperaci\u00f3n, sus derechos, y la compensaci\u00f3n econ\u00f3mica justa.\" \/>\n<meta name=\"robots\" content=\"index, follow, max-snippet:-1, max-image-preview:large, max-video-preview:-1\" \/>\n<link rel=\"canonical\" href=\"https:\/\/www.blairramirezlaw.com\/es\/abogado-de-lesiones-cerebrales-en-los-angeles\" \/>\n<meta property=\"og:locale\" content=\"es_ES\" \/>\n<meta property=\"og:type\" content=\"article\" \/>\n<meta property=\"og:title\" content=\"Abogado de lesiones cerebrales en Los \u00c1ngeles | Lucha legal\" \/>\n<meta property=\"og:description\" content=\"Obtenga el apoyo de confianza de un abogado de lesiones cerebrales de Los \u00c1ngeles que luchar\u00e1 por su recuperaci\u00f3n, sus derechos, y la compensaci\u00f3n econ\u00f3mica justa.\" \/>\n<meta property=\"og:url\" content=\"https:\/\/www.blairramirezlaw.com\/es\/abogado-de-lesiones-cerebrales-en-los-angeles\" \/>\n<meta property=\"og:site_name\" content=\"Blair &amp; Ramirez LLP\" \/>\n<meta property=\"article:publisher\" content=\"https:\/\/www.facebook.com\/blairramirezlaw\/\" \/>\n<meta property=\"article:modified_time\" content=\"2026-02-24T06:32:32+00:00\" \/>\n<meta property=\"og:image\" content=\"https:\/\/www.blairramirezlaw.com\/wp-content\/uploads\/2026\/01\/Los-Angeles-Brain-Injury-Attorney-Spanish.webp\" \/>\n\t<meta property=\"og:image:width\" content=\"1640\" \/>\n\t<meta property=\"og:image:height\" content=\"840\" \/>\n\t<meta property=\"og:image:type\" content=\"image\/webp\" \/>\n<meta name=\"twitter:card\" content=\"summary_large_image\" \/>\n<meta name=\"twitter:title\" content=\"Abogado de lesiones cerebrales en Los \u00c1ngeles | Lucha legal\" \/>\n<meta name=\"twitter:description\" content=\"Obtenga el apoyo de confianza de un abogado de lesiones cerebrales de Los \u00c1ngeles que luchar\u00e1 por su recuperaci\u00f3n, sus derechos, y la compensaci\u00f3n econ\u00f3mica justa.\" \/>\n<meta name=\"twitter:image\" content=\"https:\/\/www.blairramirezlaw.com\/wp-content\/uploads\/2026\/01\/Los-Angeles-Brain-Injury-Attorney-Spanish.webp\" \/>\n<meta name=\"twitter:site\" content=\"@blairramirezllp\" \/>\n<meta name=\"twitter:label1\" content=\"Est. reading time\" \/>\n\t<meta name=\"twitter:data1\" content=\"42 minutos\" \/>\n<script type=\"application\/ld+json\" class=\"yoast-schema-graph\">{\"@context\":\"https:\\\/\\\/schema.org\",\"@graph\":[{\"@type\":\"WebPage\",\"@id\":\"https:\\\/\\\/www.blairramirezlaw.com\\\/es\\\/abogado-de-lesiones-cerebrales-en-los-angeles\",\"url\":\"https:\\\/\\\/www.blairramirezlaw.com\\\/es\\\/abogado-de-lesiones-cerebrales-en-los-angeles\",\"name\":\"Abogado de lesiones cerebrales en Los \u00c1ngeles | Lucha legal\",\"isPartOf\":{\"@id\":\"https:\\\/\\\/www.blairramirezlaw.com\\\/es#website\"},\"primaryImageOfPage\":{\"@id\":\"https:\\\/\\\/www.blairramirezlaw.com\\\/es\\\/abogado-de-lesiones-cerebrales-en-los-angeles#primaryimage\"},\"image\":{\"@id\":\"https:\\\/\\\/www.blairramirezlaw.com\\\/es\\\/abogado-de-lesiones-cerebrales-en-los-angeles#primaryimage\"},\"thumbnailUrl\":\"https:\\\/\\\/www.blairramirezlaw.com\\\/wp-content\\\/uploads\\\/2026\\\/01\\\/Los-Angeles-Brain-Injury-Attorney-Spanish.webp\",\"datePublished\":\"2019-05-15T20:17:36+00:00\",\"dateModified\":\"2026-02-24T06:32:32+00:00\",\"description\":\"Obtenga el apoyo de confianza de un abogado de lesiones cerebrales de Los \u00c1ngeles que luchar\u00e1 por su recuperaci\u00f3n, sus derechos, y la compensaci\u00f3n econ\u00f3mica justa.\",\"breadcrumb\":{\"@id\":\"https:\\\/\\\/www.blairramirezlaw.com\\\/es\\\/abogado-de-lesiones-cerebrales-en-los-angeles#breadcrumb\"},\"inLanguage\":\"es\",\"potentialAction\":[{\"@type\":\"ReadAction\",\"target\":[\"https:\\\/\\\/www.blairramirezlaw.com\\\/es\\\/abogado-de-lesiones-cerebrales-en-los-angeles\"]}]},{\"@type\":\"ImageObject\",\"inLanguage\":\"es\",\"@id\":\"https:\\\/\\\/www.blairramirezlaw.com\\\/es\\\/abogado-de-lesiones-cerebrales-en-los-angeles#primaryimage\",\"url\":\"https:\\\/\\\/www.blairramirezlaw.com\\\/wp-content\\\/uploads\\\/2026\\\/01\\\/Los-Angeles-Brain-Injury-Attorney-Spanish.webp\",\"contentUrl\":\"https:\\\/\\\/www.blairramirezlaw.com\\\/wp-content\\\/uploads\\\/2026\\\/01\\\/Los-Angeles-Brain-Injury-Attorney-Spanish.webp\",\"width\":1640,\"height\":840,\"caption\":\"Abogado de lesiones cerebrales en Los \u00c1ngeles\"},{\"@type\":\"BreadcrumbList\",\"@id\":\"https:\\\/\\\/www.blairramirezlaw.com\\\/es\\\/abogado-de-lesiones-cerebrales-en-los-angeles#breadcrumb\",\"itemListElement\":[{\"@type\":\"ListItem\",\"position\":1,\"name\":\"Home\",\"item\":\"https:\\\/\\\/www.blairramirezlaw.com\\\/es\"},{\"@type\":\"ListItem\",\"position\":2,\"name\":\"Brain Injuries &#8211; Abogado de lesiones cerebrales en Los \u00c1ngeles\"}]},{\"@type\":\"WebSite\",\"@id\":\"https:\\\/\\\/www.blairramirezlaw.com\\\/es#website\",\"url\":\"https:\\\/\\\/www.blairramirezlaw.com\\\/es\",\"name\":\"Blair & Ramirez LLP\",\"description\":\"\",\"publisher\":{\"@id\":\"https:\\\/\\\/www.blairramirezlaw.com\\\/es#organization\"},\"potentialAction\":[{\"@type\":\"SearchAction\",\"target\":{\"@type\":\"EntryPoint\",\"urlTemplate\":\"https:\\\/\\\/www.blairramirezlaw.com\\\/es?s={search_term_string}\"},\"query-input\":{\"@type\":\"PropertyValueSpecification\",\"valueRequired\":true,\"valueName\":\"search_term_string\"}}],\"inLanguage\":\"es\"},{\"@type\":\"Organization\",\"@id\":\"https:\\\/\\\/www.blairramirezlaw.com\\\/es#organization\",\"name\":\"Blair & Ramirez LLP\",\"url\":\"https:\\\/\\\/www.blairramirezlaw.com\\\/es\",\"logo\":{\"@type\":\"ImageObject\",\"inLanguage\":\"es\",\"@id\":\"https:\\\/\\\/www.blairramirezlaw.com\\\/es#\\\/schema\\\/logo\\\/image\\\/\",\"url\":\"https:\\\/\\\/www.blairramirezlaw.com\\\/wp-content\\\/uploads\\\/2024\\\/08\\\/BR-logo.jpg\",\"contentUrl\":\"https:\\\/\\\/www.blairramirezlaw.com\\\/wp-content\\\/uploads\\\/2024\\\/08\\\/BR-logo.jpg\",\"width\":2000,\"height\":1045,\"caption\":\"Blair & Ramirez LLP\"},\"image\":{\"@id\":\"https:\\\/\\\/www.blairramirezlaw.com\\\/es#\\\/schema\\\/logo\\\/image\\\/\"},\"sameAs\":[\"https:\\\/\\\/www.facebook.com\\\/blairramirezlaw\\\/\",\"https:\\\/\\\/x.com\\\/blairramirezllp\"]}]}<\/script>\n<!-- \/ Yoast SEO plugin. -->","yoast_head_json":{"title":"Abogado de lesiones cerebrales en Los \u00c1ngeles | Lucha legal","description":"Obtenga el apoyo de confianza de un abogado de lesiones cerebrales de Los \u00c1ngeles que luchar\u00e1 por su recuperaci\u00f3n, sus derechos, y la compensaci\u00f3n econ\u00f3mica justa.","robots":{"index":"index","follow":"follow","max-snippet":"max-snippet:-1","max-image-preview":"max-image-preview:large","max-video-preview":"max-video-preview:-1"},"canonical":"https:\/\/www.blairramirezlaw.com\/es\/abogado-de-lesiones-cerebrales-en-los-angeles","og_locale":"es_ES","og_type":"article","og_title":"Abogado de lesiones cerebrales en Los \u00c1ngeles | Lucha legal","og_description":"Obtenga el apoyo de confianza de un abogado de lesiones cerebrales de Los \u00c1ngeles que luchar\u00e1 por su recuperaci\u00f3n, sus derechos, y la compensaci\u00f3n econ\u00f3mica justa.","og_url":"https:\/\/www.blairramirezlaw.com\/es\/abogado-de-lesiones-cerebrales-en-los-angeles","og_site_name":"Blair &amp; Ramirez LLP","article_publisher":"https:\/\/www.facebook.com\/blairramirezlaw\/","article_modified_time":"2026-02-24T06:32:32+00:00","og_image":[{"width":1640,"height":840,"url":"https:\/\/www.blairramirezlaw.com\/wp-content\/uploads\/2026\/01\/Los-Angeles-Brain-Injury-Attorney-Spanish.webp","type":"image\/webp"}],"twitter_card":"summary_large_image","twitter_title":"Abogado de lesiones cerebrales en Los \u00c1ngeles | Lucha legal","twitter_description":"Obtenga el apoyo de confianza de un abogado de lesiones cerebrales de Los \u00c1ngeles que luchar\u00e1 por su recuperaci\u00f3n, sus derechos, y la compensaci\u00f3n econ\u00f3mica justa.","twitter_image":"https:\/\/www.blairramirezlaw.com\/wp-content\/uploads\/2026\/01\/Los-Angeles-Brain-Injury-Attorney-Spanish.webp","twitter_site":"@blairramirezllp","twitter_misc":{"Est. reading time":"42 minutos"},"schema":{"@context":"https:\/\/schema.org","@graph":[{"@type":"WebPage","@id":"https:\/\/www.blairramirezlaw.com\/es\/abogado-de-lesiones-cerebrales-en-los-angeles","url":"https:\/\/www.blairramirezlaw.com\/es\/abogado-de-lesiones-cerebrales-en-los-angeles","name":"Abogado de lesiones cerebrales en Los \u00c1ngeles | Lucha legal","isPartOf":{"@id":"https:\/\/www.blairramirezlaw.com\/es#website"},"primaryImageOfPage":{"@id":"https:\/\/www.blairramirezlaw.com\/es\/abogado-de-lesiones-cerebrales-en-los-angeles#primaryimage"},"image":{"@id":"https:\/\/www.blairramirezlaw.com\/es\/abogado-de-lesiones-cerebrales-en-los-angeles#primaryimage"},"thumbnailUrl":"https:\/\/www.blairramirezlaw.com\/wp-content\/uploads\/2026\/01\/Los-Angeles-Brain-Injury-Attorney-Spanish.webp","datePublished":"2019-05-15T20:17:36+00:00","dateModified":"2026-02-24T06:32:32+00:00","description":"Obtenga el apoyo de confianza de un abogado de lesiones cerebrales de Los \u00c1ngeles que luchar\u00e1 por su recuperaci\u00f3n, sus derechos, y la compensaci\u00f3n econ\u00f3mica justa.","breadcrumb":{"@id":"https:\/\/www.blairramirezlaw.com\/es\/abogado-de-lesiones-cerebrales-en-los-angeles#breadcrumb"},"inLanguage":"es","potentialAction":[{"@type":"ReadAction","target":["https:\/\/www.blairramirezlaw.com\/es\/abogado-de-lesiones-cerebrales-en-los-angeles"]}]},{"@type":"ImageObject","inLanguage":"es","@id":"https:\/\/www.blairramirezlaw.com\/es\/abogado-de-lesiones-cerebrales-en-los-angeles#primaryimage","url":"https:\/\/www.blairramirezlaw.com\/wp-content\/uploads\/2026\/01\/Los-Angeles-Brain-Injury-Attorney-Spanish.webp","contentUrl":"https:\/\/www.blairramirezlaw.com\/wp-content\/uploads\/2026\/01\/Los-Angeles-Brain-Injury-Attorney-Spanish.webp","width":1640,"height":840,"caption":"Abogado de lesiones cerebrales en Los \u00c1ngeles"},{"@type":"BreadcrumbList","@id":"https:\/\/www.blairramirezlaw.com\/es\/abogado-de-lesiones-cerebrales-en-los-angeles#breadcrumb","itemListElement":[{"@type":"ListItem","position":1,"name":"Home","item":"https:\/\/www.blairramirezlaw.com\/es"},{"@type":"ListItem","position":2,"name":"Brain Injuries &#8211; Abogado de lesiones cerebrales en Los \u00c1ngeles"}]},{"@type":"WebSite","@id":"https:\/\/www.blairramirezlaw.com\/es#website","url":"https:\/\/www.blairramirezlaw.com\/es","name":"Blair & Ramirez LLP","description":"","publisher":{"@id":"https:\/\/www.blairramirezlaw.com\/es#organization"},"potentialAction":[{"@type":"SearchAction","target":{"@type":"EntryPoint","urlTemplate":"https:\/\/www.blairramirezlaw.com\/es?s={search_term_string}"},"query-input":{"@type":"PropertyValueSpecification","valueRequired":true,"valueName":"search_term_string"}}],"inLanguage":"es"},{"@type":"Organization","@id":"https:\/\/www.blairramirezlaw.com\/es#organization","name":"Blair & Ramirez LLP","url":"https:\/\/www.blairramirezlaw.com\/es","logo":{"@type":"ImageObject","inLanguage":"es","@id":"https:\/\/www.blairramirezlaw.com\/es#\/schema\/logo\/image\/","url":"https:\/\/www.blairramirezlaw.com\/wp-content\/uploads\/2024\/08\/BR-logo.jpg","contentUrl":"https:\/\/www.blairramirezlaw.com\/wp-content\/uploads\/2024\/08\/BR-logo.jpg","width":2000,"height":1045,"caption":"Blair & Ramirez LLP"},"image":{"@id":"https:\/\/www.blairramirezlaw.com\/es#\/schema\/logo\/image\/"},"sameAs":["https:\/\/www.facebook.com\/blairramirezlaw\/","https:\/\/x.com\/blairramirezllp"]}]}},"_links":{"self":[{"href":"https:\/\/www.blairramirezlaw.com\/es\/wp-json\/wp\/v2\/pages\/692","targetHints":{"allow":["GET"]}}],"collection":[{"href":"https:\/\/www.blairramirezlaw.com\/es\/wp-json\/wp\/v2\/pages"}],"about":[{"href":"https:\/\/www.blairramirezlaw.com\/es\/wp-json\/wp\/v2\/types\/page"}],"author":[{"embeddable":true,"href":"https:\/\/www.blairramirezlaw.com\/es\/wp-json\/wp\/v2\/users\/11"}],"replies":[{"embeddable":true,"href":"https:\/\/www.blairramirezlaw.com\/es\/wp-json\/wp\/v2\/comments?post=692"}],"version-history":[{"count":0,"href":"https:\/\/www.blairramirezlaw.com\/es\/wp-json\/wp\/v2\/pages\/692\/revisions"}],"wp:featuredmedia":[{"embeddable":true,"href":"https:\/\/www.blairramirezlaw.com\/es\/wp-json\/wp\/v2\/media\/8246"}],"wp:attachment":[{"href":"https:\/\/www.blairramirezlaw.com\/es\/wp-json\/wp\/v2\/media?parent=692"}],"curies":[{"name":"wp","href":"https:\/\/api.w.org\/{rel}","templated":true}]}}