{"id":6592,"date":"2025-02-18T09:45:47","date_gmt":"2025-02-18T17:45:47","guid":{"rendered":"https:\/\/www.blairramirezlaw.com\/oscar-ramirez-spanish"},"modified":"2026-03-05T13:20:55","modified_gmt":"2026-03-05T21:20:55","slug":"oscar-ramirez-2","status":"publish","type":"page","link":"https:\/\/www.blairramirezlaw.com\/es\/oscar-ramirez-2","title":{"rendered":"Oscar Ramirez (Spanish)"},"content":{"rendered":"<div id=\"cs-content\" class=\"cs-content\"><\/div>\n","protected":false},"excerpt":{"rendered":"<p>Oscar Ramirez Representaci\u00f3n latina en el sur de California Oscar Ram\u00edrez, un s\u00edmbolo de orgullo para la comunidad latina del sur de California, est\u00e1 afiliado a la Asociaci\u00f3n de Abogados M\u00e9xico-Estadounidenses. Su asociaci\u00f3n es un testimonio de su compromiso con la defensa de los derechos e intereses de la comunidad latina, lo que ejemplifica su dedicaci\u00f3n a fomentar la diversidad ... <a href=\"https:\/\/www.blairramirezlaw.com\/es\/top-settlements-oscar-ramirez-2\" class=\"more-link\">Read More<\/a><\/p>\n","protected":false},"author":11,"featured_media":0,"parent":0,"menu_order":0,"comment_status":"closed","ping_status":"closed","template":"template-blank-4.php","meta":{"_acf_changed":false,"inline_featured_image":false,"footnotes":""},"class_list":["post-6592","page","type-page","status-publish","hentry","no-post-thumbnail"],"acf":[],"yoast_head":"<!-- This site is optimized with the Yoast SEO plugin v27.4 - https:\/\/yoast.com\/product\/yoast-seo-wordpress\/ -->\n<title>Oscar Ram\u00edrez | Abogado de Lesiones Personales Derecho<\/title>\n<meta name=\"description\" content=\"Oscar Ram\u00edrez es abogado litigante en Los \u00c1ngeles especializado en lesiones personales y derecho laboral. Calificaci\u00f3n perfecta Avvo 10\/10.\" \/>\n<meta name=\"robots\" content=\"index, follow, max-snippet:-1, max-image-preview:large, max-video-preview:-1\" \/>\n<link rel=\"canonical\" href=\"https:\/\/www.blairramirezlaw.com\/es\/oscar-ramirez-2\" \/>\n<meta property=\"og:locale\" content=\"es_ES\" \/>\n<meta property=\"og:type\" content=\"article\" \/>\n<meta property=\"og:title\" content=\"Oscar Ram\u00edrez | Abogado de Lesiones Personales Derecho\" \/>\n<meta property=\"og:description\" content=\"Oscar Ram\u00edrez es abogado litigante en Los \u00c1ngeles especializado en lesiones personales y derecho laboral. Calificaci\u00f3n perfecta Avvo 10\/10.\" \/>\n<meta property=\"og:url\" content=\"https:\/\/www.blairramirezlaw.com\/es\/oscar-ramirez-2\" \/>\n<meta property=\"og:site_name\" content=\"Blair &amp; Ramirez LLP\" \/>\n<meta property=\"article:publisher\" content=\"https:\/\/www.facebook.com\/blairramirezlaw\/\" \/>\n<meta property=\"article:modified_time\" content=\"2026-03-05T21:20:55+00:00\" \/>\n<meta property=\"og:image\" content=\"https:\/\/www.blairramirezlaw.com\/wp-content\/uploads\/2024\/08\/BR-logo.jpg\" \/>\n\t<meta property=\"og:image:width\" content=\"2000\" \/>\n\t<meta property=\"og:image:height\" content=\"1045\" \/>\n\t<meta property=\"og:image:type\" content=\"image\/jpeg\" \/>\n<meta name=\"twitter:card\" content=\"summary_large_image\" \/>\n<meta name=\"twitter:site\" content=\"@blairramirezllp\" \/>\n<meta name=\"twitter:label1\" content=\"Est. reading time\" \/>\n\t<meta name=\"twitter:data1\" content=\"18 minutos\" \/>\n<script type=\"application\/ld+json\" class=\"yoast-schema-graph\">{\"@context\":\"https:\\\/\\\/schema.org\",\"@graph\":[{\"@type\":\"WebPage\",\"@id\":\"https:\\\/\\\/www.blairramirezlaw.com\\\/es\\\/oscar-ramirez-2\",\"url\":\"https:\\\/\\\/www.blairramirezlaw.com\\\/es\\\/oscar-ramirez-2\",\"name\":\"Oscar Ram\u00edrez | Abogado de Lesiones Personales Derecho\",\"isPartOf\":{\"@id\":\"https:\\\/\\\/www.blairramirezlaw.com\\\/es#website\"},\"datePublished\":\"2025-02-18T17:45:47+00:00\",\"dateModified\":\"2026-03-05T21:20:55+00:00\",\"description\":\"Oscar Ram\u00edrez es abogado litigante en Los \u00c1ngeles especializado en lesiones personales y derecho laboral. Calificaci\u00f3n perfecta Avvo 10\\\/10.\",\"breadcrumb\":{\"@id\":\"https:\\\/\\\/www.blairramirezlaw.com\\\/es\\\/oscar-ramirez-2#breadcrumb\"},\"inLanguage\":\"es\",\"potentialAction\":[{\"@type\":\"ReadAction\",\"target\":[\"https:\\\/\\\/www.blairramirezlaw.com\\\/es\\\/oscar-ramirez-2\"]}]},{\"@type\":\"BreadcrumbList\",\"@id\":\"https:\\\/\\\/www.blairramirezlaw.com\\\/es\\\/oscar-ramirez-2#breadcrumb\",\"itemListElement\":[{\"@type\":\"ListItem\",\"position\":1,\"name\":\"Home\",\"item\":\"https:\\\/\\\/www.blairramirezlaw.com\\\/es\"},{\"@type\":\"ListItem\",\"position\":2,\"name\":\"Oscar Ramirez (Spanish)\"}]},{\"@type\":\"WebSite\",\"@id\":\"https:\\\/\\\/www.blairramirezlaw.com\\\/es#website\",\"url\":\"https:\\\/\\\/www.blairramirezlaw.com\\\/es\",\"name\":\"Blair & Ramirez LLP\",\"description\":\"\",\"publisher\":{\"@id\":\"https:\\\/\\\/www.blairramirezlaw.com\\\/es#organization\"},\"potentialAction\":[{\"@type\":\"SearchAction\",\"target\":{\"@type\":\"EntryPoint\",\"urlTemplate\":\"https:\\\/\\\/www.blairramirezlaw.com\\\/es?s={search_term_string}\"},\"query-input\":{\"@type\":\"PropertyValueSpecification\",\"valueRequired\":true,\"valueName\":\"search_term_string\"}}],\"inLanguage\":\"es\"},{\"@type\":\"Organization\",\"@id\":\"https:\\\/\\\/www.blairramirezlaw.com\\\/es#organization\",\"name\":\"Blair & Ramirez LLP\",\"url\":\"https:\\\/\\\/www.blairramirezlaw.com\\\/es\",\"logo\":{\"@type\":\"ImageObject\",\"inLanguage\":\"es\",\"@id\":\"https:\\\/\\\/www.blairramirezlaw.com\\\/es#\\\/schema\\\/logo\\\/image\\\/\",\"url\":\"https:\\\/\\\/www.blairramirezlaw.com\\\/wp-content\\\/uploads\\\/2024\\\/08\\\/BR-logo.jpg\",\"contentUrl\":\"https:\\\/\\\/www.blairramirezlaw.com\\\/wp-content\\\/uploads\\\/2024\\\/08\\\/BR-logo.jpg\",\"width\":2000,\"height\":1045,\"caption\":\"Blair & Ramirez LLP\"},\"image\":{\"@id\":\"https:\\\/\\\/www.blairramirezlaw.com\\\/es#\\\/schema\\\/logo\\\/image\\\/\"},\"sameAs\":[\"https:\\\/\\\/www.facebook.com\\\/blairramirezlaw\\\/\",\"https:\\\/\\\/x.com\\\/blairramirezllp\"]}]}<\/script>\n<!-- \/ Yoast SEO plugin. -->","yoast_head_json":{"title":"Oscar Ram\u00edrez | Abogado de Lesiones Personales Derecho","description":"Oscar Ram\u00edrez es abogado litigante en Los \u00c1ngeles especializado en lesiones personales y derecho laboral. Calificaci\u00f3n perfecta Avvo 10\/10.","robots":{"index":"index","follow":"follow","max-snippet":"max-snippet:-1","max-image-preview":"max-image-preview:large","max-video-preview":"max-video-preview:-1"},"canonical":"https:\/\/www.blairramirezlaw.com\/es\/oscar-ramirez-2","og_locale":"es_ES","og_type":"article","og_title":"Oscar Ram\u00edrez | Abogado de Lesiones Personales Derecho","og_description":"Oscar Ram\u00edrez es abogado litigante en Los \u00c1ngeles especializado en lesiones personales y derecho laboral. Calificaci\u00f3n perfecta Avvo 10\/10.","og_url":"https:\/\/www.blairramirezlaw.com\/es\/oscar-ramirez-2","og_site_name":"Blair &amp; Ramirez LLP","article_publisher":"https:\/\/www.facebook.com\/blairramirezlaw\/","article_modified_time":"2026-03-05T21:20:55+00:00","og_image":[{"width":2000,"height":1045,"url":"https:\/\/www.blairramirezlaw.com\/wp-content\/uploads\/2024\/08\/BR-logo.jpg","type":"image\/jpeg"}],"twitter_card":"summary_large_image","twitter_site":"@blairramirezllp","twitter_misc":{"Est. reading time":"18 minutos"},"schema":{"@context":"https:\/\/schema.org","@graph":[{"@type":"WebPage","@id":"https:\/\/www.blairramirezlaw.com\/es\/oscar-ramirez-2","url":"https:\/\/www.blairramirezlaw.com\/es\/oscar-ramirez-2","name":"Oscar Ram\u00edrez | Abogado de Lesiones Personales Derecho","isPartOf":{"@id":"https:\/\/www.blairramirezlaw.com\/es#website"},"datePublished":"2025-02-18T17:45:47+00:00","dateModified":"2026-03-05T21:20:55+00:00","description":"Oscar Ram\u00edrez es abogado litigante en Los \u00c1ngeles especializado en lesiones personales y derecho laboral. Calificaci\u00f3n perfecta Avvo 10\/10.","breadcrumb":{"@id":"https:\/\/www.blairramirezlaw.com\/es\/oscar-ramirez-2#breadcrumb"},"inLanguage":"es","potentialAction":[{"@type":"ReadAction","target":["https:\/\/www.blairramirezlaw.com\/es\/oscar-ramirez-2"]}]},{"@type":"BreadcrumbList","@id":"https:\/\/www.blairramirezlaw.com\/es\/oscar-ramirez-2#breadcrumb","itemListElement":[{"@type":"ListItem","position":1,"name":"Home","item":"https:\/\/www.blairramirezlaw.com\/es"},{"@type":"ListItem","position":2,"name":"Oscar Ramirez (Spanish)"}]},{"@type":"WebSite","@id":"https:\/\/www.blairramirezlaw.com\/es#website","url":"https:\/\/www.blairramirezlaw.com\/es","name":"Blair & Ramirez LLP","description":"","publisher":{"@id":"https:\/\/www.blairramirezlaw.com\/es#organization"},"potentialAction":[{"@type":"SearchAction","target":{"@type":"EntryPoint","urlTemplate":"https:\/\/www.blairramirezlaw.com\/es?s={search_term_string}"},"query-input":{"@type":"PropertyValueSpecification","valueRequired":true,"valueName":"search_term_string"}}],"inLanguage":"es"},{"@type":"Organization","@id":"https:\/\/www.blairramirezlaw.com\/es#organization","name":"Blair & Ramirez LLP","url":"https:\/\/www.blairramirezlaw.com\/es","logo":{"@type":"ImageObject","inLanguage":"es","@id":"https:\/\/www.blairramirezlaw.com\/es#\/schema\/logo\/image\/","url":"https:\/\/www.blairramirezlaw.com\/wp-content\/uploads\/2024\/08\/BR-logo.jpg","contentUrl":"https:\/\/www.blairramirezlaw.com\/wp-content\/uploads\/2024\/08\/BR-logo.jpg","width":2000,"height":1045,"caption":"Blair & Ramirez LLP"},"image":{"@id":"https:\/\/www.blairramirezlaw.com\/es#\/schema\/logo\/image\/"},"sameAs":["https:\/\/www.facebook.com\/blairramirezlaw\/","https:\/\/x.com\/blairramirezllp"]}]}},"_links":{"self":[{"href":"https:\/\/www.blairramirezlaw.com\/es\/wp-json\/wp\/v2\/pages\/6592","targetHints":{"allow":["GET"]}}],"collection":[{"href":"https:\/\/www.blairramirezlaw.com\/es\/wp-json\/wp\/v2\/pages"}],"about":[{"href":"https:\/\/www.blairramirezlaw.com\/es\/wp-json\/wp\/v2\/types\/page"}],"author":[{"embeddable":true,"href":"https:\/\/www.blairramirezlaw.com\/es\/wp-json\/wp\/v2\/users\/11"}],"replies":[{"embeddable":true,"href":"https:\/\/www.blairramirezlaw.com\/es\/wp-json\/wp\/v2\/comments?post=6592"}],"version-history":[{"count":0,"href":"https:\/\/www.blairramirezlaw.com\/es\/wp-json\/wp\/v2\/pages\/6592\/revisions"}],"wp:attachment":[{"href":"https:\/\/www.blairramirezlaw.com\/es\/wp-json\/wp\/v2\/media?parent=6592"}],"curies":[{"name":"wp","href":"https:\/\/api.w.org\/{rel}","templated":true}]}}