{"id":3681,"date":"2022-06-01T14:10:52","date_gmt":"2022-06-01T21:10:52","guid":{"rendered":"https:\/\/www.blairramirezlaw.com\/california-workers-rights"},"modified":"2026-03-03T03:31:48","modified_gmt":"2026-03-03T11:31:48","slug":"derechos-de-los-trabajadores-de-california","status":"publish","type":"page","link":"https:\/\/www.blairramirezlaw.com\/es\/derechos-de-los-trabajadores-de-california","title":{"rendered":"Derechos de los trabajadores y leyes laborales de California de 2025"},"content":{"rendered":"<div id=\"cs-content\" class=\"cs-content\"><\/div>\n","protected":false},"excerpt":{"rendered":"<p>Derechos de los trabajadores de California: Conozca lo que la ley protege la ley Su trabajo es m\u00e1s que un simple sueldo; es su medio de vida y el de su familia. Cuando un empleador no trata a Ud. de manera justa, no solo perjudica sus ingresos, sino que tambi\u00e9n afecta su dignidad, estabilidad, y futuro. Afortunadamente, California tiene algunas ... <a href=\"https:\/\/www.blairramirezlaw.com\/es\/derechos-de-los-trabajadores-de-california\" class=\"more-link\">Read More<\/a><\/p>\n","protected":false},"author":11,"featured_media":7497,"parent":0,"menu_order":0,"comment_status":"closed","ping_status":"closed","template":"template-blank-4.php","meta":{"_acf_changed":false,"inline_featured_image":false,"footnotes":""},"class_list":["post-3681","page","type-page","status-publish","has-post-thumbnail","hentry"],"acf":[],"yoast_head":"<!-- This site is optimized with the Yoast SEO plugin v27.4 - https:\/\/yoast.com\/product\/yoast-seo-wordpress\/ -->\n<title>Derechos de los trabajadores y leyes laborales de California de 2025<\/title>\n<meta name=\"description\" content=\"Inf\u00f3rmese sobre sus derechos laborales en California en 2025. Leyes actualizadas sobre salario m\u00ednimo, horas extras, descansos, y protecci\u00f3n contra represalias. Consulta gratis.\" \/>\n<meta name=\"robots\" content=\"index, follow, max-snippet:-1, max-image-preview:large, max-video-preview:-1\" \/>\n<link rel=\"canonical\" href=\"https:\/\/www.blairramirezlaw.com\/es\/derechos-de-los-trabajadores-de-california\" \/>\n<meta property=\"og:locale\" content=\"es_ES\" \/>\n<meta property=\"og:type\" content=\"article\" \/>\n<meta property=\"og:title\" content=\"Derechos de los trabajadores y leyes laborales de California de 2025\" \/>\n<meta property=\"og:description\" content=\"Inf\u00f3rmese sobre sus derechos laborales en California en 2025. Leyes actualizadas sobre salario m\u00ednimo, horas extras, descansos, y protecci\u00f3n contra represalias. Consulta gratis.\" \/>\n<meta property=\"og:url\" content=\"https:\/\/www.blairramirezlaw.com\/es\/derechos-de-los-trabajadores-de-california\" \/>\n<meta property=\"og:site_name\" content=\"Blair &amp; Ramirez LLP\" \/>\n<meta property=\"article:publisher\" content=\"https:\/\/www.facebook.com\/blairramirezlaw\/\" \/>\n<meta property=\"article:modified_time\" content=\"2026-03-03T11:31:48+00:00\" \/>\n<meta property=\"og:image\" content=\"https:\/\/www.blairramirezlaw.com\/wp-content\/uploads\/2025\/08\/California-Workers-Rights-Employment-Laws-2025-1024x580.webp\" \/>\n<meta name=\"twitter:card\" content=\"summary_large_image\" \/>\n<meta name=\"twitter:title\" content=\"Derechos de los trabajadores y leyes laborales de California de 2025\" \/>\n<meta name=\"twitter:description\" content=\"Inf\u00f3rmese sobre sus derechos laborales en California en 2025. Leyes actualizadas sobre salario m\u00ednimo, horas extras, descansos, y protecci\u00f3n contra represalias. Consulta gratis.\" \/>\n<meta name=\"twitter:image\" content=\"https:\/\/www.blairramirezlaw.com\/wp-content\/uploads\/2025\/08\/California-Workers-Rights-Employment-Laws-2025-1024x580.webp\" \/>\n<meta name=\"twitter:site\" content=\"@blairramirezllp\" \/>\n<meta name=\"twitter:label1\" content=\"Est. reading time\" \/>\n\t<meta name=\"twitter:data1\" content=\"16 minutos\" \/>\n<script type=\"application\/ld+json\" class=\"yoast-schema-graph\">{\"@context\":\"https:\\\/\\\/schema.org\",\"@graph\":[{\"@type\":\"WebPage\",\"@id\":\"https:\\\/\\\/www.blairramirezlaw.com\\\/es\\\/derechos-de-los-trabajadores-de-california\",\"url\":\"https:\\\/\\\/www.blairramirezlaw.com\\\/es\\\/derechos-de-los-trabajadores-de-california\",\"name\":\"Derechos de los trabajadores y leyes laborales de California de 2025\",\"isPartOf\":{\"@id\":\"https:\\\/\\\/www.blairramirezlaw.com\\\/es#website\"},\"primaryImageOfPage\":{\"@id\":\"https:\\\/\\\/www.blairramirezlaw.com\\\/es\\\/derechos-de-los-trabajadores-de-california#primaryimage\"},\"image\":{\"@id\":\"https:\\\/\\\/www.blairramirezlaw.com\\\/es\\\/derechos-de-los-trabajadores-de-california#primaryimage\"},\"thumbnailUrl\":\"https:\\\/\\\/www.blairramirezlaw.com\\\/wp-content\\\/uploads\\\/2025\\\/08\\\/California-Workers-Rights-Employment-Laws-2025.webp\",\"datePublished\":\"2022-06-01T21:10:52+00:00\",\"dateModified\":\"2026-03-03T11:31:48+00:00\",\"description\":\"Inf\u00f3rmese sobre sus derechos laborales en California en 2025. Leyes actualizadas sobre salario m\u00ednimo, horas extras, descansos, y protecci\u00f3n contra represalias. Consulta gratis.\",\"breadcrumb\":{\"@id\":\"https:\\\/\\\/www.blairramirezlaw.com\\\/es\\\/derechos-de-los-trabajadores-de-california#breadcrumb\"},\"inLanguage\":\"es\",\"potentialAction\":[{\"@type\":\"ReadAction\",\"target\":[\"https:\\\/\\\/www.blairramirezlaw.com\\\/es\\\/derechos-de-los-trabajadores-de-california\"]}]},{\"@type\":\"ImageObject\",\"inLanguage\":\"es\",\"@id\":\"https:\\\/\\\/www.blairramirezlaw.com\\\/es\\\/derechos-de-los-trabajadores-de-california#primaryimage\",\"url\":\"https:\\\/\\\/www.blairramirezlaw.com\\\/wp-content\\\/uploads\\\/2025\\\/08\\\/California-Workers-Rights-Employment-Laws-2025.webp\",\"contentUrl\":\"https:\\\/\\\/www.blairramirezlaw.com\\\/wp-content\\\/uploads\\\/2025\\\/08\\\/California-Workers-Rights-Employment-Laws-2025.webp\",\"width\":1200,\"height\":680,\"caption\":\"California Workers' Rights & Employment Laws 2025\"},{\"@type\":\"BreadcrumbList\",\"@id\":\"https:\\\/\\\/www.blairramirezlaw.com\\\/es\\\/derechos-de-los-trabajadores-de-california#breadcrumb\",\"itemListElement\":[{\"@type\":\"ListItem\",\"position\":1,\"name\":\"Home\",\"item\":\"https:\\\/\\\/www.blairramirezlaw.com\\\/es\"},{\"@type\":\"ListItem\",\"position\":2,\"name\":\"Derechos de los trabajadores y leyes laborales de California de 2025\"}]},{\"@type\":\"WebSite\",\"@id\":\"https:\\\/\\\/www.blairramirezlaw.com\\\/es#website\",\"url\":\"https:\\\/\\\/www.blairramirezlaw.com\\\/es\",\"name\":\"Blair & Ramirez LLP\",\"description\":\"\",\"publisher\":{\"@id\":\"https:\\\/\\\/www.blairramirezlaw.com\\\/es#organization\"},\"potentialAction\":[{\"@type\":\"SearchAction\",\"target\":{\"@type\":\"EntryPoint\",\"urlTemplate\":\"https:\\\/\\\/www.blairramirezlaw.com\\\/es?s={search_term_string}\"},\"query-input\":{\"@type\":\"PropertyValueSpecification\",\"valueRequired\":true,\"valueName\":\"search_term_string\"}}],\"inLanguage\":\"es\"},{\"@type\":\"Organization\",\"@id\":\"https:\\\/\\\/www.blairramirezlaw.com\\\/es#organization\",\"name\":\"Blair & Ramirez LLP\",\"url\":\"https:\\\/\\\/www.blairramirezlaw.com\\\/es\",\"logo\":{\"@type\":\"ImageObject\",\"inLanguage\":\"es\",\"@id\":\"https:\\\/\\\/www.blairramirezlaw.com\\\/es#\\\/schema\\\/logo\\\/image\\\/\",\"url\":\"https:\\\/\\\/www.blairramirezlaw.com\\\/wp-content\\\/uploads\\\/2024\\\/08\\\/BR-logo.jpg\",\"contentUrl\":\"https:\\\/\\\/www.blairramirezlaw.com\\\/wp-content\\\/uploads\\\/2024\\\/08\\\/BR-logo.jpg\",\"width\":2000,\"height\":1045,\"caption\":\"Blair & Ramirez LLP\"},\"image\":{\"@id\":\"https:\\\/\\\/www.blairramirezlaw.com\\\/es#\\\/schema\\\/logo\\\/image\\\/\"},\"sameAs\":[\"https:\\\/\\\/www.facebook.com\\\/blairramirezlaw\\\/\",\"https:\\\/\\\/x.com\\\/blairramirezllp\"]}]}<\/script>\n<!-- \/ Yoast SEO plugin. -->","yoast_head_json":{"title":"Derechos de los trabajadores y leyes laborales de California de 2025","description":"Inf\u00f3rmese sobre sus derechos laborales en California en 2025. Leyes actualizadas sobre salario m\u00ednimo, horas extras, descansos, y protecci\u00f3n contra represalias. Consulta gratis.","robots":{"index":"index","follow":"follow","max-snippet":"max-snippet:-1","max-image-preview":"max-image-preview:large","max-video-preview":"max-video-preview:-1"},"canonical":"https:\/\/www.blairramirezlaw.com\/es\/derechos-de-los-trabajadores-de-california","og_locale":"es_ES","og_type":"article","og_title":"Derechos de los trabajadores y leyes laborales de California de 2025","og_description":"Inf\u00f3rmese sobre sus derechos laborales en California en 2025. Leyes actualizadas sobre salario m\u00ednimo, horas extras, descansos, y protecci\u00f3n contra represalias. Consulta gratis.","og_url":"https:\/\/www.blairramirezlaw.com\/es\/derechos-de-los-trabajadores-de-california","og_site_name":"Blair &amp; Ramirez LLP","article_publisher":"https:\/\/www.facebook.com\/blairramirezlaw\/","article_modified_time":"2026-03-03T11:31:48+00:00","og_image":[{"url":"https:\/\/www.blairramirezlaw.com\/wp-content\/uploads\/2025\/08\/California-Workers-Rights-Employment-Laws-2025-1024x580.webp","type":"","width":"","height":""}],"twitter_card":"summary_large_image","twitter_title":"Derechos de los trabajadores y leyes laborales de California de 2025","twitter_description":"Inf\u00f3rmese sobre sus derechos laborales en California en 2025. Leyes actualizadas sobre salario m\u00ednimo, horas extras, descansos, y protecci\u00f3n contra represalias. Consulta gratis.","twitter_image":"https:\/\/www.blairramirezlaw.com\/wp-content\/uploads\/2025\/08\/California-Workers-Rights-Employment-Laws-2025-1024x580.webp","twitter_site":"@blairramirezllp","twitter_misc":{"Est. reading time":"16 minutos"},"schema":{"@context":"https:\/\/schema.org","@graph":[{"@type":"WebPage","@id":"https:\/\/www.blairramirezlaw.com\/es\/derechos-de-los-trabajadores-de-california","url":"https:\/\/www.blairramirezlaw.com\/es\/derechos-de-los-trabajadores-de-california","name":"Derechos de los trabajadores y leyes laborales de California de 2025","isPartOf":{"@id":"https:\/\/www.blairramirezlaw.com\/es#website"},"primaryImageOfPage":{"@id":"https:\/\/www.blairramirezlaw.com\/es\/derechos-de-los-trabajadores-de-california#primaryimage"},"image":{"@id":"https:\/\/www.blairramirezlaw.com\/es\/derechos-de-los-trabajadores-de-california#primaryimage"},"thumbnailUrl":"https:\/\/www.blairramirezlaw.com\/wp-content\/uploads\/2025\/08\/California-Workers-Rights-Employment-Laws-2025.webp","datePublished":"2022-06-01T21:10:52+00:00","dateModified":"2026-03-03T11:31:48+00:00","description":"Inf\u00f3rmese sobre sus derechos laborales en California en 2025. Leyes actualizadas sobre salario m\u00ednimo, horas extras, descansos, y protecci\u00f3n contra represalias. Consulta gratis.","breadcrumb":{"@id":"https:\/\/www.blairramirezlaw.com\/es\/derechos-de-los-trabajadores-de-california#breadcrumb"},"inLanguage":"es","potentialAction":[{"@type":"ReadAction","target":["https:\/\/www.blairramirezlaw.com\/es\/derechos-de-los-trabajadores-de-california"]}]},{"@type":"ImageObject","inLanguage":"es","@id":"https:\/\/www.blairramirezlaw.com\/es\/derechos-de-los-trabajadores-de-california#primaryimage","url":"https:\/\/www.blairramirezlaw.com\/wp-content\/uploads\/2025\/08\/California-Workers-Rights-Employment-Laws-2025.webp","contentUrl":"https:\/\/www.blairramirezlaw.com\/wp-content\/uploads\/2025\/08\/California-Workers-Rights-Employment-Laws-2025.webp","width":1200,"height":680,"caption":"California Workers' Rights & Employment Laws 2025"},{"@type":"BreadcrumbList","@id":"https:\/\/www.blairramirezlaw.com\/es\/derechos-de-los-trabajadores-de-california#breadcrumb","itemListElement":[{"@type":"ListItem","position":1,"name":"Home","item":"https:\/\/www.blairramirezlaw.com\/es"},{"@type":"ListItem","position":2,"name":"Derechos de los trabajadores y leyes laborales de California de 2025"}]},{"@type":"WebSite","@id":"https:\/\/www.blairramirezlaw.com\/es#website","url":"https:\/\/www.blairramirezlaw.com\/es","name":"Blair & Ramirez LLP","description":"","publisher":{"@id":"https:\/\/www.blairramirezlaw.com\/es#organization"},"potentialAction":[{"@type":"SearchAction","target":{"@type":"EntryPoint","urlTemplate":"https:\/\/www.blairramirezlaw.com\/es?s={search_term_string}"},"query-input":{"@type":"PropertyValueSpecification","valueRequired":true,"valueName":"search_term_string"}}],"inLanguage":"es"},{"@type":"Organization","@id":"https:\/\/www.blairramirezlaw.com\/es#organization","name":"Blair & Ramirez LLP","url":"https:\/\/www.blairramirezlaw.com\/es","logo":{"@type":"ImageObject","inLanguage":"es","@id":"https:\/\/www.blairramirezlaw.com\/es#\/schema\/logo\/image\/","url":"https:\/\/www.blairramirezlaw.com\/wp-content\/uploads\/2024\/08\/BR-logo.jpg","contentUrl":"https:\/\/www.blairramirezlaw.com\/wp-content\/uploads\/2024\/08\/BR-logo.jpg","width":2000,"height":1045,"caption":"Blair & Ramirez LLP"},"image":{"@id":"https:\/\/www.blairramirezlaw.com\/es#\/schema\/logo\/image\/"},"sameAs":["https:\/\/www.facebook.com\/blairramirezlaw\/","https:\/\/x.com\/blairramirezllp"]}]}},"_links":{"self":[{"href":"https:\/\/www.blairramirezlaw.com\/es\/wp-json\/wp\/v2\/pages\/3681","targetHints":{"allow":["GET"]}}],"collection":[{"href":"https:\/\/www.blairramirezlaw.com\/es\/wp-json\/wp\/v2\/pages"}],"about":[{"href":"https:\/\/www.blairramirezlaw.com\/es\/wp-json\/wp\/v2\/types\/page"}],"author":[{"embeddable":true,"href":"https:\/\/www.blairramirezlaw.com\/es\/wp-json\/wp\/v2\/users\/11"}],"replies":[{"embeddable":true,"href":"https:\/\/www.blairramirezlaw.com\/es\/wp-json\/wp\/v2\/comments?post=3681"}],"version-history":[{"count":0,"href":"https:\/\/www.blairramirezlaw.com\/es\/wp-json\/wp\/v2\/pages\/3681\/revisions"}],"wp:featuredmedia":[{"embeddable":true,"href":"https:\/\/www.blairramirezlaw.com\/es\/wp-json\/wp\/v2\/media\/7497"}],"wp:attachment":[{"href":"https:\/\/www.blairramirezlaw.com\/es\/wp-json\/wp\/v2\/media?parent=3681"}],"curies":[{"name":"wp","href":"https:\/\/api.w.org\/{rel}","templated":true}]}}