{"id":3248,"date":"2021-04-05T07:27:21","date_gmt":"2021-04-05T14:27:21","guid":{"rendered":"https:\/\/www.blairramirezlaw.com\/rideshare-accident-injuries"},"modified":"2026-03-03T03:45:54","modified_gmt":"2026-03-03T11:45:54","slug":"lesiones-por-accidentes-de-viaje-compartido","status":"publish","type":"page","link":"https:\/\/www.blairramirezlaw.com\/es\/lesiones-por-accidentes-de-viaje-compartido","title":{"rendered":"Lesiones por accidentes de conductores de Uber \/ Lyft"},"content":{"rendered":"<div id=\"cs-content\" class=\"cs-content\"><\/div>\n","protected":false},"excerpt":{"rendered":"<p>Lesiones por accidentes de conductores de Uber \/ Lyft Lesiones por accidentes de conductores Los conductores de Uber y Lyft brindan a muchas personas en el \u00e1rea de Los \u00c1ngeles un servicio conveniente, y millones de personas conf\u00edan en los conductores de viajes compartidos para llevarlos a donde necesitan ir todos los d\u00edas. Esta demanda significa que cada vez m\u00e1s ... <a href=\"https:\/\/www.blairramirezlaw.com\/es\/lesiones-por-accidentes-de-viaje-compartido\" class=\"more-link\">Read More<\/a><\/p>\n","protected":false},"author":11,"featured_media":0,"parent":0,"menu_order":0,"comment_status":"closed","ping_status":"closed","template":"template-blank-4.php","meta":{"_acf_changed":false,"inline_featured_image":false,"footnotes":""},"class_list":["post-3248","page","type-page","status-publish","hentry","no-post-thumbnail"],"acf":[],"yoast_head":"<!-- This site is optimized with the Yoast SEO plugin v27.2 - https:\/\/yoast.com\/product\/yoast-seo-wordpress\/ -->\n<title>Accidentes de viaje compartido de Uber \/ Lyft | Lesiones por accidentes de viajes compartidos<\/title>\n<meta name=\"description\" content=\"\u00bfLesionado en un accidente de viaje compartido? Los accidentes de Uber \/ Lyft pueden provocar lesiones graves. Obtenga una consulta gratuita con nuestros abogados para que podamos revisar su caso.\" \/>\n<meta name=\"robots\" content=\"index, follow, max-snippet:-1, max-image-preview:large, max-video-preview:-1\" \/>\n<link rel=\"canonical\" href=\"https:\/\/www.blairramirezlaw.com\/es\/lesiones-por-accidentes-de-viaje-compartido\" \/>\n<meta property=\"og:locale\" content=\"es_ES\" \/>\n<meta property=\"og:type\" content=\"article\" \/>\n<meta property=\"og:title\" content=\"Accidentes de viaje compartido de Uber \/ Lyft | Lesiones por accidentes de viajes compartidos\" \/>\n<meta property=\"og:description\" content=\"\u00bfLesionado en un accidente de viaje compartido? Los accidentes de Uber \/ Lyft pueden provocar lesiones graves. Obtenga una consulta gratuita con nuestros abogados para que podamos revisar su caso.\" \/>\n<meta property=\"og:url\" content=\"https:\/\/www.blairramirezlaw.com\/es\/lesiones-por-accidentes-de-viaje-compartido\" \/>\n<meta property=\"og:site_name\" content=\"Blair &amp; Ramirez LLP\" \/>\n<meta property=\"article:publisher\" content=\"https:\/\/www.facebook.com\/blairramirezlaw\/\" \/>\n<meta property=\"article:modified_time\" content=\"2026-03-03T11:45:54+00:00\" \/>\n<meta property=\"og:image\" content=\"https:\/\/www.blairramirezlaw.com\/wp-content\/uploads\/2024\/08\/BR-logo.jpg\" \/>\n\t<meta property=\"og:image:width\" content=\"2000\" \/>\n\t<meta property=\"og:image:height\" content=\"1045\" \/>\n\t<meta property=\"og:image:type\" content=\"image\/jpeg\" \/>\n<meta name=\"twitter:card\" content=\"summary_large_image\" \/>\n<meta name=\"twitter:site\" content=\"@blairramirezllp\" \/>\n<meta name=\"twitter:label1\" content=\"Est. reading time\" \/>\n\t<meta name=\"twitter:data1\" content=\"10 minutos\" \/>\n<script type=\"application\/ld+json\" class=\"yoast-schema-graph\">{\"@context\":\"https:\/\/schema.org\",\"@graph\":[{\"@type\":\"WebPage\",\"@id\":\"https:\/\/www.blairramirezlaw.com\/es\/lesiones-por-accidentes-de-viaje-compartido\",\"url\":\"https:\/\/www.blairramirezlaw.com\/es\/lesiones-por-accidentes-de-viaje-compartido\",\"name\":\"Accidentes de viaje compartido de Uber \/ Lyft | Lesiones por accidentes de viajes compartidos\",\"isPartOf\":{\"@id\":\"https:\/\/www.blairramirezlaw.com\/es#website\"},\"datePublished\":\"2021-04-05T14:27:21+00:00\",\"dateModified\":\"2026-03-03T11:45:54+00:00\",\"description\":\"\u00bfLesionado en un accidente de viaje compartido? Los accidentes de Uber \/ Lyft pueden provocar lesiones graves. Obtenga una consulta gratuita con nuestros abogados para que podamos revisar su caso.\",\"breadcrumb\":{\"@id\":\"https:\/\/www.blairramirezlaw.com\/es\/lesiones-por-accidentes-de-viaje-compartido#breadcrumb\"},\"inLanguage\":\"es\",\"potentialAction\":[{\"@type\":\"ReadAction\",\"target\":[\"https:\/\/www.blairramirezlaw.com\/es\/lesiones-por-accidentes-de-viaje-compartido\"]}]},{\"@type\":\"BreadcrumbList\",\"@id\":\"https:\/\/www.blairramirezlaw.com\/es\/lesiones-por-accidentes-de-viaje-compartido#breadcrumb\",\"itemListElement\":[{\"@type\":\"ListItem\",\"position\":1,\"name\":\"Home\",\"item\":\"https:\/\/www.blairramirezlaw.com\/es\"},{\"@type\":\"ListItem\",\"position\":2,\"name\":\"Lesiones por accidentes de conductores de Uber \/ Lyft\"}]},{\"@type\":\"WebSite\",\"@id\":\"https:\/\/www.blairramirezlaw.com\/es#website\",\"url\":\"https:\/\/www.blairramirezlaw.com\/es\",\"name\":\"Blair & Ramirez LLP\",\"description\":\"\",\"publisher\":{\"@id\":\"https:\/\/www.blairramirezlaw.com\/es#organization\"},\"potentialAction\":[{\"@type\":\"SearchAction\",\"target\":{\"@type\":\"EntryPoint\",\"urlTemplate\":\"https:\/\/www.blairramirezlaw.com\/es?s={search_term_string}\"},\"query-input\":{\"@type\":\"PropertyValueSpecification\",\"valueRequired\":true,\"valueName\":\"search_term_string\"}}],\"inLanguage\":\"es\"},{\"@type\":\"Organization\",\"@id\":\"https:\/\/www.blairramirezlaw.com\/es#organization\",\"name\":\"Blair & Ramirez LLP\",\"url\":\"https:\/\/www.blairramirezlaw.com\/es\",\"logo\":{\"@type\":\"ImageObject\",\"inLanguage\":\"es\",\"@id\":\"https:\/\/www.blairramirezlaw.com\/es#\/schema\/logo\/image\/\",\"url\":\"https:\/\/www.blairramirezlaw.com\/wp-content\/uploads\/2024\/08\/BR-logo.jpg\",\"contentUrl\":\"https:\/\/www.blairramirezlaw.com\/wp-content\/uploads\/2024\/08\/BR-logo.jpg\",\"width\":2000,\"height\":1045,\"caption\":\"Blair & Ramirez LLP\"},\"image\":{\"@id\":\"https:\/\/www.blairramirezlaw.com\/es#\/schema\/logo\/image\/\"},\"sameAs\":[\"https:\/\/www.facebook.com\/blairramirezlaw\/\",\"https:\/\/x.com\/blairramirezllp\"]}]}<\/script>\n<!-- \/ Yoast SEO plugin. -->","yoast_head_json":{"title":"Accidentes de viaje compartido de Uber \/ Lyft | Lesiones por accidentes de viajes compartidos","description":"\u00bfLesionado en un accidente de viaje compartido? Los accidentes de Uber \/ Lyft pueden provocar lesiones graves. Obtenga una consulta gratuita con nuestros abogados para que podamos revisar su caso.","robots":{"index":"index","follow":"follow","max-snippet":"max-snippet:-1","max-image-preview":"max-image-preview:large","max-video-preview":"max-video-preview:-1"},"canonical":"https:\/\/www.blairramirezlaw.com\/es\/lesiones-por-accidentes-de-viaje-compartido","og_locale":"es_ES","og_type":"article","og_title":"Accidentes de viaje compartido de Uber \/ Lyft | Lesiones por accidentes de viajes compartidos","og_description":"\u00bfLesionado en un accidente de viaje compartido? Los accidentes de Uber \/ Lyft pueden provocar lesiones graves. Obtenga una consulta gratuita con nuestros abogados para que podamos revisar su caso.","og_url":"https:\/\/www.blairramirezlaw.com\/es\/lesiones-por-accidentes-de-viaje-compartido","og_site_name":"Blair &amp; Ramirez LLP","article_publisher":"https:\/\/www.facebook.com\/blairramirezlaw\/","article_modified_time":"2026-03-03T11:45:54+00:00","og_image":[{"width":2000,"height":1045,"url":"https:\/\/www.blairramirezlaw.com\/wp-content\/uploads\/2024\/08\/BR-logo.jpg","type":"image\/jpeg"}],"twitter_card":"summary_large_image","twitter_site":"@blairramirezllp","twitter_misc":{"Est. reading time":"10 minutos"},"schema":{"@context":"https:\/\/schema.org","@graph":[{"@type":"WebPage","@id":"https:\/\/www.blairramirezlaw.com\/es\/lesiones-por-accidentes-de-viaje-compartido","url":"https:\/\/www.blairramirezlaw.com\/es\/lesiones-por-accidentes-de-viaje-compartido","name":"Accidentes de viaje compartido de Uber \/ Lyft | Lesiones por accidentes de viajes compartidos","isPartOf":{"@id":"https:\/\/www.blairramirezlaw.com\/es#website"},"datePublished":"2021-04-05T14:27:21+00:00","dateModified":"2026-03-03T11:45:54+00:00","description":"\u00bfLesionado en un accidente de viaje compartido? Los accidentes de Uber \/ Lyft pueden provocar lesiones graves. Obtenga una consulta gratuita con nuestros abogados para que podamos revisar su caso.","breadcrumb":{"@id":"https:\/\/www.blairramirezlaw.com\/es\/lesiones-por-accidentes-de-viaje-compartido#breadcrumb"},"inLanguage":"es","potentialAction":[{"@type":"ReadAction","target":["https:\/\/www.blairramirezlaw.com\/es\/lesiones-por-accidentes-de-viaje-compartido"]}]},{"@type":"BreadcrumbList","@id":"https:\/\/www.blairramirezlaw.com\/es\/lesiones-por-accidentes-de-viaje-compartido#breadcrumb","itemListElement":[{"@type":"ListItem","position":1,"name":"Home","item":"https:\/\/www.blairramirezlaw.com\/es"},{"@type":"ListItem","position":2,"name":"Lesiones por accidentes de conductores de Uber \/ Lyft"}]},{"@type":"WebSite","@id":"https:\/\/www.blairramirezlaw.com\/es#website","url":"https:\/\/www.blairramirezlaw.com\/es","name":"Blair & Ramirez LLP","description":"","publisher":{"@id":"https:\/\/www.blairramirezlaw.com\/es#organization"},"potentialAction":[{"@type":"SearchAction","target":{"@type":"EntryPoint","urlTemplate":"https:\/\/www.blairramirezlaw.com\/es?s={search_term_string}"},"query-input":{"@type":"PropertyValueSpecification","valueRequired":true,"valueName":"search_term_string"}}],"inLanguage":"es"},{"@type":"Organization","@id":"https:\/\/www.blairramirezlaw.com\/es#organization","name":"Blair & Ramirez LLP","url":"https:\/\/www.blairramirezlaw.com\/es","logo":{"@type":"ImageObject","inLanguage":"es","@id":"https:\/\/www.blairramirezlaw.com\/es#\/schema\/logo\/image\/","url":"https:\/\/www.blairramirezlaw.com\/wp-content\/uploads\/2024\/08\/BR-logo.jpg","contentUrl":"https:\/\/www.blairramirezlaw.com\/wp-content\/uploads\/2024\/08\/BR-logo.jpg","width":2000,"height":1045,"caption":"Blair & Ramirez LLP"},"image":{"@id":"https:\/\/www.blairramirezlaw.com\/es#\/schema\/logo\/image\/"},"sameAs":["https:\/\/www.facebook.com\/blairramirezlaw\/","https:\/\/x.com\/blairramirezllp"]}]}},"_links":{"self":[{"href":"https:\/\/www.blairramirezlaw.com\/es\/wp-json\/wp\/v2\/pages\/3248","targetHints":{"allow":["GET"]}}],"collection":[{"href":"https:\/\/www.blairramirezlaw.com\/es\/wp-json\/wp\/v2\/pages"}],"about":[{"href":"https:\/\/www.blairramirezlaw.com\/es\/wp-json\/wp\/v2\/types\/page"}],"author":[{"embeddable":true,"href":"https:\/\/www.blairramirezlaw.com\/es\/wp-json\/wp\/v2\/users\/11"}],"replies":[{"embeddable":true,"href":"https:\/\/www.blairramirezlaw.com\/es\/wp-json\/wp\/v2\/comments?post=3248"}],"version-history":[{"count":0,"href":"https:\/\/www.blairramirezlaw.com\/es\/wp-json\/wp\/v2\/pages\/3248\/revisions"}],"wp:attachment":[{"href":"https:\/\/www.blairramirezlaw.com\/es\/wp-json\/wp\/v2\/media?parent=3248"}],"curies":[{"name":"wp","href":"https:\/\/api.w.org\/{rel}","templated":true}]}}