{"id":2586,"date":"2020-11-05T14:21:08","date_gmt":"2020-11-05T22:21:08","guid":{"rendered":"https:\/\/www.blairramirezlaw.com\/encino-personal-injury-lawyer"},"modified":"2026-03-03T03:39:50","modified_gmt":"2026-03-03T11:39:50","slug":"abogados-accidentes-auto-encino-california","status":"publish","type":"page","link":"https:\/\/www.blairramirezlaw.com\/es\/abogados-accidentes-auto-encino-california","title":{"rendered":"Abogado de lesiones personales en Encino"},"content":{"rendered":"<div id=\"cs-content\" class=\"cs-content\"><\/div>\n","protected":false},"excerpt":{"rendered":"<p>Abogados de da\u00f1os personales en Encino, California Manejamos una amplia gama de reclamos por lesiones personales Millones de personas visitan las salas de emergencia en los Estados Unidos cada a\u00f1o debido a lesiones accidentales. Demasiadas personas aqu\u00ed en el \u00e1rea de Encino saben de primera mano cu\u00e1n r\u00e1pida y significativamente una lesi\u00f3n puede cambiar sus vidas. Estas lesiones pueden ocurrir ... <a href=\"https:\/\/www.blairramirezlaw.com\/es\/abogados-accidentes-auto-encino-california\" class=\"more-link\">Read More<\/a><\/p>\n","protected":false},"author":11,"featured_media":0,"parent":0,"menu_order":0,"comment_status":"closed","ping_status":"closed","template":"template-blank-4.php","meta":{"_acf_changed":false,"inline_featured_image":false,"footnotes":""},"class_list":["post-2586","page","type-page","status-publish","hentry","no-post-thumbnail"],"acf":[],"yoast_head":"<!-- This site is optimized with the Yoast SEO plugin v27.2 - https:\/\/yoast.com\/product\/yoast-seo-wordpress\/ -->\n<title>Abogados de da\u00f1os personales en Encino, CA | Accidentes auto<\/title>\n<meta name=\"description\" content=\"Representamos a personas en casos de lesiones personales en Encino. Si ha resultado lesionado, ll\u00e1menos ahora mismo para una evaluaci\u00f3n gratis de su caso.\" \/>\n<meta name=\"robots\" content=\"index, follow, max-snippet:-1, max-image-preview:large, max-video-preview:-1\" \/>\n<link rel=\"canonical\" href=\"https:\/\/www.blairramirezlaw.com\/es\/abogados-accidentes-auto-encino-california\" \/>\n<meta property=\"og:locale\" content=\"es_ES\" \/>\n<meta property=\"og:type\" content=\"article\" \/>\n<meta property=\"og:title\" content=\"Abogados de da\u00f1os personales en Encino, CA | Accidentes auto\" \/>\n<meta property=\"og:description\" content=\"Representamos a personas en casos de lesiones personales en Encino. Si ha resultado lesionado, ll\u00e1menos ahora mismo para una evaluaci\u00f3n gratis de su caso.\" \/>\n<meta property=\"og:url\" content=\"https:\/\/www.blairramirezlaw.com\/es\/abogados-accidentes-auto-encino-california\" \/>\n<meta property=\"og:site_name\" content=\"Blair &amp; Ramirez LLP\" \/>\n<meta property=\"article:publisher\" content=\"https:\/\/www.facebook.com\/blairramirezlaw\/\" \/>\n<meta property=\"article:modified_time\" content=\"2026-03-03T11:39:50+00:00\" \/>\n<meta property=\"og:image\" content=\"https:\/\/www.blairramirezlaw.com\/wp-content\/uploads\/2024\/08\/BR-logo.jpg\" \/>\n\t<meta property=\"og:image:width\" content=\"2000\" \/>\n\t<meta property=\"og:image:height\" content=\"1045\" \/>\n\t<meta property=\"og:image:type\" content=\"image\/jpeg\" \/>\n<meta name=\"twitter:card\" content=\"summary_large_image\" \/>\n<meta name=\"twitter:site\" content=\"@blairramirezllp\" \/>\n<meta name=\"twitter:label1\" content=\"Est. reading time\" \/>\n\t<meta name=\"twitter:data1\" content=\"11 minutos\" \/>\n<script type=\"application\/ld+json\" class=\"yoast-schema-graph\">{\"@context\":\"https:\/\/schema.org\",\"@graph\":[{\"@type\":\"WebPage\",\"@id\":\"https:\/\/www.blairramirezlaw.com\/es\/abogados-accidentes-auto-encino-california\",\"url\":\"https:\/\/www.blairramirezlaw.com\/es\/abogados-accidentes-auto-encino-california\",\"name\":\"Abogados de da\u00f1os personales en Encino, CA | Accidentes auto\",\"isPartOf\":{\"@id\":\"https:\/\/www.blairramirezlaw.com\/es#website\"},\"datePublished\":\"2020-11-05T22:21:08+00:00\",\"dateModified\":\"2026-03-03T11:39:50+00:00\",\"description\":\"Representamos a personas en casos de lesiones personales en Encino. Si ha resultado lesionado, ll\u00e1menos ahora mismo para una evaluaci\u00f3n gratis de su caso.\",\"breadcrumb\":{\"@id\":\"https:\/\/www.blairramirezlaw.com\/es\/abogados-accidentes-auto-encino-california#breadcrumb\"},\"inLanguage\":\"es\",\"potentialAction\":[{\"@type\":\"ReadAction\",\"target\":[\"https:\/\/www.blairramirezlaw.com\/es\/abogados-accidentes-auto-encino-california\"]}]},{\"@type\":\"BreadcrumbList\",\"@id\":\"https:\/\/www.blairramirezlaw.com\/es\/abogados-accidentes-auto-encino-california#breadcrumb\",\"itemListElement\":[{\"@type\":\"ListItem\",\"position\":1,\"name\":\"Home\",\"item\":\"https:\/\/www.blairramirezlaw.com\/es\"},{\"@type\":\"ListItem\",\"position\":2,\"name\":\"Abogado de lesiones personales en Encino\"}]},{\"@type\":\"WebSite\",\"@id\":\"https:\/\/www.blairramirezlaw.com\/es#website\",\"url\":\"https:\/\/www.blairramirezlaw.com\/es\",\"name\":\"Blair & Ramirez LLP\",\"description\":\"\",\"publisher\":{\"@id\":\"https:\/\/www.blairramirezlaw.com\/es#organization\"},\"potentialAction\":[{\"@type\":\"SearchAction\",\"target\":{\"@type\":\"EntryPoint\",\"urlTemplate\":\"https:\/\/www.blairramirezlaw.com\/es?s={search_term_string}\"},\"query-input\":{\"@type\":\"PropertyValueSpecification\",\"valueRequired\":true,\"valueName\":\"search_term_string\"}}],\"inLanguage\":\"es\"},{\"@type\":\"Organization\",\"@id\":\"https:\/\/www.blairramirezlaw.com\/es#organization\",\"name\":\"Blair & Ramirez LLP\",\"url\":\"https:\/\/www.blairramirezlaw.com\/es\",\"logo\":{\"@type\":\"ImageObject\",\"inLanguage\":\"es\",\"@id\":\"https:\/\/www.blairramirezlaw.com\/es#\/schema\/logo\/image\/\",\"url\":\"https:\/\/www.blairramirezlaw.com\/wp-content\/uploads\/2024\/08\/BR-logo.jpg\",\"contentUrl\":\"https:\/\/www.blairramirezlaw.com\/wp-content\/uploads\/2024\/08\/BR-logo.jpg\",\"width\":2000,\"height\":1045,\"caption\":\"Blair & Ramirez LLP\"},\"image\":{\"@id\":\"https:\/\/www.blairramirezlaw.com\/es#\/schema\/logo\/image\/\"},\"sameAs\":[\"https:\/\/www.facebook.com\/blairramirezlaw\/\",\"https:\/\/x.com\/blairramirezllp\"]}]}<\/script>\n<!-- \/ Yoast SEO plugin. -->","yoast_head_json":{"title":"Abogados de da\u00f1os personales en Encino, CA | Accidentes auto","description":"Representamos a personas en casos de lesiones personales en Encino. Si ha resultado lesionado, ll\u00e1menos ahora mismo para una evaluaci\u00f3n gratis de su caso.","robots":{"index":"index","follow":"follow","max-snippet":"max-snippet:-1","max-image-preview":"max-image-preview:large","max-video-preview":"max-video-preview:-1"},"canonical":"https:\/\/www.blairramirezlaw.com\/es\/abogados-accidentes-auto-encino-california","og_locale":"es_ES","og_type":"article","og_title":"Abogados de da\u00f1os personales en Encino, CA | Accidentes auto","og_description":"Representamos a personas en casos de lesiones personales en Encino. Si ha resultado lesionado, ll\u00e1menos ahora mismo para una evaluaci\u00f3n gratis de su caso.","og_url":"https:\/\/www.blairramirezlaw.com\/es\/abogados-accidentes-auto-encino-california","og_site_name":"Blair &amp; Ramirez LLP","article_publisher":"https:\/\/www.facebook.com\/blairramirezlaw\/","article_modified_time":"2026-03-03T11:39:50+00:00","og_image":[{"width":2000,"height":1045,"url":"https:\/\/www.blairramirezlaw.com\/wp-content\/uploads\/2024\/08\/BR-logo.jpg","type":"image\/jpeg"}],"twitter_card":"summary_large_image","twitter_site":"@blairramirezllp","twitter_misc":{"Est. reading time":"11 minutos"},"schema":{"@context":"https:\/\/schema.org","@graph":[{"@type":"WebPage","@id":"https:\/\/www.blairramirezlaw.com\/es\/abogados-accidentes-auto-encino-california","url":"https:\/\/www.blairramirezlaw.com\/es\/abogados-accidentes-auto-encino-california","name":"Abogados de da\u00f1os personales en Encino, CA | Accidentes auto","isPartOf":{"@id":"https:\/\/www.blairramirezlaw.com\/es#website"},"datePublished":"2020-11-05T22:21:08+00:00","dateModified":"2026-03-03T11:39:50+00:00","description":"Representamos a personas en casos de lesiones personales en Encino. Si ha resultado lesionado, ll\u00e1menos ahora mismo para una evaluaci\u00f3n gratis de su caso.","breadcrumb":{"@id":"https:\/\/www.blairramirezlaw.com\/es\/abogados-accidentes-auto-encino-california#breadcrumb"},"inLanguage":"es","potentialAction":[{"@type":"ReadAction","target":["https:\/\/www.blairramirezlaw.com\/es\/abogados-accidentes-auto-encino-california"]}]},{"@type":"BreadcrumbList","@id":"https:\/\/www.blairramirezlaw.com\/es\/abogados-accidentes-auto-encino-california#breadcrumb","itemListElement":[{"@type":"ListItem","position":1,"name":"Home","item":"https:\/\/www.blairramirezlaw.com\/es"},{"@type":"ListItem","position":2,"name":"Abogado de lesiones personales en Encino"}]},{"@type":"WebSite","@id":"https:\/\/www.blairramirezlaw.com\/es#website","url":"https:\/\/www.blairramirezlaw.com\/es","name":"Blair & Ramirez LLP","description":"","publisher":{"@id":"https:\/\/www.blairramirezlaw.com\/es#organization"},"potentialAction":[{"@type":"SearchAction","target":{"@type":"EntryPoint","urlTemplate":"https:\/\/www.blairramirezlaw.com\/es?s={search_term_string}"},"query-input":{"@type":"PropertyValueSpecification","valueRequired":true,"valueName":"search_term_string"}}],"inLanguage":"es"},{"@type":"Organization","@id":"https:\/\/www.blairramirezlaw.com\/es#organization","name":"Blair & Ramirez LLP","url":"https:\/\/www.blairramirezlaw.com\/es","logo":{"@type":"ImageObject","inLanguage":"es","@id":"https:\/\/www.blairramirezlaw.com\/es#\/schema\/logo\/image\/","url":"https:\/\/www.blairramirezlaw.com\/wp-content\/uploads\/2024\/08\/BR-logo.jpg","contentUrl":"https:\/\/www.blairramirezlaw.com\/wp-content\/uploads\/2024\/08\/BR-logo.jpg","width":2000,"height":1045,"caption":"Blair & Ramirez LLP"},"image":{"@id":"https:\/\/www.blairramirezlaw.com\/es#\/schema\/logo\/image\/"},"sameAs":["https:\/\/www.facebook.com\/blairramirezlaw\/","https:\/\/x.com\/blairramirezllp"]}]}},"_links":{"self":[{"href":"https:\/\/www.blairramirezlaw.com\/es\/wp-json\/wp\/v2\/pages\/2586","targetHints":{"allow":["GET"]}}],"collection":[{"href":"https:\/\/www.blairramirezlaw.com\/es\/wp-json\/wp\/v2\/pages"}],"about":[{"href":"https:\/\/www.blairramirezlaw.com\/es\/wp-json\/wp\/v2\/types\/page"}],"author":[{"embeddable":true,"href":"https:\/\/www.blairramirezlaw.com\/es\/wp-json\/wp\/v2\/users\/11"}],"replies":[{"embeddable":true,"href":"https:\/\/www.blairramirezlaw.com\/es\/wp-json\/wp\/v2\/comments?post=2586"}],"version-history":[{"count":0,"href":"https:\/\/www.blairramirezlaw.com\/es\/wp-json\/wp\/v2\/pages\/2586\/revisions"}],"wp:attachment":[{"href":"https:\/\/www.blairramirezlaw.com\/es\/wp-json\/wp\/v2\/media?parent=2586"}],"curies":[{"name":"wp","href":"https:\/\/api.w.org\/{rel}","templated":true}]}}