{"id":2213,"date":"2020-08-07T09:40:36","date_gmt":"2020-08-07T16:40:36","guid":{"rendered":"https:\/\/www.blairramirezlaw.com\/bus-accident-lawyer-california"},"modified":"2025-12-01T02:43:34","modified_gmt":"2025-12-01T10:43:34","slug":"abogado-accidentes-autobuses-california","status":"publish","type":"page","link":"https:\/\/www.blairramirezlaw.com\/es\/abogado-accidentes-autobuses-california","title":{"rendered":"Accidentes de bus"},"content":{"rendered":"<div id=\"cs-content\" class=\"cs-content\"><\/div>\n","protected":false},"excerpt":{"rendered":"<p>Abogado de Accidentes de Autobuses en California En esta p\u00e1gina Por qu\u00e9 necesita contratarnosQu\u00e9 hacer despu\u00e9s de un accidente de autob\u00fasProceso de reclamaciones de segurosCalculando su compensaci\u00f3nTipos comunes de casosHablar con un abogado Solicite una consulta gratuitaO llamar(213) 568-4000Podemos ayudarle a obtener la m\u00e1xima compensaci\u00f3n por su accidente de autob\u00fas. Antes de hablar con una compa\u00f1\u00eda de seguros, cons\u00faltenos primero.Las ... <a href=\"https:\/\/www.blairramirezlaw.com\/es\/abogado-accidentes-autobuses-california\" class=\"more-link\">Read More<\/a><\/p>\n","protected":false},"author":11,"featured_media":0,"parent":0,"menu_order":0,"comment_status":"closed","ping_status":"closed","template":"template-blank-4.php","meta":{"_acf_changed":false,"inline_featured_image":false,"footnotes":""},"class_list":["post-2213","page","type-page","status-publish","hentry","no-post-thumbnail"],"acf":[],"yoast_head":"<!-- This site is optimized with the Yoast SEO plugin v27.6 - https:\/\/yoast.com\/product\/yoast-seo-wordpress\/ -->\n<title>Abogado de Accidentes de Autobuses en California<\/title>\n<meta name=\"description\" content=\"Las colisiones de autobuses pueden causar lesiones graves a los pasajeros y veh\u00edculos.Llame a un abogado de accidentes de autob\u00fas en California.\" \/>\n<meta name=\"robots\" content=\"index, follow, max-snippet:-1, max-image-preview:large, max-video-preview:-1\" \/>\n<link rel=\"canonical\" href=\"https:\/\/www.blairramirezlaw.com\/es\/abogado-accidentes-autobuses-california\" \/>\n<meta property=\"og:locale\" content=\"es_ES\" \/>\n<meta property=\"og:type\" content=\"article\" \/>\n<meta property=\"og:title\" content=\"Abogado de Accidentes de Autobuses en California\" \/>\n<meta property=\"og:description\" content=\"Las colisiones de autobuses pueden causar lesiones graves a los pasajeros y veh\u00edculos.Llame a un abogado de accidentes de autob\u00fas en California.\" \/>\n<meta property=\"og:url\" content=\"https:\/\/www.blairramirezlaw.com\/es\/abogado-accidentes-autobuses-california\" \/>\n<meta property=\"og:site_name\" content=\"Blair &amp; Ramirez LLP\" \/>\n<meta property=\"article:publisher\" content=\"https:\/\/www.facebook.com\/blairramirezlaw\/\" \/>\n<meta property=\"article:modified_time\" content=\"2025-12-01T10:43:34+00:00\" \/>\n<meta property=\"og:image\" content=\"https:\/\/www.blairramirezlaw.com\/wp-content\/uploads\/2024\/08\/BR-logo.jpg\" \/>\n\t<meta property=\"og:image:width\" content=\"2000\" \/>\n\t<meta property=\"og:image:height\" content=\"1045\" \/>\n\t<meta property=\"og:image:type\" content=\"image\/jpeg\" \/>\n<meta name=\"twitter:card\" content=\"summary_large_image\" \/>\n<meta name=\"twitter:title\" content=\"Abogado de Accidentes de Autobuses en California\" \/>\n<meta name=\"twitter:description\" content=\"Las colisiones de autobuses pueden causar lesiones graves a los pasajeros y veh\u00edculos.Llame a un abogado de accidentes de autob\u00fas en California.\" \/>\n<meta name=\"twitter:site\" content=\"@blairramirezllp\" \/>\n<meta name=\"twitter:label1\" content=\"Est. reading time\" \/>\n\t<meta name=\"twitter:data1\" content=\"25 minutos\" \/>\n<script type=\"application\/ld+json\" class=\"yoast-schema-graph\">{\"@context\":\"https:\\\/\\\/schema.org\",\"@graph\":[{\"@type\":\"WebPage\",\"@id\":\"https:\\\/\\\/www.blairramirezlaw.com\\\/es\\\/abogado-accidentes-autobuses-california\",\"url\":\"https:\\\/\\\/www.blairramirezlaw.com\\\/es\\\/abogado-accidentes-autobuses-california\",\"name\":\"Abogado de Accidentes de Autobuses en California\",\"isPartOf\":{\"@id\":\"https:\\\/\\\/www.blairramirezlaw.com\\\/#website\"},\"datePublished\":\"2020-08-07T16:40:36+00:00\",\"dateModified\":\"2025-12-01T10:43:34+00:00\",\"description\":\"Las colisiones de autobuses pueden causar lesiones graves a los pasajeros y veh\u00edculos.Llame a un abogado de accidentes de autob\u00fas en California.\",\"breadcrumb\":{\"@id\":\"https:\\\/\\\/www.blairramirezlaw.com\\\/es\\\/abogado-accidentes-autobuses-california#breadcrumb\"},\"inLanguage\":\"es\",\"potentialAction\":[{\"@type\":\"ReadAction\",\"target\":[\"https:\\\/\\\/www.blairramirezlaw.com\\\/es\\\/abogado-accidentes-autobuses-california\"]}]},{\"@type\":\"BreadcrumbList\",\"@id\":\"https:\\\/\\\/www.blairramirezlaw.com\\\/es\\\/abogado-accidentes-autobuses-california#breadcrumb\",\"itemListElement\":[{\"@type\":\"ListItem\",\"position\":1,\"name\":\"Home\",\"item\":\"https:\\\/\\\/www.blairramirezlaw.com\\\/es\"},{\"@type\":\"ListItem\",\"position\":2,\"name\":\"Accidentes de bus\"}]},{\"@type\":\"WebSite\",\"@id\":\"https:\\\/\\\/www.blairramirezlaw.com\\\/#website\",\"url\":\"https:\\\/\\\/www.blairramirezlaw.com\\\/\",\"name\":\"Blair & Ramirez LLP\",\"description\":\"\",\"publisher\":{\"@id\":\"https:\\\/\\\/www.blairramirezlaw.com\\\/#organization\"},\"potentialAction\":[{\"@type\":\"SearchAction\",\"target\":{\"@type\":\"EntryPoint\",\"urlTemplate\":\"https:\\\/\\\/www.blairramirezlaw.com\\\/?s={search_term_string}\"},\"query-input\":{\"@type\":\"PropertyValueSpecification\",\"valueRequired\":true,\"valueName\":\"search_term_string\"}}],\"inLanguage\":\"es\"},{\"@type\":\"Organization\",\"@id\":\"https:\\\/\\\/www.blairramirezlaw.com\\\/#organization\",\"name\":\"Blair & Ramirez LLP\",\"url\":\"https:\\\/\\\/www.blairramirezlaw.com\\\/\",\"logo\":{\"@type\":\"ImageObject\",\"inLanguage\":\"es\",\"@id\":\"https:\\\/\\\/www.blairramirezlaw.com\\\/#\\\/schema\\\/logo\\\/image\\\/\",\"url\":\"https:\\\/\\\/www.blairramirezlaw.com\\\/wp-content\\\/uploads\\\/2024\\\/08\\\/BR-logo.jpg\",\"contentUrl\":\"https:\\\/\\\/www.blairramirezlaw.com\\\/wp-content\\\/uploads\\\/2024\\\/08\\\/BR-logo.jpg\",\"width\":2000,\"height\":1045,\"caption\":\"Blair & Ramirez LLP\"},\"image\":{\"@id\":\"https:\\\/\\\/www.blairramirezlaw.com\\\/#\\\/schema\\\/logo\\\/image\\\/\"},\"sameAs\":[\"https:\\\/\\\/www.facebook.com\\\/blairramirezlaw\\\/\",\"https:\\\/\\\/x.com\\\/blairramirezllp\"]}]}<\/script>\n<!-- \/ Yoast SEO plugin. -->","yoast_head_json":{"title":"Abogado de Accidentes de Autobuses en California","description":"Las colisiones de autobuses pueden causar lesiones graves a los pasajeros y veh\u00edculos.Llame a un abogado de accidentes de autob\u00fas en California.","robots":{"index":"index","follow":"follow","max-snippet":"max-snippet:-1","max-image-preview":"max-image-preview:large","max-video-preview":"max-video-preview:-1"},"canonical":"https:\/\/www.blairramirezlaw.com\/es\/abogado-accidentes-autobuses-california","og_locale":"es_ES","og_type":"article","og_title":"Abogado de Accidentes de Autobuses en California","og_description":"Las colisiones de autobuses pueden causar lesiones graves a los pasajeros y veh\u00edculos.Llame a un abogado de accidentes de autob\u00fas en California.","og_url":"https:\/\/www.blairramirezlaw.com\/es\/abogado-accidentes-autobuses-california","og_site_name":"Blair &amp; Ramirez LLP","article_publisher":"https:\/\/www.facebook.com\/blairramirezlaw\/","article_modified_time":"2025-12-01T10:43:34+00:00","og_image":[{"width":2000,"height":1045,"url":"https:\/\/www.blairramirezlaw.com\/wp-content\/uploads\/2024\/08\/BR-logo.jpg","type":"image\/jpeg"}],"twitter_card":"summary_large_image","twitter_title":"Abogado de Accidentes de Autobuses en California","twitter_description":"Las colisiones de autobuses pueden causar lesiones graves a los pasajeros y veh\u00edculos.Llame a un abogado de accidentes de autob\u00fas en California.","twitter_site":"@blairramirezllp","twitter_misc":{"Est. reading time":"25 minutos"},"schema":{"@context":"https:\/\/schema.org","@graph":[{"@type":"WebPage","@id":"https:\/\/www.blairramirezlaw.com\/es\/abogado-accidentes-autobuses-california","url":"https:\/\/www.blairramirezlaw.com\/es\/abogado-accidentes-autobuses-california","name":"Abogado de Accidentes de Autobuses en California","isPartOf":{"@id":"https:\/\/www.blairramirezlaw.com\/#website"},"datePublished":"2020-08-07T16:40:36+00:00","dateModified":"2025-12-01T10:43:34+00:00","description":"Las colisiones de autobuses pueden causar lesiones graves a los pasajeros y veh\u00edculos.Llame a un abogado de accidentes de autob\u00fas en California.","breadcrumb":{"@id":"https:\/\/www.blairramirezlaw.com\/es\/abogado-accidentes-autobuses-california#breadcrumb"},"inLanguage":"es","potentialAction":[{"@type":"ReadAction","target":["https:\/\/www.blairramirezlaw.com\/es\/abogado-accidentes-autobuses-california"]}]},{"@type":"BreadcrumbList","@id":"https:\/\/www.blairramirezlaw.com\/es\/abogado-accidentes-autobuses-california#breadcrumb","itemListElement":[{"@type":"ListItem","position":1,"name":"Home","item":"https:\/\/www.blairramirezlaw.com\/es"},{"@type":"ListItem","position":2,"name":"Accidentes de bus"}]},{"@type":"WebSite","@id":"https:\/\/www.blairramirezlaw.com\/#website","url":"https:\/\/www.blairramirezlaw.com\/","name":"Blair & Ramirez LLP","description":"","publisher":{"@id":"https:\/\/www.blairramirezlaw.com\/#organization"},"potentialAction":[{"@type":"SearchAction","target":{"@type":"EntryPoint","urlTemplate":"https:\/\/www.blairramirezlaw.com\/?s={search_term_string}"},"query-input":{"@type":"PropertyValueSpecification","valueRequired":true,"valueName":"search_term_string"}}],"inLanguage":"es"},{"@type":"Organization","@id":"https:\/\/www.blairramirezlaw.com\/#organization","name":"Blair & Ramirez LLP","url":"https:\/\/www.blairramirezlaw.com\/","logo":{"@type":"ImageObject","inLanguage":"es","@id":"https:\/\/www.blairramirezlaw.com\/#\/schema\/logo\/image\/","url":"https:\/\/www.blairramirezlaw.com\/wp-content\/uploads\/2024\/08\/BR-logo.jpg","contentUrl":"https:\/\/www.blairramirezlaw.com\/wp-content\/uploads\/2024\/08\/BR-logo.jpg","width":2000,"height":1045,"caption":"Blair & Ramirez LLP"},"image":{"@id":"https:\/\/www.blairramirezlaw.com\/#\/schema\/logo\/image\/"},"sameAs":["https:\/\/www.facebook.com\/blairramirezlaw\/","https:\/\/x.com\/blairramirezllp"]}]}},"_links":{"self":[{"href":"https:\/\/www.blairramirezlaw.com\/es\/wp-json\/wp\/v2\/pages\/2213","targetHints":{"allow":["GET"]}}],"collection":[{"href":"https:\/\/www.blairramirezlaw.com\/es\/wp-json\/wp\/v2\/pages"}],"about":[{"href":"https:\/\/www.blairramirezlaw.com\/es\/wp-json\/wp\/v2\/types\/page"}],"author":[{"embeddable":true,"href":"https:\/\/www.blairramirezlaw.com\/es\/wp-json\/wp\/v2\/users\/11"}],"replies":[{"embeddable":true,"href":"https:\/\/www.blairramirezlaw.com\/es\/wp-json\/wp\/v2\/comments?post=2213"}],"version-history":[{"count":0,"href":"https:\/\/www.blairramirezlaw.com\/es\/wp-json\/wp\/v2\/pages\/2213\/revisions"}],"wp:attachment":[{"href":"https:\/\/www.blairramirezlaw.com\/es\/wp-json\/wp\/v2\/media?parent=2213"}],"curies":[{"name":"wp","href":"https:\/\/api.w.org\/{rel}","templated":true}]}}