{"id":2081,"date":"2020-07-06T07:31:34","date_gmt":"2020-07-06T14:31:34","guid":{"rendered":"https:\/\/www.blairramirezlaw.com\/rv-motorhome-accident-attorneys-california"},"modified":"2026-03-03T03:50:50","modified_gmt":"2026-03-03T11:50:50","slug":"abogado-accidentes-autocaravanas-california","status":"publish","type":"page","link":"https:\/\/www.blairramirezlaw.com\/es\/abogado-accidentes-autocaravanas-california","title":{"rendered":"Accidentes de autocaravanas \/ veh\u00edculos recreativos"},"content":{"rendered":"<div id=\"cs-content\" class=\"cs-content\"><\/div>\n","protected":false},"excerpt":{"rendered":"<p>Abogados de California de Construcci\u00f3n y Accidentes de Montacargas Representando los derechos de los clientes heridos en accidentes de RV Los accidentes de construcci\u00f3n ocurren, y a menudo son mortales. De hecho, la construcci\u00f3n es una de las ocupaciones m\u00e1s peligrosas. Los sitios y entornos de construcci\u00f3n tienen maquinaria y equipos pesados (incluyendo carretillas elevadoras), herramientas el\u00e9ctricas, materiales de construcci\u00f3n, ... <a href=\"https:\/\/www.blairramirezlaw.com\/es\/abogado-accidentes-autocaravanas-california\" class=\"more-link\">Read More<\/a><\/p>\n","protected":false},"author":11,"featured_media":2079,"parent":0,"menu_order":0,"comment_status":"closed","ping_status":"closed","template":"template-blank-4.php","meta":{"_acf_changed":false,"inline_featured_image":false,"footnotes":""},"class_list":["post-2081","page","type-page","status-publish","has-post-thumbnail","hentry"],"acf":[],"yoast_head":"<!-- This site is optimized with the Yoast SEO plugin v27.4 - https:\/\/yoast.com\/product\/yoast-seo-wordpress\/ -->\n<title>Abogado de Accidentes de Autocaravanas California | Blair &amp; Ramirez<\/title>\n<meta name=\"description\" content=\"Como abogados de accidentes de RV en California, representamos a v\u00edctimas de accidentes. Llame hoy para una consulta gratis.\" \/>\n<meta name=\"robots\" content=\"index, follow, max-snippet:-1, max-image-preview:large, max-video-preview:-1\" \/>\n<link rel=\"canonical\" href=\"https:\/\/www.blairramirezlaw.com\/es\/abogado-accidentes-autocaravanas-california\" \/>\n<meta property=\"og:locale\" content=\"es_ES\" \/>\n<meta property=\"og:type\" content=\"article\" \/>\n<meta property=\"og:title\" content=\"Abogado de Accidentes de Autocaravanas California | Blair &amp; Ramirez\" \/>\n<meta property=\"og:description\" content=\"Como abogados de accidentes de RV en California, representamos a v\u00edctimas de accidentes. Llame hoy para una consulta gratis.\" \/>\n<meta property=\"og:url\" content=\"https:\/\/www.blairramirezlaw.com\/es\/abogado-accidentes-autocaravanas-california\" \/>\n<meta property=\"og:site_name\" content=\"Blair &amp; Ramirez LLP\" \/>\n<meta property=\"article:publisher\" content=\"https:\/\/www.facebook.com\/blairramirezlaw\/\" \/>\n<meta property=\"article:modified_time\" content=\"2026-03-03T11:50:50+00:00\" \/>\n<meta property=\"og:image\" content=\"https:\/\/www.blairramirezlaw.com\/wp-content\/uploads\/2020\/07\/RV-accident-Lawyer.jpg\" \/>\n\t<meta property=\"og:image:width\" content=\"817\" \/>\n\t<meta property=\"og:image:height\" content=\"459\" \/>\n\t<meta property=\"og:image:type\" content=\"image\/jpeg\" \/>\n<meta name=\"twitter:card\" content=\"summary_large_image\" \/>\n<meta name=\"twitter:title\" content=\"Abogado de Accidentes de Autocaravanas California | Blair &amp; Ramirez\" \/>\n<meta name=\"twitter:description\" content=\"Como abogados de accidentes de RV en California, representamos a v\u00edctimas de accidentes. Llame hoy para una consulta gratis.\" \/>\n<meta name=\"twitter:image\" content=\"https:\/\/www.blairramirezlaw.com\/wp-content\/uploads\/2020\/07\/RV-accident-Lawyer.jpg\" \/>\n<meta name=\"twitter:site\" content=\"@blairramirezllp\" \/>\n<meta name=\"twitter:label1\" content=\"Est. reading time\" \/>\n\t<meta name=\"twitter:data1\" content=\"8 minutos\" \/>\n<script type=\"application\/ld+json\" class=\"yoast-schema-graph\">{\"@context\":\"https:\\\/\\\/schema.org\",\"@graph\":[{\"@type\":\"WebPage\",\"@id\":\"https:\\\/\\\/www.blairramirezlaw.com\\\/es\\\/abogado-accidentes-autocaravanas-california\",\"url\":\"https:\\\/\\\/www.blairramirezlaw.com\\\/es\\\/abogado-accidentes-autocaravanas-california\",\"name\":\"Abogado de Accidentes de Autocaravanas California | Blair & Ramirez\",\"isPartOf\":{\"@id\":\"https:\\\/\\\/www.blairramirezlaw.com\\\/es#website\"},\"primaryImageOfPage\":{\"@id\":\"https:\\\/\\\/www.blairramirezlaw.com\\\/es\\\/abogado-accidentes-autocaravanas-california#primaryimage\"},\"image\":{\"@id\":\"https:\\\/\\\/www.blairramirezlaw.com\\\/es\\\/abogado-accidentes-autocaravanas-california#primaryimage\"},\"thumbnailUrl\":\"https:\\\/\\\/www.blairramirezlaw.com\\\/wp-content\\\/uploads\\\/2020\\\/07\\\/RV-accident-Lawyer.jpg\",\"datePublished\":\"2020-07-06T14:31:34+00:00\",\"dateModified\":\"2026-03-03T11:50:50+00:00\",\"description\":\"Como abogados de accidentes de RV en California, representamos a v\u00edctimas de accidentes. Llame hoy para una consulta gratis.\",\"breadcrumb\":{\"@id\":\"https:\\\/\\\/www.blairramirezlaw.com\\\/es\\\/abogado-accidentes-autocaravanas-california#breadcrumb\"},\"inLanguage\":\"es\",\"potentialAction\":[{\"@type\":\"ReadAction\",\"target\":[\"https:\\\/\\\/www.blairramirezlaw.com\\\/es\\\/abogado-accidentes-autocaravanas-california\"]}]},{\"@type\":\"ImageObject\",\"inLanguage\":\"es\",\"@id\":\"https:\\\/\\\/www.blairramirezlaw.com\\\/es\\\/abogado-accidentes-autocaravanas-california#primaryimage\",\"url\":\"https:\\\/\\\/www.blairramirezlaw.com\\\/wp-content\\\/uploads\\\/2020\\\/07\\\/RV-accident-Lawyer.jpg\",\"contentUrl\":\"https:\\\/\\\/www.blairramirezlaw.com\\\/wp-content\\\/uploads\\\/2020\\\/07\\\/RV-accident-Lawyer.jpg\",\"width\":817,\"height\":459,\"caption\":\"A truck hauls a large RV up a steep mountain incline\u2014a place where RV accidents can occur.\"},{\"@type\":\"BreadcrumbList\",\"@id\":\"https:\\\/\\\/www.blairramirezlaw.com\\\/es\\\/abogado-accidentes-autocaravanas-california#breadcrumb\",\"itemListElement\":[{\"@type\":\"ListItem\",\"position\":1,\"name\":\"Home\",\"item\":\"https:\\\/\\\/www.blairramirezlaw.com\\\/es\"},{\"@type\":\"ListItem\",\"position\":2,\"name\":\"Accidentes de autocaravanas \\\/ veh\u00edculos recreativos\"}]},{\"@type\":\"WebSite\",\"@id\":\"https:\\\/\\\/www.blairramirezlaw.com\\\/es#website\",\"url\":\"https:\\\/\\\/www.blairramirezlaw.com\\\/es\",\"name\":\"Blair & Ramirez LLP\",\"description\":\"\",\"publisher\":{\"@id\":\"https:\\\/\\\/www.blairramirezlaw.com\\\/es#organization\"},\"potentialAction\":[{\"@type\":\"SearchAction\",\"target\":{\"@type\":\"EntryPoint\",\"urlTemplate\":\"https:\\\/\\\/www.blairramirezlaw.com\\\/es?s={search_term_string}\"},\"query-input\":{\"@type\":\"PropertyValueSpecification\",\"valueRequired\":true,\"valueName\":\"search_term_string\"}}],\"inLanguage\":\"es\"},{\"@type\":\"Organization\",\"@id\":\"https:\\\/\\\/www.blairramirezlaw.com\\\/es#organization\",\"name\":\"Blair & Ramirez LLP\",\"url\":\"https:\\\/\\\/www.blairramirezlaw.com\\\/es\",\"logo\":{\"@type\":\"ImageObject\",\"inLanguage\":\"es\",\"@id\":\"https:\\\/\\\/www.blairramirezlaw.com\\\/es#\\\/schema\\\/logo\\\/image\\\/\",\"url\":\"https:\\\/\\\/www.blairramirezlaw.com\\\/wp-content\\\/uploads\\\/2024\\\/08\\\/BR-logo.jpg\",\"contentUrl\":\"https:\\\/\\\/www.blairramirezlaw.com\\\/wp-content\\\/uploads\\\/2024\\\/08\\\/BR-logo.jpg\",\"width\":2000,\"height\":1045,\"caption\":\"Blair & Ramirez LLP\"},\"image\":{\"@id\":\"https:\\\/\\\/www.blairramirezlaw.com\\\/es#\\\/schema\\\/logo\\\/image\\\/\"},\"sameAs\":[\"https:\\\/\\\/www.facebook.com\\\/blairramirezlaw\\\/\",\"https:\\\/\\\/x.com\\\/blairramirezllp\"]}]}<\/script>\n<!-- \/ Yoast SEO plugin. -->","yoast_head_json":{"title":"Abogado de Accidentes de Autocaravanas California | Blair & Ramirez","description":"Como abogados de accidentes de RV en California, representamos a v\u00edctimas de accidentes. Llame hoy para una consulta gratis.","robots":{"index":"index","follow":"follow","max-snippet":"max-snippet:-1","max-image-preview":"max-image-preview:large","max-video-preview":"max-video-preview:-1"},"canonical":"https:\/\/www.blairramirezlaw.com\/es\/abogado-accidentes-autocaravanas-california","og_locale":"es_ES","og_type":"article","og_title":"Abogado de Accidentes de Autocaravanas California | Blair & Ramirez","og_description":"Como abogados de accidentes de RV en California, representamos a v\u00edctimas de accidentes. Llame hoy para una consulta gratis.","og_url":"https:\/\/www.blairramirezlaw.com\/es\/abogado-accidentes-autocaravanas-california","og_site_name":"Blair &amp; Ramirez LLP","article_publisher":"https:\/\/www.facebook.com\/blairramirezlaw\/","article_modified_time":"2026-03-03T11:50:50+00:00","og_image":[{"width":817,"height":459,"url":"https:\/\/www.blairramirezlaw.com\/wp-content\/uploads\/2020\/07\/RV-accident-Lawyer.jpg","type":"image\/jpeg"}],"twitter_card":"summary_large_image","twitter_title":"Abogado de Accidentes de Autocaravanas California | Blair & Ramirez","twitter_description":"Como abogados de accidentes de RV en California, representamos a v\u00edctimas de accidentes. Llame hoy para una consulta gratis.","twitter_image":"https:\/\/www.blairramirezlaw.com\/wp-content\/uploads\/2020\/07\/RV-accident-Lawyer.jpg","twitter_site":"@blairramirezllp","twitter_misc":{"Est. reading time":"8 minutos"},"schema":{"@context":"https:\/\/schema.org","@graph":[{"@type":"WebPage","@id":"https:\/\/www.blairramirezlaw.com\/es\/abogado-accidentes-autocaravanas-california","url":"https:\/\/www.blairramirezlaw.com\/es\/abogado-accidentes-autocaravanas-california","name":"Abogado de Accidentes de Autocaravanas California | Blair & Ramirez","isPartOf":{"@id":"https:\/\/www.blairramirezlaw.com\/es#website"},"primaryImageOfPage":{"@id":"https:\/\/www.blairramirezlaw.com\/es\/abogado-accidentes-autocaravanas-california#primaryimage"},"image":{"@id":"https:\/\/www.blairramirezlaw.com\/es\/abogado-accidentes-autocaravanas-california#primaryimage"},"thumbnailUrl":"https:\/\/www.blairramirezlaw.com\/wp-content\/uploads\/2020\/07\/RV-accident-Lawyer.jpg","datePublished":"2020-07-06T14:31:34+00:00","dateModified":"2026-03-03T11:50:50+00:00","description":"Como abogados de accidentes de RV en California, representamos a v\u00edctimas de accidentes. Llame hoy para una consulta gratis.","breadcrumb":{"@id":"https:\/\/www.blairramirezlaw.com\/es\/abogado-accidentes-autocaravanas-california#breadcrumb"},"inLanguage":"es","potentialAction":[{"@type":"ReadAction","target":["https:\/\/www.blairramirezlaw.com\/es\/abogado-accidentes-autocaravanas-california"]}]},{"@type":"ImageObject","inLanguage":"es","@id":"https:\/\/www.blairramirezlaw.com\/es\/abogado-accidentes-autocaravanas-california#primaryimage","url":"https:\/\/www.blairramirezlaw.com\/wp-content\/uploads\/2020\/07\/RV-accident-Lawyer.jpg","contentUrl":"https:\/\/www.blairramirezlaw.com\/wp-content\/uploads\/2020\/07\/RV-accident-Lawyer.jpg","width":817,"height":459,"caption":"A truck hauls a large RV up a steep mountain incline\u2014a place where RV accidents can occur."},{"@type":"BreadcrumbList","@id":"https:\/\/www.blairramirezlaw.com\/es\/abogado-accidentes-autocaravanas-california#breadcrumb","itemListElement":[{"@type":"ListItem","position":1,"name":"Home","item":"https:\/\/www.blairramirezlaw.com\/es"},{"@type":"ListItem","position":2,"name":"Accidentes de autocaravanas \/ veh\u00edculos recreativos"}]},{"@type":"WebSite","@id":"https:\/\/www.blairramirezlaw.com\/es#website","url":"https:\/\/www.blairramirezlaw.com\/es","name":"Blair & Ramirez LLP","description":"","publisher":{"@id":"https:\/\/www.blairramirezlaw.com\/es#organization"},"potentialAction":[{"@type":"SearchAction","target":{"@type":"EntryPoint","urlTemplate":"https:\/\/www.blairramirezlaw.com\/es?s={search_term_string}"},"query-input":{"@type":"PropertyValueSpecification","valueRequired":true,"valueName":"search_term_string"}}],"inLanguage":"es"},{"@type":"Organization","@id":"https:\/\/www.blairramirezlaw.com\/es#organization","name":"Blair & Ramirez LLP","url":"https:\/\/www.blairramirezlaw.com\/es","logo":{"@type":"ImageObject","inLanguage":"es","@id":"https:\/\/www.blairramirezlaw.com\/es#\/schema\/logo\/image\/","url":"https:\/\/www.blairramirezlaw.com\/wp-content\/uploads\/2024\/08\/BR-logo.jpg","contentUrl":"https:\/\/www.blairramirezlaw.com\/wp-content\/uploads\/2024\/08\/BR-logo.jpg","width":2000,"height":1045,"caption":"Blair & Ramirez LLP"},"image":{"@id":"https:\/\/www.blairramirezlaw.com\/es#\/schema\/logo\/image\/"},"sameAs":["https:\/\/www.facebook.com\/blairramirezlaw\/","https:\/\/x.com\/blairramirezllp"]}]}},"_links":{"self":[{"href":"https:\/\/www.blairramirezlaw.com\/es\/wp-json\/wp\/v2\/pages\/2081","targetHints":{"allow":["GET"]}}],"collection":[{"href":"https:\/\/www.blairramirezlaw.com\/es\/wp-json\/wp\/v2\/pages"}],"about":[{"href":"https:\/\/www.blairramirezlaw.com\/es\/wp-json\/wp\/v2\/types\/page"}],"author":[{"embeddable":true,"href":"https:\/\/www.blairramirezlaw.com\/es\/wp-json\/wp\/v2\/users\/11"}],"replies":[{"embeddable":true,"href":"https:\/\/www.blairramirezlaw.com\/es\/wp-json\/wp\/v2\/comments?post=2081"}],"version-history":[{"count":0,"href":"https:\/\/www.blairramirezlaw.com\/es\/wp-json\/wp\/v2\/pages\/2081\/revisions"}],"wp:featuredmedia":[{"embeddable":true,"href":"https:\/\/www.blairramirezlaw.com\/es\/wp-json\/wp\/v2\/media\/2079"}],"wp:attachment":[{"href":"https:\/\/www.blairramirezlaw.com\/es\/wp-json\/wp\/v2\/media?parent=2081"}],"curies":[{"name":"wp","href":"https:\/\/api.w.org\/{rel}","templated":true}]}}