{"id":1581,"date":"2020-05-12T06:08:25","date_gmt":"2020-05-12T13:08:25","guid":{"rendered":"https:\/\/www.blairramirezlaw.com\/los-angeles-california-employment-class-action-attorneys"},"modified":"2025-12-01T02:38:19","modified_gmt":"2025-12-01T10:38:19","slug":"los-angeles-california-abogados-laboral-demandas-colectivas","status":"publish","type":"page","link":"https:\/\/www.blairramirezlaw.com\/es\/los-angeles-california-abogados-laboral-demandas-colectivas","title":{"rendered":"Demandas de Acci\u00f3n de Clase"},"content":{"rendered":"<div id=\"cs-content\" class=\"cs-content\"><\/div>\n","protected":false},"excerpt":{"rendered":"<p>Abogados de Demandas Colectivas de Empleados en California Nuestros abogados de acci\u00f3n de clase en California manejan las infracciones en las leyes laborales estatales y federales. Si sus derechos han sido violados, ll\u00e1menos para una consulta.$1 Mill\u00f3nAccidente De Cami\u00f3n$6.25 Mill\u00f3nAcci\u00f3n De Clase$2.54 Mill\u00f3nAgresi\u00f3n F\u00edsica$2.5 Mill\u00f3nDiscriminaci\u00f3n De G\u00e9nero$2.02 Mill\u00f3nAccidente De Motocicleta$1 Mill\u00f3nAcci\u00f3n De Clase$1 Mill\u00f3nDiscriminaci\u00f3n Racial$1.25 MillionCar Accident Settlement$7 MillionVerdict: Personal ... <a href=\"https:\/\/www.blairramirezlaw.com\/es\/top-100-settlements-california-2\" class=\"more-link\">Read More<\/a><\/p>\n","protected":false},"author":11,"featured_media":0,"parent":0,"menu_order":0,"comment_status":"closed","ping_status":"closed","template":"template-blank-4.php","meta":{"_acf_changed":false,"inline_featured_image":false,"footnotes":""},"class_list":["post-1581","page","type-page","status-publish","hentry","no-post-thumbnail"],"acf":[],"yoast_head":"<!-- This site is optimized with the Yoast SEO plugin v27.3 - https:\/\/yoast.com\/product\/yoast-seo-wordpress\/ -->\n<title>Abogados de Demanda Colectiva en California<\/title>\n<meta name=\"description\" content=\"Cuando muchas personas sufren el mismo tipo de da\u00f1o causado por la misma persona o parte, a menudo pueden consolidar sus reclamos en una demanda colectiva.\" \/>\n<meta name=\"robots\" content=\"index, follow, max-snippet:-1, max-image-preview:large, max-video-preview:-1\" \/>\n<link rel=\"canonical\" href=\"https:\/\/www.blairramirezlaw.com\/es\/los-angeles-california-abogados-laboral-demandas-colectivas\" \/>\n<meta property=\"og:locale\" content=\"es_ES\" \/>\n<meta property=\"og:type\" content=\"article\" \/>\n<meta property=\"og:title\" content=\"Abogados de Demanda Colectiva en California\" \/>\n<meta property=\"og:description\" content=\"Cuando muchas personas sufren el mismo tipo de da\u00f1o causado por la misma persona o parte, a menudo pueden consolidar sus reclamos en una demanda colectiva.\" \/>\n<meta property=\"og:url\" content=\"https:\/\/www.blairramirezlaw.com\/es\/los-angeles-california-abogados-laboral-demandas-colectivas\" \/>\n<meta property=\"og:site_name\" content=\"Blair &amp; Ramirez LLP\" \/>\n<meta property=\"article:publisher\" content=\"https:\/\/www.facebook.com\/blairramirezlaw\/\" \/>\n<meta property=\"article:modified_time\" content=\"2025-12-01T10:38:19+00:00\" \/>\n<meta property=\"og:image\" content=\"https:\/\/www.blairramirezlaw.com\/wp-content\/uploads\/2024\/08\/BR-logo.jpg\" \/>\n\t<meta property=\"og:image:width\" content=\"2000\" \/>\n\t<meta property=\"og:image:height\" content=\"1045\" \/>\n\t<meta property=\"og:image:type\" content=\"image\/jpeg\" \/>\n<meta name=\"twitter:card\" content=\"summary_large_image\" \/>\n<meta name=\"twitter:title\" content=\"Abogados de Demanda Colectiva en California\" \/>\n<meta name=\"twitter:description\" content=\"Cuando muchas personas sufren el mismo tipo de da\u00f1o causado por la misma persona o parte, a menudo pueden consolidar sus reclamos en una demanda colectiva.\" \/>\n<meta name=\"twitter:site\" content=\"@blairramirezllp\" \/>\n<meta name=\"twitter:label1\" content=\"Est. reading time\" \/>\n\t<meta name=\"twitter:data1\" content=\"20 minutos\" \/>\n<script type=\"application\/ld+json\" class=\"yoast-schema-graph\">{\"@context\":\"https:\\\/\\\/schema.org\",\"@graph\":[{\"@type\":\"WebPage\",\"@id\":\"https:\\\/\\\/www.blairramirezlaw.com\\\/es\\\/los-angeles-california-abogados-laboral-demandas-colectivas\",\"url\":\"https:\\\/\\\/www.blairramirezlaw.com\\\/es\\\/los-angeles-california-abogados-laboral-demandas-colectivas\",\"name\":\"Abogados de Demanda Colectiva en California\",\"isPartOf\":{\"@id\":\"https:\\\/\\\/www.blairramirezlaw.com\\\/es#website\"},\"datePublished\":\"2020-05-12T13:08:25+00:00\",\"dateModified\":\"2025-12-01T10:38:19+00:00\",\"description\":\"Cuando muchas personas sufren el mismo tipo de da\u00f1o causado por la misma persona o parte, a menudo pueden consolidar sus reclamos en una demanda colectiva.\",\"breadcrumb\":{\"@id\":\"https:\\\/\\\/www.blairramirezlaw.com\\\/es\\\/los-angeles-california-abogados-laboral-demandas-colectivas#breadcrumb\"},\"inLanguage\":\"es\",\"potentialAction\":[{\"@type\":\"ReadAction\",\"target\":[\"https:\\\/\\\/www.blairramirezlaw.com\\\/es\\\/los-angeles-california-abogados-laboral-demandas-colectivas\"]}]},{\"@type\":\"BreadcrumbList\",\"@id\":\"https:\\\/\\\/www.blairramirezlaw.com\\\/es\\\/los-angeles-california-abogados-laboral-demandas-colectivas#breadcrumb\",\"itemListElement\":[{\"@type\":\"ListItem\",\"position\":1,\"name\":\"Home\",\"item\":\"https:\\\/\\\/www.blairramirezlaw.com\\\/es\"},{\"@type\":\"ListItem\",\"position\":2,\"name\":\"Demandas de Acci\u00f3n de Clase\"}]},{\"@type\":\"WebSite\",\"@id\":\"https:\\\/\\\/www.blairramirezlaw.com\\\/es#website\",\"url\":\"https:\\\/\\\/www.blairramirezlaw.com\\\/es\",\"name\":\"Blair & Ramirez LLP\",\"description\":\"\",\"publisher\":{\"@id\":\"https:\\\/\\\/www.blairramirezlaw.com\\\/es#organization\"},\"potentialAction\":[{\"@type\":\"SearchAction\",\"target\":{\"@type\":\"EntryPoint\",\"urlTemplate\":\"https:\\\/\\\/www.blairramirezlaw.com\\\/es?s={search_term_string}\"},\"query-input\":{\"@type\":\"PropertyValueSpecification\",\"valueRequired\":true,\"valueName\":\"search_term_string\"}}],\"inLanguage\":\"es\"},{\"@type\":\"Organization\",\"@id\":\"https:\\\/\\\/www.blairramirezlaw.com\\\/es#organization\",\"name\":\"Blair & Ramirez LLP\",\"url\":\"https:\\\/\\\/www.blairramirezlaw.com\\\/es\",\"logo\":{\"@type\":\"ImageObject\",\"inLanguage\":\"es\",\"@id\":\"https:\\\/\\\/www.blairramirezlaw.com\\\/es#\\\/schema\\\/logo\\\/image\\\/\",\"url\":\"https:\\\/\\\/www.blairramirezlaw.com\\\/wp-content\\\/uploads\\\/2024\\\/08\\\/BR-logo.jpg\",\"contentUrl\":\"https:\\\/\\\/www.blairramirezlaw.com\\\/wp-content\\\/uploads\\\/2024\\\/08\\\/BR-logo.jpg\",\"width\":2000,\"height\":1045,\"caption\":\"Blair & Ramirez LLP\"},\"image\":{\"@id\":\"https:\\\/\\\/www.blairramirezlaw.com\\\/es#\\\/schema\\\/logo\\\/image\\\/\"},\"sameAs\":[\"https:\\\/\\\/www.facebook.com\\\/blairramirezlaw\\\/\",\"https:\\\/\\\/x.com\\\/blairramirezllp\"]}]}<\/script>\n<!-- \/ Yoast SEO plugin. -->","yoast_head_json":{"title":"Abogados de Demanda Colectiva en California","description":"Cuando muchas personas sufren el mismo tipo de da\u00f1o causado por la misma persona o parte, a menudo pueden consolidar sus reclamos en una demanda colectiva.","robots":{"index":"index","follow":"follow","max-snippet":"max-snippet:-1","max-image-preview":"max-image-preview:large","max-video-preview":"max-video-preview:-1"},"canonical":"https:\/\/www.blairramirezlaw.com\/es\/los-angeles-california-abogados-laboral-demandas-colectivas","og_locale":"es_ES","og_type":"article","og_title":"Abogados de Demanda Colectiva en California","og_description":"Cuando muchas personas sufren el mismo tipo de da\u00f1o causado por la misma persona o parte, a menudo pueden consolidar sus reclamos en una demanda colectiva.","og_url":"https:\/\/www.blairramirezlaw.com\/es\/los-angeles-california-abogados-laboral-demandas-colectivas","og_site_name":"Blair &amp; Ramirez LLP","article_publisher":"https:\/\/www.facebook.com\/blairramirezlaw\/","article_modified_time":"2025-12-01T10:38:19+00:00","og_image":[{"width":2000,"height":1045,"url":"https:\/\/www.blairramirezlaw.com\/wp-content\/uploads\/2024\/08\/BR-logo.jpg","type":"image\/jpeg"}],"twitter_card":"summary_large_image","twitter_title":"Abogados de Demanda Colectiva en California","twitter_description":"Cuando muchas personas sufren el mismo tipo de da\u00f1o causado por la misma persona o parte, a menudo pueden consolidar sus reclamos en una demanda colectiva.","twitter_site":"@blairramirezllp","twitter_misc":{"Est. reading time":"20 minutos"},"schema":{"@context":"https:\/\/schema.org","@graph":[{"@type":"WebPage","@id":"https:\/\/www.blairramirezlaw.com\/es\/los-angeles-california-abogados-laboral-demandas-colectivas","url":"https:\/\/www.blairramirezlaw.com\/es\/los-angeles-california-abogados-laboral-demandas-colectivas","name":"Abogados de Demanda Colectiva en California","isPartOf":{"@id":"https:\/\/www.blairramirezlaw.com\/es#website"},"datePublished":"2020-05-12T13:08:25+00:00","dateModified":"2025-12-01T10:38:19+00:00","description":"Cuando muchas personas sufren el mismo tipo de da\u00f1o causado por la misma persona o parte, a menudo pueden consolidar sus reclamos en una demanda colectiva.","breadcrumb":{"@id":"https:\/\/www.blairramirezlaw.com\/es\/los-angeles-california-abogados-laboral-demandas-colectivas#breadcrumb"},"inLanguage":"es","potentialAction":[{"@type":"ReadAction","target":["https:\/\/www.blairramirezlaw.com\/es\/los-angeles-california-abogados-laboral-demandas-colectivas"]}]},{"@type":"BreadcrumbList","@id":"https:\/\/www.blairramirezlaw.com\/es\/los-angeles-california-abogados-laboral-demandas-colectivas#breadcrumb","itemListElement":[{"@type":"ListItem","position":1,"name":"Home","item":"https:\/\/www.blairramirezlaw.com\/es"},{"@type":"ListItem","position":2,"name":"Demandas de Acci\u00f3n de Clase"}]},{"@type":"WebSite","@id":"https:\/\/www.blairramirezlaw.com\/es#website","url":"https:\/\/www.blairramirezlaw.com\/es","name":"Blair & Ramirez LLP","description":"","publisher":{"@id":"https:\/\/www.blairramirezlaw.com\/es#organization"},"potentialAction":[{"@type":"SearchAction","target":{"@type":"EntryPoint","urlTemplate":"https:\/\/www.blairramirezlaw.com\/es?s={search_term_string}"},"query-input":{"@type":"PropertyValueSpecification","valueRequired":true,"valueName":"search_term_string"}}],"inLanguage":"es"},{"@type":"Organization","@id":"https:\/\/www.blairramirezlaw.com\/es#organization","name":"Blair & Ramirez LLP","url":"https:\/\/www.blairramirezlaw.com\/es","logo":{"@type":"ImageObject","inLanguage":"es","@id":"https:\/\/www.blairramirezlaw.com\/es#\/schema\/logo\/image\/","url":"https:\/\/www.blairramirezlaw.com\/wp-content\/uploads\/2024\/08\/BR-logo.jpg","contentUrl":"https:\/\/www.blairramirezlaw.com\/wp-content\/uploads\/2024\/08\/BR-logo.jpg","width":2000,"height":1045,"caption":"Blair & Ramirez LLP"},"image":{"@id":"https:\/\/www.blairramirezlaw.com\/es#\/schema\/logo\/image\/"},"sameAs":["https:\/\/www.facebook.com\/blairramirezlaw\/","https:\/\/x.com\/blairramirezllp"]}]}},"_links":{"self":[{"href":"https:\/\/www.blairramirezlaw.com\/es\/wp-json\/wp\/v2\/pages\/1581","targetHints":{"allow":["GET"]}}],"collection":[{"href":"https:\/\/www.blairramirezlaw.com\/es\/wp-json\/wp\/v2\/pages"}],"about":[{"href":"https:\/\/www.blairramirezlaw.com\/es\/wp-json\/wp\/v2\/types\/page"}],"author":[{"embeddable":true,"href":"https:\/\/www.blairramirezlaw.com\/es\/wp-json\/wp\/v2\/users\/11"}],"replies":[{"embeddable":true,"href":"https:\/\/www.blairramirezlaw.com\/es\/wp-json\/wp\/v2\/comments?post=1581"}],"version-history":[{"count":0,"href":"https:\/\/www.blairramirezlaw.com\/es\/wp-json\/wp\/v2\/pages\/1581\/revisions"}],"wp:attachment":[{"href":"https:\/\/www.blairramirezlaw.com\/es\/wp-json\/wp\/v2\/media?parent=1581"}],"curies":[{"name":"wp","href":"https:\/\/api.w.org\/{rel}","templated":true}]}}