{"id":1574,"date":"2020-05-11T14:17:36","date_gmt":"2020-05-11T21:17:36","guid":{"rendered":"https:\/\/www.blairramirezlaw.com\/los-angeles-atv-accident-lawyers"},"modified":"2026-03-03T03:46:16","modified_gmt":"2026-03-03T11:46:16","slug":"los-angeles-abogados-accidentes-atv","status":"publish","type":"page","link":"https:\/\/www.blairramirezlaw.com\/es\/los-angeles-abogados-accidentes-atv","title":{"rendered":"Accidentes de ATV"},"content":{"rendered":"<div id=\"cs-content\" class=\"cs-content\"><\/div>\n","protected":false},"excerpt":{"rendered":"<p>Abogados de Accidentes de ATV en Los Angeles Accidentes de ATV Los ATV son una forma recreativa para muchos Californianos. Aunque estas potentes m\u00e1quinas pueden proporcionar horas de diversi\u00f3n, tambi\u00e9n son extremadamente peligrosas. La Comisi\u00f3n de Seguridad de los Productos del Consumidor (CPSC) informa que, en todo el pa\u00eds, al menos 264 personas perdieron la vida en un accidente de ... <a href=\"https:\/\/www.blairramirezlaw.com\/es\/los-angeles-abogados-accidentes-atv\" class=\"more-link\">Read More<\/a><\/p>\n","protected":false},"author":11,"featured_media":0,"parent":0,"menu_order":0,"comment_status":"closed","ping_status":"closed","template":"template-blank-4.php","meta":{"_acf_changed":false,"inline_featured_image":false,"footnotes":""},"class_list":["post-1574","page","type-page","status-publish","hentry","no-post-thumbnail"],"acf":[],"yoast_head":"<!-- This site is optimized with the Yoast SEO plugin v27.4 - https:\/\/yoast.com\/product\/yoast-seo-wordpress\/ -->\n<title>Abogados de Accidentes de ATV en Los Angeles | Blair y Ramirez LLP<\/title>\n<meta name=\"description\" content=\"Si ha estado en un accidente de ATV debido a la negligencia de otra persona, puede recuperar la compensaci\u00f3n. Ll\u00e1menos para una consulta gratis de su caso.\" \/>\n<meta name=\"robots\" content=\"index, follow, max-snippet:-1, max-image-preview:large, max-video-preview:-1\" \/>\n<link rel=\"canonical\" href=\"https:\/\/www.blairramirezlaw.com\/es\/los-angeles-abogados-accidentes-atv\" \/>\n<meta property=\"og:locale\" content=\"es_ES\" \/>\n<meta property=\"og:type\" content=\"article\" \/>\n<meta property=\"og:title\" content=\"Abogados de Accidentes de ATV en Los Angeles | Blair y Ramirez LLP\" \/>\n<meta property=\"og:description\" content=\"Si ha estado en un accidente de ATV debido a la negligencia de otra persona, puede recuperar la compensaci\u00f3n. Ll\u00e1menos para una consulta gratis de su caso.\" \/>\n<meta property=\"og:url\" content=\"https:\/\/www.blairramirezlaw.com\/es\/los-angeles-abogados-accidentes-atv\" \/>\n<meta property=\"og:site_name\" content=\"Blair &amp; Ramirez LLP\" \/>\n<meta property=\"article:publisher\" content=\"https:\/\/www.facebook.com\/blairramirezlaw\/\" \/>\n<meta property=\"article:modified_time\" content=\"2026-03-03T11:46:16+00:00\" \/>\n<meta property=\"og:image\" content=\"https:\/\/www.blairramirezlaw.com\/wp-content\/uploads\/2024\/08\/BR-logo.jpg\" \/>\n\t<meta property=\"og:image:width\" content=\"2000\" \/>\n\t<meta property=\"og:image:height\" content=\"1045\" \/>\n\t<meta property=\"og:image:type\" content=\"image\/jpeg\" \/>\n<meta name=\"twitter:card\" content=\"summary_large_image\" \/>\n<meta name=\"twitter:site\" content=\"@blairramirezllp\" \/>\n<meta name=\"twitter:label1\" content=\"Est. reading time\" \/>\n\t<meta name=\"twitter:data1\" content=\"8 minutos\" \/>\n<script type=\"application\/ld+json\" class=\"yoast-schema-graph\">{\"@context\":\"https:\\\/\\\/schema.org\",\"@graph\":[{\"@type\":\"WebPage\",\"@id\":\"https:\\\/\\\/www.blairramirezlaw.com\\\/es\\\/los-angeles-abogados-accidentes-atv\",\"url\":\"https:\\\/\\\/www.blairramirezlaw.com\\\/es\\\/los-angeles-abogados-accidentes-atv\",\"name\":\"Abogados de Accidentes de ATV en Los Angeles | Blair y Ramirez LLP\",\"isPartOf\":{\"@id\":\"https:\\\/\\\/www.blairramirezlaw.com\\\/es#website\"},\"datePublished\":\"2020-05-11T21:17:36+00:00\",\"dateModified\":\"2026-03-03T11:46:16+00:00\",\"description\":\"Si ha estado en un accidente de ATV debido a la negligencia de otra persona, puede recuperar la compensaci\u00f3n. Ll\u00e1menos para una consulta gratis de su caso.\",\"breadcrumb\":{\"@id\":\"https:\\\/\\\/www.blairramirezlaw.com\\\/es\\\/los-angeles-abogados-accidentes-atv#breadcrumb\"},\"inLanguage\":\"es\",\"potentialAction\":[{\"@type\":\"ReadAction\",\"target\":[\"https:\\\/\\\/www.blairramirezlaw.com\\\/es\\\/los-angeles-abogados-accidentes-atv\"]}]},{\"@type\":\"BreadcrumbList\",\"@id\":\"https:\\\/\\\/www.blairramirezlaw.com\\\/es\\\/los-angeles-abogados-accidentes-atv#breadcrumb\",\"itemListElement\":[{\"@type\":\"ListItem\",\"position\":1,\"name\":\"Home\",\"item\":\"https:\\\/\\\/www.blairramirezlaw.com\\\/es\"},{\"@type\":\"ListItem\",\"position\":2,\"name\":\"Accidentes de ATV\"}]},{\"@type\":\"WebSite\",\"@id\":\"https:\\\/\\\/www.blairramirezlaw.com\\\/es#website\",\"url\":\"https:\\\/\\\/www.blairramirezlaw.com\\\/es\",\"name\":\"Blair & Ramirez LLP\",\"description\":\"\",\"publisher\":{\"@id\":\"https:\\\/\\\/www.blairramirezlaw.com\\\/es#organization\"},\"potentialAction\":[{\"@type\":\"SearchAction\",\"target\":{\"@type\":\"EntryPoint\",\"urlTemplate\":\"https:\\\/\\\/www.blairramirezlaw.com\\\/es?s={search_term_string}\"},\"query-input\":{\"@type\":\"PropertyValueSpecification\",\"valueRequired\":true,\"valueName\":\"search_term_string\"}}],\"inLanguage\":\"es\"},{\"@type\":\"Organization\",\"@id\":\"https:\\\/\\\/www.blairramirezlaw.com\\\/es#organization\",\"name\":\"Blair & Ramirez LLP\",\"url\":\"https:\\\/\\\/www.blairramirezlaw.com\\\/es\",\"logo\":{\"@type\":\"ImageObject\",\"inLanguage\":\"es\",\"@id\":\"https:\\\/\\\/www.blairramirezlaw.com\\\/es#\\\/schema\\\/logo\\\/image\\\/\",\"url\":\"https:\\\/\\\/www.blairramirezlaw.com\\\/wp-content\\\/uploads\\\/2024\\\/08\\\/BR-logo.jpg\",\"contentUrl\":\"https:\\\/\\\/www.blairramirezlaw.com\\\/wp-content\\\/uploads\\\/2024\\\/08\\\/BR-logo.jpg\",\"width\":2000,\"height\":1045,\"caption\":\"Blair & Ramirez LLP\"},\"image\":{\"@id\":\"https:\\\/\\\/www.blairramirezlaw.com\\\/es#\\\/schema\\\/logo\\\/image\\\/\"},\"sameAs\":[\"https:\\\/\\\/www.facebook.com\\\/blairramirezlaw\\\/\",\"https:\\\/\\\/x.com\\\/blairramirezllp\"]}]}<\/script>\n<!-- \/ Yoast SEO plugin. -->","yoast_head_json":{"title":"Abogados de Accidentes de ATV en Los Angeles | Blair y Ramirez LLP","description":"Si ha estado en un accidente de ATV debido a la negligencia de otra persona, puede recuperar la compensaci\u00f3n. Ll\u00e1menos para una consulta gratis de su caso.","robots":{"index":"index","follow":"follow","max-snippet":"max-snippet:-1","max-image-preview":"max-image-preview:large","max-video-preview":"max-video-preview:-1"},"canonical":"https:\/\/www.blairramirezlaw.com\/es\/los-angeles-abogados-accidentes-atv","og_locale":"es_ES","og_type":"article","og_title":"Abogados de Accidentes de ATV en Los Angeles | Blair y Ramirez LLP","og_description":"Si ha estado en un accidente de ATV debido a la negligencia de otra persona, puede recuperar la compensaci\u00f3n. Ll\u00e1menos para una consulta gratis de su caso.","og_url":"https:\/\/www.blairramirezlaw.com\/es\/los-angeles-abogados-accidentes-atv","og_site_name":"Blair &amp; Ramirez LLP","article_publisher":"https:\/\/www.facebook.com\/blairramirezlaw\/","article_modified_time":"2026-03-03T11:46:16+00:00","og_image":[{"width":2000,"height":1045,"url":"https:\/\/www.blairramirezlaw.com\/wp-content\/uploads\/2024\/08\/BR-logo.jpg","type":"image\/jpeg"}],"twitter_card":"summary_large_image","twitter_site":"@blairramirezllp","twitter_misc":{"Est. reading time":"8 minutos"},"schema":{"@context":"https:\/\/schema.org","@graph":[{"@type":"WebPage","@id":"https:\/\/www.blairramirezlaw.com\/es\/los-angeles-abogados-accidentes-atv","url":"https:\/\/www.blairramirezlaw.com\/es\/los-angeles-abogados-accidentes-atv","name":"Abogados de Accidentes de ATV en Los Angeles | Blair y Ramirez LLP","isPartOf":{"@id":"https:\/\/www.blairramirezlaw.com\/es#website"},"datePublished":"2020-05-11T21:17:36+00:00","dateModified":"2026-03-03T11:46:16+00:00","description":"Si ha estado en un accidente de ATV debido a la negligencia de otra persona, puede recuperar la compensaci\u00f3n. Ll\u00e1menos para una consulta gratis de su caso.","breadcrumb":{"@id":"https:\/\/www.blairramirezlaw.com\/es\/los-angeles-abogados-accidentes-atv#breadcrumb"},"inLanguage":"es","potentialAction":[{"@type":"ReadAction","target":["https:\/\/www.blairramirezlaw.com\/es\/los-angeles-abogados-accidentes-atv"]}]},{"@type":"BreadcrumbList","@id":"https:\/\/www.blairramirezlaw.com\/es\/los-angeles-abogados-accidentes-atv#breadcrumb","itemListElement":[{"@type":"ListItem","position":1,"name":"Home","item":"https:\/\/www.blairramirezlaw.com\/es"},{"@type":"ListItem","position":2,"name":"Accidentes de ATV"}]},{"@type":"WebSite","@id":"https:\/\/www.blairramirezlaw.com\/es#website","url":"https:\/\/www.blairramirezlaw.com\/es","name":"Blair & Ramirez LLP","description":"","publisher":{"@id":"https:\/\/www.blairramirezlaw.com\/es#organization"},"potentialAction":[{"@type":"SearchAction","target":{"@type":"EntryPoint","urlTemplate":"https:\/\/www.blairramirezlaw.com\/es?s={search_term_string}"},"query-input":{"@type":"PropertyValueSpecification","valueRequired":true,"valueName":"search_term_string"}}],"inLanguage":"es"},{"@type":"Organization","@id":"https:\/\/www.blairramirezlaw.com\/es#organization","name":"Blair & Ramirez LLP","url":"https:\/\/www.blairramirezlaw.com\/es","logo":{"@type":"ImageObject","inLanguage":"es","@id":"https:\/\/www.blairramirezlaw.com\/es#\/schema\/logo\/image\/","url":"https:\/\/www.blairramirezlaw.com\/wp-content\/uploads\/2024\/08\/BR-logo.jpg","contentUrl":"https:\/\/www.blairramirezlaw.com\/wp-content\/uploads\/2024\/08\/BR-logo.jpg","width":2000,"height":1045,"caption":"Blair & Ramirez LLP"},"image":{"@id":"https:\/\/www.blairramirezlaw.com\/es#\/schema\/logo\/image\/"},"sameAs":["https:\/\/www.facebook.com\/blairramirezlaw\/","https:\/\/x.com\/blairramirezllp"]}]}},"_links":{"self":[{"href":"https:\/\/www.blairramirezlaw.com\/es\/wp-json\/wp\/v2\/pages\/1574","targetHints":{"allow":["GET"]}}],"collection":[{"href":"https:\/\/www.blairramirezlaw.com\/es\/wp-json\/wp\/v2\/pages"}],"about":[{"href":"https:\/\/www.blairramirezlaw.com\/es\/wp-json\/wp\/v2\/types\/page"}],"author":[{"embeddable":true,"href":"https:\/\/www.blairramirezlaw.com\/es\/wp-json\/wp\/v2\/users\/11"}],"replies":[{"embeddable":true,"href":"https:\/\/www.blairramirezlaw.com\/es\/wp-json\/wp\/v2\/comments?post=1574"}],"version-history":[{"count":0,"href":"https:\/\/www.blairramirezlaw.com\/es\/wp-json\/wp\/v2\/pages\/1574\/revisions"}],"wp:attachment":[{"href":"https:\/\/www.blairramirezlaw.com\/es\/wp-json\/wp\/v2\/media?parent=1574"}],"curies":[{"name":"wp","href":"https:\/\/api.w.org\/{rel}","templated":true}]}}