{"id":1369,"date":"2020-02-05T09:39:37","date_gmt":"2020-02-05T17:39:37","guid":{"rendered":"https:\/\/www.blairramirezlaw.com\/long-beach-personal-injury-attorneys"},"modified":"2026-03-03T04:01:06","modified_gmt":"2026-03-03T12:01:06","slug":"abogados-de-lesiones-personales-en-long-beach","status":"publish","type":"page","link":"https:\/\/www.blairramirezlaw.com\/es\/abogados-de-lesiones-personales-en-long-beach","title":{"rendered":"Abogados de Lesiones Personales de Long Beach"},"content":{"rendered":"<div id=\"cs-content\" class=\"cs-content\"><\/div>\n","protected":false},"excerpt":{"rendered":"<p>Abogados de Lesiones Personales de Long Beach Las lesiones graves pueden ser eventos que alteran la vida y te hacen sentir frustrado, vulnerable y preocupado por el futuro. Si alguien m\u00e1s tiene la culpa de tal lesi\u00f3n, usted merece recuperar una compensaci\u00f3n por sus p\u00e9rdidas. Sin embargo, enfrentar el complicado proceso de seguro o el sistema judicial civil solo puede ... <a href=\"https:\/\/www.blairramirezlaw.com\/es\/abogados-de-lesiones-personales-en-long-beach\" class=\"more-link\">Read More<\/a><\/p>\n","protected":false},"author":11,"featured_media":6838,"parent":0,"menu_order":0,"comment_status":"closed","ping_status":"closed","template":"template-blank-4.php","meta":{"_acf_changed":false,"inline_featured_image":false,"footnotes":""},"class_list":["post-1369","page","type-page","status-publish","has-post-thumbnail","hentry"],"acf":[],"yoast_head":"<!-- This site is optimized with the Yoast SEO plugin v27.3 - https:\/\/yoast.com\/product\/yoast-seo-wordpress\/ -->\n<title>Abogados de Lesiones Personales de Long Beach | Blair &amp; Ramirez LLP<\/title>\n<meta name=\"description\" content=\"Nuestro equipo de abogados de lesiones personales en Long Beach est\u00e1 listo para ayudarlo a recuperar la compensaci\u00f3n m\u00e1xima despu\u00e9s de un accidente. Llame para una consulta gratis.\" \/>\n<meta name=\"robots\" content=\"index, follow, max-snippet:-1, max-image-preview:large, max-video-preview:-1\" \/>\n<link rel=\"canonical\" href=\"https:\/\/www.blairramirezlaw.com\/es\/abogados-de-lesiones-personales-en-long-beach\" \/>\n<meta property=\"og:locale\" content=\"es_ES\" \/>\n<meta property=\"og:type\" content=\"article\" \/>\n<meta property=\"og:title\" content=\"Abogados de Lesiones Personales de Long Beach | Blair &amp; Ramirez LLP\" \/>\n<meta property=\"og:description\" content=\"Nuestro equipo de abogados de lesiones personales en Long Beach est\u00e1 listo para ayudarlo a recuperar la compensaci\u00f3n m\u00e1xima despu\u00e9s de un accidente. Llame para una consulta gratis.\" \/>\n<meta property=\"og:url\" content=\"https:\/\/www.blairramirezlaw.com\/es\/abogados-de-lesiones-personales-en-long-beach\" \/>\n<meta property=\"og:site_name\" content=\"Blair &amp; Ramirez LLP\" \/>\n<meta property=\"article:publisher\" content=\"https:\/\/www.facebook.com\/blairramirezlaw\/\" \/>\n<meta property=\"article:modified_time\" content=\"2026-03-03T12:01:06+00:00\" \/>\n<meta property=\"og:image\" content=\"https:\/\/www.blairramirezlaw.com\/wp-content\/uploads\/2025\/05\/Long-Beach-Personal-Injury-Attorneys.webp\" \/>\n<meta name=\"twitter:card\" content=\"summary_large_image\" \/>\n<meta name=\"twitter:image\" content=\"https:\/\/www.blairramirezlaw.com\/wp-content\/uploads\/2025\/05\/Long-Beach-Personal-Injury-Attorneys-1024x580.webp\" \/>\n<meta name=\"twitter:site\" content=\"@blairramirezllp\" \/>\n<meta name=\"twitter:label1\" content=\"Est. reading time\" \/>\n\t<meta name=\"twitter:data1\" content=\"17 minutos\" \/>\n<script type=\"application\/ld+json\" class=\"yoast-schema-graph\">{\"@context\":\"https:\\\/\\\/schema.org\",\"@graph\":[{\"@type\":\"WebPage\",\"@id\":\"https:\\\/\\\/www.blairramirezlaw.com\\\/es\\\/abogados-de-lesiones-personales-en-long-beach\",\"url\":\"https:\\\/\\\/www.blairramirezlaw.com\\\/es\\\/abogados-de-lesiones-personales-en-long-beach\",\"name\":\"Abogados de Lesiones Personales de Long Beach | Blair & Ramirez LLP\",\"isPartOf\":{\"@id\":\"https:\\\/\\\/www.blairramirezlaw.com\\\/es#website\"},\"primaryImageOfPage\":{\"@id\":\"https:\\\/\\\/www.blairramirezlaw.com\\\/es\\\/abogados-de-lesiones-personales-en-long-beach#primaryimage\"},\"image\":{\"@id\":\"https:\\\/\\\/www.blairramirezlaw.com\\\/es\\\/abogados-de-lesiones-personales-en-long-beach#primaryimage\"},\"thumbnailUrl\":\"https:\\\/\\\/www.blairramirezlaw.com\\\/wp-content\\\/uploads\\\/2025\\\/05\\\/Long-Beach-Personal-Injury-Attorneys.webp\",\"datePublished\":\"2020-02-05T17:39:37+00:00\",\"dateModified\":\"2026-03-03T12:01:06+00:00\",\"description\":\"Nuestro equipo de abogados de lesiones personales en Long Beach est\u00e1 listo para ayudarlo a recuperar la compensaci\u00f3n m\u00e1xima despu\u00e9s de un accidente. Llame para una consulta gratis.\",\"breadcrumb\":{\"@id\":\"https:\\\/\\\/www.blairramirezlaw.com\\\/es\\\/abogados-de-lesiones-personales-en-long-beach#breadcrumb\"},\"inLanguage\":\"es\",\"potentialAction\":[{\"@type\":\"ReadAction\",\"target\":[\"https:\\\/\\\/www.blairramirezlaw.com\\\/es\\\/abogados-de-lesiones-personales-en-long-beach\"]}]},{\"@type\":\"ImageObject\",\"inLanguage\":\"es\",\"@id\":\"https:\\\/\\\/www.blairramirezlaw.com\\\/es\\\/abogados-de-lesiones-personales-en-long-beach#primaryimage\",\"url\":\"https:\\\/\\\/www.blairramirezlaw.com\\\/wp-content\\\/uploads\\\/2025\\\/05\\\/Long-Beach-Personal-Injury-Attorneys.webp\",\"contentUrl\":\"https:\\\/\\\/www.blairramirezlaw.com\\\/wp-content\\\/uploads\\\/2025\\\/05\\\/Long-Beach-Personal-Injury-Attorneys.webp\",\"width\":1200,\"height\":680,\"caption\":\"Long Beach Personal Injury Attorneys\"},{\"@type\":\"BreadcrumbList\",\"@id\":\"https:\\\/\\\/www.blairramirezlaw.com\\\/es\\\/abogados-de-lesiones-personales-en-long-beach#breadcrumb\",\"itemListElement\":[{\"@type\":\"ListItem\",\"position\":1,\"name\":\"Home\",\"item\":\"https:\\\/\\\/www.blairramirezlaw.com\\\/es\"},{\"@type\":\"ListItem\",\"position\":2,\"name\":\"Abogados de Lesiones Personales de Long Beach\"}]},{\"@type\":\"WebSite\",\"@id\":\"https:\\\/\\\/www.blairramirezlaw.com\\\/es#website\",\"url\":\"https:\\\/\\\/www.blairramirezlaw.com\\\/es\",\"name\":\"Blair & Ramirez LLP\",\"description\":\"\",\"publisher\":{\"@id\":\"https:\\\/\\\/www.blairramirezlaw.com\\\/es#organization\"},\"potentialAction\":[{\"@type\":\"SearchAction\",\"target\":{\"@type\":\"EntryPoint\",\"urlTemplate\":\"https:\\\/\\\/www.blairramirezlaw.com\\\/es?s={search_term_string}\"},\"query-input\":{\"@type\":\"PropertyValueSpecification\",\"valueRequired\":true,\"valueName\":\"search_term_string\"}}],\"inLanguage\":\"es\"},{\"@type\":\"Organization\",\"@id\":\"https:\\\/\\\/www.blairramirezlaw.com\\\/es#organization\",\"name\":\"Blair & Ramirez LLP\",\"url\":\"https:\\\/\\\/www.blairramirezlaw.com\\\/es\",\"logo\":{\"@type\":\"ImageObject\",\"inLanguage\":\"es\",\"@id\":\"https:\\\/\\\/www.blairramirezlaw.com\\\/es#\\\/schema\\\/logo\\\/image\\\/\",\"url\":\"https:\\\/\\\/www.blairramirezlaw.com\\\/wp-content\\\/uploads\\\/2024\\\/08\\\/BR-logo.jpg\",\"contentUrl\":\"https:\\\/\\\/www.blairramirezlaw.com\\\/wp-content\\\/uploads\\\/2024\\\/08\\\/BR-logo.jpg\",\"width\":2000,\"height\":1045,\"caption\":\"Blair & Ramirez LLP\"},\"image\":{\"@id\":\"https:\\\/\\\/www.blairramirezlaw.com\\\/es#\\\/schema\\\/logo\\\/image\\\/\"},\"sameAs\":[\"https:\\\/\\\/www.facebook.com\\\/blairramirezlaw\\\/\",\"https:\\\/\\\/x.com\\\/blairramirezllp\"]}]}<\/script>\n<!-- \/ Yoast SEO plugin. -->","yoast_head_json":{"title":"Abogados de Lesiones Personales de Long Beach | Blair & Ramirez LLP","description":"Nuestro equipo de abogados de lesiones personales en Long Beach est\u00e1 listo para ayudarlo a recuperar la compensaci\u00f3n m\u00e1xima despu\u00e9s de un accidente. Llame para una consulta gratis.","robots":{"index":"index","follow":"follow","max-snippet":"max-snippet:-1","max-image-preview":"max-image-preview:large","max-video-preview":"max-video-preview:-1"},"canonical":"https:\/\/www.blairramirezlaw.com\/es\/abogados-de-lesiones-personales-en-long-beach","og_locale":"es_ES","og_type":"article","og_title":"Abogados de Lesiones Personales de Long Beach | Blair & Ramirez LLP","og_description":"Nuestro equipo de abogados de lesiones personales en Long Beach est\u00e1 listo para ayudarlo a recuperar la compensaci\u00f3n m\u00e1xima despu\u00e9s de un accidente. Llame para una consulta gratis.","og_url":"https:\/\/www.blairramirezlaw.com\/es\/abogados-de-lesiones-personales-en-long-beach","og_site_name":"Blair &amp; Ramirez LLP","article_publisher":"https:\/\/www.facebook.com\/blairramirezlaw\/","article_modified_time":"2026-03-03T12:01:06+00:00","og_image":[{"url":"https:\/\/www.blairramirezlaw.com\/wp-content\/uploads\/2025\/05\/Long-Beach-Personal-Injury-Attorneys.webp","type":"","width":"","height":""}],"twitter_card":"summary_large_image","twitter_image":"https:\/\/www.blairramirezlaw.com\/wp-content\/uploads\/2025\/05\/Long-Beach-Personal-Injury-Attorneys-1024x580.webp","twitter_site":"@blairramirezllp","twitter_misc":{"Est. reading time":"17 minutos"},"schema":{"@context":"https:\/\/schema.org","@graph":[{"@type":"WebPage","@id":"https:\/\/www.blairramirezlaw.com\/es\/abogados-de-lesiones-personales-en-long-beach","url":"https:\/\/www.blairramirezlaw.com\/es\/abogados-de-lesiones-personales-en-long-beach","name":"Abogados de Lesiones Personales de Long Beach | Blair & Ramirez LLP","isPartOf":{"@id":"https:\/\/www.blairramirezlaw.com\/es#website"},"primaryImageOfPage":{"@id":"https:\/\/www.blairramirezlaw.com\/es\/abogados-de-lesiones-personales-en-long-beach#primaryimage"},"image":{"@id":"https:\/\/www.blairramirezlaw.com\/es\/abogados-de-lesiones-personales-en-long-beach#primaryimage"},"thumbnailUrl":"https:\/\/www.blairramirezlaw.com\/wp-content\/uploads\/2025\/05\/Long-Beach-Personal-Injury-Attorneys.webp","datePublished":"2020-02-05T17:39:37+00:00","dateModified":"2026-03-03T12:01:06+00:00","description":"Nuestro equipo de abogados de lesiones personales en Long Beach est\u00e1 listo para ayudarlo a recuperar la compensaci\u00f3n m\u00e1xima despu\u00e9s de un accidente. Llame para una consulta gratis.","breadcrumb":{"@id":"https:\/\/www.blairramirezlaw.com\/es\/abogados-de-lesiones-personales-en-long-beach#breadcrumb"},"inLanguage":"es","potentialAction":[{"@type":"ReadAction","target":["https:\/\/www.blairramirezlaw.com\/es\/abogados-de-lesiones-personales-en-long-beach"]}]},{"@type":"ImageObject","inLanguage":"es","@id":"https:\/\/www.blairramirezlaw.com\/es\/abogados-de-lesiones-personales-en-long-beach#primaryimage","url":"https:\/\/www.blairramirezlaw.com\/wp-content\/uploads\/2025\/05\/Long-Beach-Personal-Injury-Attorneys.webp","contentUrl":"https:\/\/www.blairramirezlaw.com\/wp-content\/uploads\/2025\/05\/Long-Beach-Personal-Injury-Attorneys.webp","width":1200,"height":680,"caption":"Long Beach Personal Injury Attorneys"},{"@type":"BreadcrumbList","@id":"https:\/\/www.blairramirezlaw.com\/es\/abogados-de-lesiones-personales-en-long-beach#breadcrumb","itemListElement":[{"@type":"ListItem","position":1,"name":"Home","item":"https:\/\/www.blairramirezlaw.com\/es"},{"@type":"ListItem","position":2,"name":"Abogados de Lesiones Personales de Long Beach"}]},{"@type":"WebSite","@id":"https:\/\/www.blairramirezlaw.com\/es#website","url":"https:\/\/www.blairramirezlaw.com\/es","name":"Blair & Ramirez LLP","description":"","publisher":{"@id":"https:\/\/www.blairramirezlaw.com\/es#organization"},"potentialAction":[{"@type":"SearchAction","target":{"@type":"EntryPoint","urlTemplate":"https:\/\/www.blairramirezlaw.com\/es?s={search_term_string}"},"query-input":{"@type":"PropertyValueSpecification","valueRequired":true,"valueName":"search_term_string"}}],"inLanguage":"es"},{"@type":"Organization","@id":"https:\/\/www.blairramirezlaw.com\/es#organization","name":"Blair & Ramirez LLP","url":"https:\/\/www.blairramirezlaw.com\/es","logo":{"@type":"ImageObject","inLanguage":"es","@id":"https:\/\/www.blairramirezlaw.com\/es#\/schema\/logo\/image\/","url":"https:\/\/www.blairramirezlaw.com\/wp-content\/uploads\/2024\/08\/BR-logo.jpg","contentUrl":"https:\/\/www.blairramirezlaw.com\/wp-content\/uploads\/2024\/08\/BR-logo.jpg","width":2000,"height":1045,"caption":"Blair & Ramirez LLP"},"image":{"@id":"https:\/\/www.blairramirezlaw.com\/es#\/schema\/logo\/image\/"},"sameAs":["https:\/\/www.facebook.com\/blairramirezlaw\/","https:\/\/x.com\/blairramirezllp"]}]}},"_links":{"self":[{"href":"https:\/\/www.blairramirezlaw.com\/es\/wp-json\/wp\/v2\/pages\/1369","targetHints":{"allow":["GET"]}}],"collection":[{"href":"https:\/\/www.blairramirezlaw.com\/es\/wp-json\/wp\/v2\/pages"}],"about":[{"href":"https:\/\/www.blairramirezlaw.com\/es\/wp-json\/wp\/v2\/types\/page"}],"author":[{"embeddable":true,"href":"https:\/\/www.blairramirezlaw.com\/es\/wp-json\/wp\/v2\/users\/11"}],"replies":[{"embeddable":true,"href":"https:\/\/www.blairramirezlaw.com\/es\/wp-json\/wp\/v2\/comments?post=1369"}],"version-history":[{"count":0,"href":"https:\/\/www.blairramirezlaw.com\/es\/wp-json\/wp\/v2\/pages\/1369\/revisions"}],"wp:featuredmedia":[{"embeddable":true,"href":"https:\/\/www.blairramirezlaw.com\/es\/wp-json\/wp\/v2\/media\/6838"}],"wp:attachment":[{"href":"https:\/\/www.blairramirezlaw.com\/es\/wp-json\/wp\/v2\/media?parent=1369"}],"curies":[{"name":"wp","href":"https:\/\/api.w.org\/{rel}","templated":true}]}}